{"id":5575,"date":"2026-05-13T14:31:55","date_gmt":"2026-05-13T12:31:55","guid":{"rendered":"https:\/\/draskovicovkastiel.sk\/?page_id=5575"},"modified":"2026-05-13T16:05:18","modified_gmt":"2026-05-13T14:05:18","slug":"expozicie-cachtickeho-muzea","status":"publish","type":"page","link":"https:\/\/draskovicovkastiel.sk\/en\/expozicie-cachtickeho-muzea\/","title":{"rendered":"Expoz\u00edcie \u010cachtick\u00e9ho m\u00fazea"},"content":{"rendered":"<div data-elementor-type=\"wp-page\" data-elementor-id=\"5575\" class=\"elementor elementor-5575\">\n\t\t\t\t\t\t<section class=\"elementor-section elementor-top-section elementor-element elementor-element-5af7bc1 elementor-section-full_width elementor-section-height-default elementor-section-height-default\" data-id=\"5af7bc1\" data-element_type=\"section\" data-e-type=\"section\">\n\t\t\t\t\t\t<div class=\"elementor-container elementor-column-gap-default\">\n\t\t\t\t\t<div class=\"elementor-column elementor-col-100 elementor-top-column elementor-element elementor-element-2aea5b1\" data-id=\"2aea5b1\" data-element_type=\"column\" data-e-type=\"column\">\n\t\t\t<div class=\"elementor-widget-wrap elementor-element-populated\">\n\t\t\t\t\t\t<div class=\"elementor-element elementor-element-48306a6 elementor-widget elementor-widget-section-title\" data-id=\"48306a6\" data-element_type=\"widget\" data-e-type=\"widget\" data-widget_type=\"section-title.default\">\n\t\t\t\t<div class=\"elementor-widget-container\">\n\t\t\t\t\t<div class=\"section-title text-center\">\n      <h6>V srdci malebn\u00fdch \u010cacht\u00edc, len p\u00e1r krokov od sl\u00e1vneho \u010cachtick\u00e9ho hradu, sa t\u00fd\u010di Dra\u0161kovicov ka\u0161tie\u013e \u2013 historick\u00e1 perla, ktor\u00e1 po komplexnej rekon\u0161trukcii znova otvorila svoje br\u00e1ny verejnosti. <\/h6>\n    <h2>Modern\u00e9 m\u00fazeum, ktor\u00e9 mus\u00edte za\u017ei\u0165<\/h2>\n<\/div>\n\t\t\t\t<\/div>\n\t\t\t\t<\/div>\n\t\t\t\t<div class=\"elementor-element elementor-element-2c66bcf elementor-widget elementor-widget-image-box\" data-id=\"2c66bcf\" data-element_type=\"widget\" data-e-type=\"widget\" data-widget_type=\"image-box.default\">\n\t\t\t\t<div class=\"elementor-widget-container\">\n\t\t\t\t\t<figure class=\"image-box\" data-scroll data-scroll-speed=\"\"> <img decoding=\"async\" src=\"https:\/\/draskovicovkastiel.sk\/wp-content\/uploads\/2026\/05\/cachticke-muzeum-pokladna.jpg\" alt=\"Image\"><\/figure>\n\t\t\t\t<\/div>\n\t\t\t\t<\/div>\n\t\t\t\t\t<\/div>\n\t\t<\/div>\n\t\t\t\t\t<\/div>\n\t\t<\/section>\n\t\t\t\t<section class=\"elementor-section elementor-top-section elementor-element elementor-element-2931a80 elementor-section-boxed elementor-section-height-default elementor-section-height-default\" data-id=\"2931a80\" data-element_type=\"section\" data-e-type=\"section\">\n\t\t\t\t\t\t<div class=\"elementor-container elementor-column-gap-default\">\n\t\t\t\t\t<div class=\"elementor-column elementor-col-50 elementor-top-column elementor-element elementor-element-95acef3\" data-id=\"95acef3\" data-element_type=\"column\" data-e-type=\"column\">\n\t\t\t<div class=\"elementor-widget-wrap elementor-element-populated\">\n\t\t\t\t\t\t<div class=\"elementor-element elementor-element-cb3d711 elementor-widget elementor-widget-text-box\" data-id=\"cb3d711\" data-element_type=\"widget\" data-e-type=\"widget\" data-widget_type=\"text-box.default\">\n\t\t\t\t<div class=\"elementor-widget-container\">\n\t\t\t\t\t<div class=\"text-box\" data-scroll data-scroll-speed=\"\">\n       <h2><strong>Atrakt\u00edvne expoz\u00edcie na troch podla\u017eiach<\/strong><\/h2><p>V srdci malebn\u00fdch \u010cacht\u00edc, len p\u00e1r krokov od sl\u00e1vneho \u010cachtick\u00e9ho hradu, sa t\u00fd\u010di Dra\u0161kovicov ka\u0161tie\u013e \u2013 historick\u00e1 perla, ktor\u00e1 po komplexnej rekon\u0161trukcii znova otvorila svoje br\u00e1ny verejnosti. Tento historick\u00fd skvost z konca 17. storo\u010dia, pomenovan\u00fd po chorv\u00e1tskom \u0161\u013eachticovi Mikul\u00e1\u0161i Dra\u0161kovi\u010dovi, dnes sl\u00fa\u017ei ako modern\u00e9 m\u00fazeum a kult\u00farne centrum.<br \/>Ka\u0161tie\u013e, ktor\u00fd v minulosti vlastnili v\u00fdznamn\u00e9 \u0161\u013eachtick\u00e9 rody ako Forg\u00e1\u010dovci \u010di \u010cenkayovci, v rokoch 2021\u20132024 pre\u0161iel kompletnou obnovou v\u010faka grantom z N\u00f3rska, Islandu a Lichten\u0161tajnska. V\u00fdsledkom je unik\u00e1tny priestor, kde sa hist\u00f3ria sn\u00fabi s interaktivitou a modern\u00fdm po\u0148at\u00edm expoz\u00edci\u00ed, jeho n\u00e1v\u0161teva tak nenud\u00ed ani t\u00fdch najn\u00e1ro\u010dnej\u0161\u00edch n\u00e1v\u0161tevn\u00edkov.<br \/>Dra\u0161kovi\u010dov ka\u0161tie\u013e v \u010cachticiach predstavuje novo zrekon\u0161truovan\u00e9 modern\u00e9 m\u00fazeum, ktor\u00e9 prep\u00e1ja historick\u00e9 dedi\u010dstvo s najnov\u0161\u00edmi technol\u00f3giami a s\u00fa\u010dasn\u00fdm pr\u00edstupom k prezent\u00e1cii. V\u010faka citlivej obnove a interakt\u00edvnym prvkom pon\u00faka n\u00e1v\u0161tevn\u00edkom p\u00fatav\u00fd a \u017eiv\u00fd poh\u013ead na dejiny \u010cacht\u00edc a \u0161ir\u0161ieho regi\u00f3nu. Expoz\u00edcie s\u00fa spracovan\u00e9 tak, aby hist\u00f3riu pribli\u017eovali zrozumite\u013ene, atrakt\u00edvne a z\u00e1\u017eitkovo, \u010d\u00edm oslovuj\u00fa \u0161irok\u00fa verejnos\u0165 aj n\u00e1ro\u010dnej\u0161\u00edch n\u00e1v\u0161tevn\u00edkov.<br \/>M\u00fazeum je otvoren\u00e9 celoro\u010dne od utorka do nedele a pon\u00faka jedine\u010dn\u00fa pr\u00edle\u017eitos\u0165 objavi\u0165 miesto, kde sa minulos\u0165 stret\u00e1va s modern\u00fdm z\u00e1\u017eitkom.<\/p>    <\/div>\n\t\t\t\t<\/div>\n\t\t\t\t<\/div>\n\t\t\t\t<div class=\"elementor-element elementor-element-5b068c4 elementor-widget elementor-widget-image-box\" data-id=\"5b068c4\" data-element_type=\"widget\" data-e-type=\"widget\" data-widget_type=\"image-box.default\">\n\t\t\t\t<div class=\"elementor-widget-container\">\n\t\t\t\t\t<figure class=\"image-box\" data-scroll data-scroll-speed=\"\"> <img decoding=\"async\" src=\"https:\/\/draskovicovkastiel.sk\/wp-content\/uploads\/2026\/03\/alzbeta-bathory.jpg\" alt=\"Image\"><\/figure>\n\t\t\t\t<\/div>\n\t\t\t\t<\/div>\n\t\t\t\t<div class=\"elementor-element elementor-element-1a6f0eb elementor-widget elementor-widget-text-box\" data-id=\"1a6f0eb\" data-element_type=\"widget\" data-e-type=\"widget\" data-widget_type=\"text-box.default\">\n\t\t\t\t<div class=\"elementor-widget-container\">\n\t\t\t\t\t<div class=\"text-box\" data-scroll data-scroll-speed=\"\">\n       <p>Al\u017ebeta B\u00e1thoryov\u00e1 (<i>Elizabeth Bathory<\/i>, <i>Erzs\u00e9bet B\u00e1thory<\/i> alebo \u013eudovo <i>b\u00e1tori\u010dka<\/i>, 1560 \u2013 1614) patr\u00ed k najzn\u00e1mej\u0161\u00edm historick\u00fdm osobnostiam strednej Eur\u00f3py. \u017divot Al\u017ebety B\u00e1thoryovej, odohr\u00e1vaj\u00faci sa v obdob\u00ed v\u00fdrazn\u00fdch spolo\u010densk\u00fdch zmien v\u00a0Uhorsku, zanechal hlbok\u00fa stopu v\u00a0dejin\u00e1ch a\u00a0st\u00e1le p\u00fata pozornos\u0165 odbornej aj laickej verejnosti. Jej \u017eivotn\u00e1 cesta je v\u0161ak ove\u013ea bohat\u0161ia a komplexnej\u0161ia, ne\u017e ako ju \u010dasto prezentuj\u00fa popul\u00e1rne legendy, rom\u00e1ny \u010di<b> <\/b>zn\u00e1my<b> <\/b>film B\u00e1thory.<\/p><p>Gr\u00f3fka Al\u017ebeta B\u00e1thoryov\u00e1, zn\u00e1ma ako \u201ekrvav\u00e1 gr\u00f3fka\u201c, sa sp\u00e1ja s legendami, ktor\u00e9 pretrvali st\u00e1ro\u010dia, no s\u00fa\u010dasn\u00e1 m\u00fazejn\u00e1 interpret\u00e1cia ich z\u00e1sadne prehodnocuje. Dne\u0161n\u00e9 modern\u00e9 m\u00fazeum v\u00a0\u010cachticiach prin\u00e1\u0161a obraz o\u00a0tejto najsl\u00e1vnej\u0161ej uhorskej \u0161\u013eachti\u010dnej, ktor\u00fd je zalo\u017een\u00fd na historickej presnej interpret\u00e1cii a\u00a0ktor\u00fd vyrozpr\u00e1va sama Al\u017ebeta B\u00e1thoryov\u00e1 prostredn\u00edctvom hovoriaceho obrazu ka\u017ed\u00e9mu n\u00e1v\u0161tevn\u00edkovi, ktor\u00fd do Dra\u0161kovi\u010dovho ka\u0161tie\u013ea pr\u00edde h\u013eada\u0165 pravdiv\u00fd pr\u00edbeh o\u00a0\u010dachtickej pani.<\/p>    <\/div>\n\t\t\t\t<\/div>\n\t\t\t\t<\/div>\n\t\t\t\t\t<\/div>\n\t\t<\/div>\n\t\t\t\t<div class=\"elementor-column elementor-col-50 elementor-top-column elementor-element elementor-element-da2c072\" data-id=\"da2c072\" data-element_type=\"column\" data-e-type=\"column\">\n\t\t\t<div class=\"elementor-widget-wrap elementor-element-populated\">\n\t\t\t\t\t\t<div class=\"elementor-element elementor-element-66a6ac4 elementor-widget elementor-widget-image-box\" data-id=\"66a6ac4\" data-element_type=\"widget\" data-e-type=\"widget\" data-widget_type=\"image-box.default\">\n\t\t\t\t<div class=\"elementor-widget-container\">\n\t\t\t\t\t<figure class=\"image-box\" data-scroll data-scroll-speed=\"\"> <img decoding=\"async\" src=\"https:\/\/draskovicovkastiel.sk\/wp-content\/uploads\/2026\/05\/draskovicov-kastiel.jpg\" alt=\"Image\"><\/figure>\n\t\t\t\t<\/div>\n\t\t\t\t<\/div>\n\t\t\t\t<div class=\"elementor-element elementor-element-ddcfbc2 elementor-widget elementor-widget-text-box\" data-id=\"ddcfbc2\" data-element_type=\"widget\" data-e-type=\"widget\" data-widget_type=\"text-box.default\">\n\t\t\t\t<div class=\"elementor-widget-container\">\n\t\t\t\t\t<div class=\"text-box\" data-scroll data-scroll-speed=\"\">\n       <h2><strong>Expoz\u00edcie, ktor\u00e9 rozpr\u00e1vaj\u00fa pr\u00edbeh<\/strong><\/h2><p>Jedn\u00fdm z najv\u00e4\u010d\u0161\u00edch l\u00e1kadiel ka\u0161tie\u013ea s\u00fa jeho st\u00e1le expoz\u00edcie rozlo\u017een\u00e9 na viacer\u00fdch podla\u017eiach. Ka\u017ed\u00e9 z nich sa venuje inej vrstve hist\u00f3rie a in\u00e9mu pr\u00edbehu, no v\u0161etky sp\u00e1ja d\u00f4raz na z\u00e1\u017eitkovos\u0165 a zapojenie n\u00e1v\u0161tevn\u00edka.<\/p><h4>Suter\u00e9n \u2013 legenda Al\u017ebety B\u00e1thoryovej a tekut\u00e9 tajomstv\u00e1 \u010cacht\u00edc<\/h4><p>Suter\u00e9n ka\u0161tie\u013ea prirodzene patr\u00ed najtemnej\u0161ej a z\u00e1rove\u0148 najzn\u00e1mej\u0161ej kapitole \u010dachtickej hist\u00f3rie. Expoz\u00edcia venovan\u00e1 Al\u017ebete B\u00e1thoryovej je spracovan\u00e1 citlivo, s d\u00f4razom na historick\u00fd kontext, odl\u00ed\u0161enie m\u00fdtov od overen\u00fdch faktov a odborn\u00fd v\u00fdklad udalost\u00ed.<\/p><p>Dominantou priestoru je hovoriaci obraz, z tor\u00e9ho sa prihov\u00e1ra samotn\u00e1 Al\u017ebeta, a tie\u017e holografick\u00e9 divadlo, ktor\u00e9 patr\u00ed medzi unik\u00e1ty v r\u00e1mci slovensk\u00fdch m\u00faze\u00ed. N\u00e1v\u0161tevn\u00edci sa tu prostredn\u00edctvom vizu\u00e1lne p\u00f4sobiv\u00e9ho pr\u00edbehu zozn\u00e1mia s postavou \u010cachtickej panej, okolnos\u0165ami s\u00fadneho procesu a ot\u00e1zkou, ktor\u00e1 dodnes vyvol\u00e1va diskusie: bola Al\u017ebeta B\u00e1thoryov\u00e1 krvavou gr\u00f3fkou, alebo obe\u0165ou politick\u00fdch hier?<\/p><p><br \/>V unik\u00e1tnych p\u00f4vodn\u00fdch pivni\u010dn\u00fdch priestoroch sa nach\u00e1dza aj expoz\u00edcia venovan\u00e1 vin\u00e1rstvu, ktor\u00e9 m\u00e1 v achtick\u00fdch chot\u00e1roch d\u00e1vnu trad\u00edciu. T\u00fa predstavuje interakt\u00edvna stena venovan\u00e1 pestovaniu v\u00ednnej r\u00e9vy a v\u00fdrobe v\u00edna, ktor\u00e1 odkazuje na vin\u00e1rsku trad\u00edciu regi\u00f3nu.<\/p>    <\/div>\n\t\t\t\t<\/div>\n\t\t\t\t<\/div>\n\t\t\t\t<div class=\"elementor-element elementor-element-e66061d elementor-widget elementor-widget-image-box\" data-id=\"e66061d\" data-element_type=\"widget\" data-e-type=\"widget\" data-widget_type=\"image-box.default\">\n\t\t\t\t<div class=\"elementor-widget-container\">\n\t\t\t\t\t<figure class=\"image-box\" data-scroll data-scroll-speed=\"\"> <img decoding=\"async\" src=\"https:\/\/draskovicovkastiel.sk\/wp-content\/uploads\/2026\/05\/Draskovicov-kastiel-vinarska-vystava.jpg\" alt=\"Image\"><\/figure>\n\t\t\t\t<\/div>\n\t\t\t\t<\/div>\n\t\t\t\t\t<\/div>\n\t\t<\/div>\n\t\t\t\t\t<\/div>\n\t\t<\/section>\n\t\t\t\t<section class=\"elementor-section elementor-top-section elementor-element elementor-element-bc20329 elementor-section-boxed elementor-section-height-default elementor-section-height-default\" data-id=\"bc20329\" data-element_type=\"section\" data-e-type=\"section\">\n\t\t\t\t\t\t<div class=\"elementor-container elementor-column-gap-default\">\n\t\t\t\t\t<div class=\"elementor-column elementor-col-50 elementor-top-column elementor-element elementor-element-e200943\" data-id=\"e200943\" data-element_type=\"column\" data-e-type=\"column\">\n\t\t\t<div class=\"elementor-widget-wrap elementor-element-populated\">\n\t\t\t\t\t\t<div class=\"elementor-element elementor-element-20eb990 elementor-widget elementor-widget-image-box\" data-id=\"20eb990\" data-element_type=\"widget\" data-e-type=\"widget\" data-widget_type=\"image-box.default\">\n\t\t\t\t<div class=\"elementor-widget-container\">\n\t\t\t\t\t<figure class=\"image-box\" data-scroll data-scroll-speed=\"\"> <img decoding=\"async\" src=\"https:\/\/draskovicovkastiel.sk\/wp-content\/uploads\/2026\/05\/Expozicia-v-kastieli-.jpg\" alt=\"Image\"><\/figure>\n\t\t\t\t<\/div>\n\t\t\t\t<\/div>\n\t\t\t\t<div class=\"elementor-element elementor-element-4c2456c elementor-widget elementor-widget-text-box\" data-id=\"4c2456c\" data-element_type=\"widget\" data-e-type=\"widget\" data-widget_type=\"text-box.default\">\n\t\t\t\t<div class=\"elementor-widget-container\">\n\t\t\t\t\t<div class=\"text-box\" data-scroll data-scroll-speed=\"\">\n       <h2><strong>Pr\u00edzemie patr\u00ed hist\u00f3rii regi\u00f3nu<\/strong><\/h2><p>Expoz\u00edcia pribli\u017euje nielen hist\u00f3riu \u010cacht\u00edc, ale aj \u017eivot komun\u00edt, ktor\u00e9 v regi\u00f3ne \u010cacht\u00edc p\u00f4sobili \u2013 R\u00f3mov, Hab\u00e1nov a pripom\u00edna d\u00f4le\u017eit\u00e9 diania \u2013 4. zasadnutie spolku Tatr\u00edn.<\/p><p>Expoz\u00edcia r\u00f3mskej kult\u00fary pribli\u017euje trad\u00edcie, hudbu a ka\u017edodenn\u00fd \u017eivot tejto komunity. Ve\u013ek\u00fd \u00faspech m\u00e1 replika kov\u00e1\u010dskej dielne, kde k n\u00e1v\u0161tevn\u00edkovi prehov\u00e1ra digit\u00e1lny kov\u00e1\u010d a vtiahne ho do rozhovoru o svojej pr\u00e1ci. Tento prvok patr\u00ed medzi najfotografovanej\u0161ie miesta v ka\u0161tieli a potvrdzuje, \u017ee modern\u00e9 technol\u00f3gie m\u00f4\u017eu by\u0165 siln\u00fdm n\u00e1strojom populariz\u00e1cie hist\u00f3rie.<br \/><br \/>Expoz\u00edcia o hab\u00e1nskej keramike predstavuje unik\u00e1tne remeseln\u00e9 umenie n\u00e1bo\u017eenskej komunity, ktor\u00e1 v regi\u00f3ne zanechala v\u00fdrazn\u00fa stopu.<\/p><p>Mimoriadne d\u00f4le\u017eitou udalos\u0165ou v dejin\u00e1ch \u010cacht\u00edc (i Slovenska) bolo 4. zasadnutie spolku Tatr\u00edn v roku 1847. Pr\u00e1ve na \u010dachtickej fare sa zi\u0161li popredn\u00e9 osobnosti vtedaj\u0161ieho n\u00e1rodn\u00e9ho hnutia. Rokovalo sa o pravopise sloven\u010diny, ktor\u00e1 bola \u201epov\u00fd\u0161en\u00e1\u201c na spisovn\u00fd jazyk. D\u00f4le\u017eit\u00e1 n\u00e1rodn\u00e1 t\u00e9ma o slovenskom n\u00e1rodnom hnut\u00ed je n\u00e1v\u0161tevn\u00edkovi predstaven\u00e1 prostredn\u00edctvom zvukov\u00fdch kul\u00eds. Ocitne sa za pootvoren\u00fdmi dverami, ako tich\u00fd svedok rozpravy medzi \u013dudov\u00edtom \u0160t\u00farom, Michalom Miloslavom Hod\u017eom a Jozefom Miloslavom Hurbanom.<\/p>    <\/div>\n\t\t\t\t<\/div>\n\t\t\t\t<\/div>\n\t\t\t\t<div class=\"elementor-element elementor-element-be836c0 elementor-widget elementor-widget-image-box\" data-id=\"be836c0\" data-element_type=\"widget\" data-e-type=\"widget\" data-widget_type=\"image-box.default\">\n\t\t\t\t<div class=\"elementor-widget-container\">\n\t\t\t\t\t<figure class=\"image-box\" data-scroll data-scroll-speed=\"\"> <img decoding=\"async\" src=\"https:\/\/draskovicovkastiel.sk\/wp-content\/uploads\/2026\/05\/expozicia-draskovicov-kastiel.jpg\" alt=\"Image\"><\/figure>\n\t\t\t\t<\/div>\n\t\t\t\t<\/div>\n\t\t\t\t\t<\/div>\n\t\t<\/div>\n\t\t\t\t<div class=\"elementor-column elementor-col-50 elementor-top-column elementor-element elementor-element-e99ec95\" data-id=\"e99ec95\" data-element_type=\"column\" data-e-type=\"column\">\n\t\t\t<div class=\"elementor-widget-wrap elementor-element-populated\">\n\t\t\t\t\t\t<div class=\"elementor-element elementor-element-6e1e9ce elementor-widget elementor-widget-text-box\" data-id=\"6e1e9ce\" data-element_type=\"widget\" data-e-type=\"widget\" data-widget_type=\"text-box.default\">\n\t\t\t\t<div class=\"elementor-widget-container\">\n\t\t\t\t\t<div class=\"text-box\" data-scroll data-scroll-speed=\"\">\n       <h2><strong>Poschodie \u2013 ka\u017edodenn\u00fd \u017eivot minul\u00fdch storo\u010d\u00ed<\/strong><\/h2><p>Na poschod\u00ed ka\u0161tie\u013ea sa n\u00e1v\u0161tevn\u00edk ocitne v \u00faplne inom svete. Vo svete \u0161\u013eachty, teda spolo\u010denskej ktorej tento ka\u0161tie\u013e kedysi patril a ktor\u00e1 v \u0148om viedla svoj rodinn\u00fd \u017eivot. Ten je zobrazen\u00fd aj prostredn\u00edctvom expoz\u00edcie bytovej kult\u00fary \u0161\u013eachty. <br \/>Obrazov\u00e1 gal\u00e9ria, nach\u00e1dzaj\u00faca sa na najvy\u0161\u0161om poschod\u00ed \u013eav\u00e9ho kr\u00eddla ka\u0161tie\u013ea, prezentuje zbierky obrazov Tren\u010dianskeho m\u00fazea v ren\u010d\u00edne. Honosn\u00e1 gal\u00e9ria tie\u017e sl\u00fa\u017ei ako miesto na konanie sob\u00e1\u0161ov \u010di kongresov.<\/p><p>Nech\u00fdba ani poh\u013ead do ob\u00fdvan\u00fdch priestorov \u0161\u013eachty, ktor\u00fd n\u00e1v\u0161tevn\u00edkom umo\u017en\u00ed predstavi\u0165 si, ako vyzeral ka\u017edodenn\u00fd \u017eivot privilegovan\u00fdch vrstiev. Detsk\u00e1 izba, hudobn\u00fd sal\u00f3nik \u010di reprezentat\u00edvne miestnosti vytv\u00e1raj\u00fa plastick\u00fd obraz minulosti.<br \/>V hudobnom sal\u00f3niku si n\u00e1v\u0161tevn\u00edci m\u00f4\u017eu na chv\u00ed\u013eu zahra\u0165 \u00falohu dirigenta, zatia\u013e \u010do najmen\u0161\u00ed objavuj\u00fa hist\u00f3riu prostredn\u00edctvom hier a interakt\u00edvnych prvkov, v\u010faka \u010domu patr\u00ed Dra\u0161kovi\u010dov ka\u0161tie\u013e medzi ide\u00e1lne miesta, kam na v\u00fdlet s de\u0165mi aj ke\u010f pr\u0161\u00ed.<\/p>    <\/div>\n\t\t\t\t<\/div>\n\t\t\t\t<\/div>\n\t\t\t\t<div class=\"elementor-element elementor-element-07e839e elementor-widget elementor-widget-image-box\" data-id=\"07e839e\" data-element_type=\"widget\" data-e-type=\"widget\" data-widget_type=\"image-box.default\">\n\t\t\t\t<div class=\"elementor-widget-container\">\n\t\t\t\t\t<figure class=\"image-box\" data-scroll data-scroll-speed=\"\"> <img decoding=\"async\" src=\"https:\/\/draskovicovkastiel.sk\/wp-content\/uploads\/2026\/05\/Obrazova-sala-po-rekonstrukcii.jpg\" alt=\"Image\"><\/figure>\n\t\t\t\t<\/div>\n\t\t\t\t<\/div>\n\t\t\t\t\t<\/div>\n\t\t<\/div>\n\t\t\t\t\t<\/div>\n\t\t<\/section>\n\t\t\t\t<section class=\"elementor-section elementor-top-section elementor-element elementor-element-39d906a elementor-section-boxed elementor-section-height-default elementor-section-height-default\" data-id=\"39d906a\" data-element_type=\"section\" data-e-type=\"section\">\n\t\t\t\t\t\t<div class=\"elementor-container elementor-column-gap-default\">\n\t\t\t\t\t<div class=\"elementor-column elementor-col-50 elementor-top-column elementor-element elementor-element-eb61c1a\" data-id=\"eb61c1a\" data-element_type=\"column\" data-e-type=\"column\">\n\t\t\t<div class=\"elementor-widget-wrap elementor-element-populated\">\n\t\t\t\t\t\t<div class=\"elementor-element elementor-element-c710d4f elementor-widget elementor-widget-text-box\" data-id=\"c710d4f\" data-element_type=\"widget\" data-e-type=\"widget\" data-widget_type=\"text-box.default\">\n\t\t\t\t<div class=\"elementor-widget-container\">\n\t\t\t\t\t<div class=\"text-box\" data-scroll data-scroll-speed=\"\">\n       <h2><strong>Ka\u0161tie\u013e bez sprievodcu \u2013 modern\u00fd trend m\u00faze\u00ed<\/strong><\/h2><p>Jednou z v\u00fdrazn\u00fdch v\u00fdhod, ktor\u00fa oce\u0148uj\u00fa dom\u00e1ci aj zahrani\u010dn\u00ed n\u00e1v\u0161tevn\u00edci, je mo\u017enos\u0165 prehliadok bez sprievodcu. V\u010faka jasn\u00e9mu naviga\u010dn\u00e9mu syst\u00e9mu, interakt\u00edvnym m\u00e9di\u00e1m a viacjazy\u010dn\u00e9mu obsahu si ka\u017ed\u00fd m\u00f4\u017ee zvoli\u0165 vlastn\u00e9 tempo objavovania.<br \/>Tento koncept v\u00fdrazne roz\u0161iruje cie\u013eov\u00fa skupinu ka\u0161tie\u013ea \u2013 od individu\u00e1lnych turistov cez rodiny a\u017e po \u0161kolsk\u00e9 v\u00fdlety a zahrani\u010dn\u00fdch n\u00e1v\u0161tevn\u00edkov, ktor\u00ed h\u013eadaj\u00fa slovensk\u00e9 ka\u0161tiele otvoren\u00e9 po\u010das celej sez\u00f3ny.<\/p><p>\u00a0<\/p>    <\/div>\n\t\t\t\t<\/div>\n\t\t\t\t<\/div>\n\t\t\t\t\t<\/div>\n\t\t<\/div>\n\t\t\t\t<div class=\"elementor-column elementor-col-50 elementor-top-column elementor-element elementor-element-400e9c1\" data-id=\"400e9c1\" data-element_type=\"column\" data-e-type=\"column\">\n\t\t\t<div class=\"elementor-widget-wrap elementor-element-populated\">\n\t\t\t\t\t\t<div class=\"elementor-element elementor-element-7d84ad5 elementor-widget elementor-widget-text-box\" data-id=\"7d84ad5\" data-element_type=\"widget\" data-e-type=\"widget\" data-widget_type=\"text-box.default\">\n\t\t\t\t<div class=\"elementor-widget-container\">\n\t\t\t\t\t<div class=\"text-box\" data-scroll data-scroll-speed=\"\">\n       <h2><strong>S\u00fa\u010dasn\u00e9 dianie a podujatia v Dra\u0161kovi\u010dovom ka\u0161tieli<\/strong><\/h2><p>Od svojho otvorenia sa Dra\u0161kovi\u010dov ka\u0161tie\u013e postupne etabloval aj ako akt\u00edvne kult\u00farne centrum. Ka\u017ed\u00e1 sez\u00f3na prin\u00e1\u0161a nov\u00e9 podujatia a programy, ktor\u00e9 pracuj\u00fa s historick\u00fdmi t\u00e9mami, ale aj so s\u00fa\u010dasn\u00fdm publikom.<br \/>V\u010faka svojej polohe je ka\u0161tie\u013e \u010doraz \u010dastej\u0161ie zaradzovan\u00fd medzi tipy \u201ekam na v\u00fdlet v okol\u00ed Tren\u010d\u00edna\u201c, \u010di u\u017e ide o jednod\u0148ov\u00fd v\u00fdlet, v\u00edkendov\u00fd pobyt alebo kombin\u00e1ciu s n\u00e1v\u0161tevou \u010cachtick\u00e9ho hradu.<\/p>    <\/div>\n\t\t\t\t<\/div>\n\t\t\t\t<\/div>\n\t\t\t\t\t<\/div>\n\t\t<\/div>\n\t\t\t\t\t<\/div>\n\t\t<\/section>\n\t\t\t\t<\/div>","protected":false},"excerpt":{"rendered":"<p>V srdci malebn\u00fdch \u010cacht\u00edc, len p\u00e1r krokov od sl\u00e1vneho \u010cachtick\u00e9ho hradu, sa t\u00fd\u010di Dra\u0161kovicov ka\u0161tie\u013e \u2013 historick\u00e1 perla, ktor\u00e1 po komplexnej rekon\u0161trukcii znova otvorila svoje br\u00e1ny verejnosti. Modern\u00e9 m\u00fazeum, ktor\u00e9 mus\u00edte za\u017ei\u0165 Atrakt\u00edvne expoz\u00edcie na troch podla\u017eiach V srdci malebn\u00fdch \u010cacht\u00edc, len p\u00e1r krokov od sl\u00e1vneho \u010cachtick\u00e9ho hradu, sa t\u00fd\u010di Dra\u0161kovicov ka\u0161tie\u013e \u2013 historick\u00e1 perla, [&hellip;]<\/p>\n","protected":false},"author":4,"featured_media":0,"parent":0,"menu_order":0,"comment_status":"closed","ping_status":"closed","template":"elementor_theme","meta":{"footnotes":""},"class_list":["post-5575","page","type-page","status-publish","hentry"],"_links":{"self":[{"href":"https:\/\/draskovicovkastiel.sk\/en\/wp-json\/wp\/v2\/pages\/5575","targetHints":{"allow":["GET"]}}],"collection":[{"href":"https:\/\/draskovicovkastiel.sk\/en\/wp-json\/wp\/v2\/pages"}],"about":[{"href":"https:\/\/draskovicovkastiel.sk\/en\/wp-json\/wp\/v2\/types\/page"}],"author":[{"embeddable":true,"href":"https:\/\/draskovicovkastiel.sk\/en\/wp-json\/wp\/v2\/users\/4"}],"replies":[{"embeddable":true,"href":"https:\/\/draskovicovkastiel.sk\/en\/wp-json\/wp\/v2\/comments?post=5575"}],"version-history":[{"count":7,"href":"https:\/\/draskovicovkastiel.sk\/en\/wp-json\/wp\/v2\/pages\/5575\/revisions"}],"predecessor-version":[{"id":5583,"href":"https:\/\/draskovicovkastiel.sk\/en\/wp-json\/wp\/v2\/pages\/5575\/revisions\/5583"}],"wp:attachment":[{"href":"https:\/\/draskovicovkastiel.sk\/en\/wp-json\/wp\/v2\/media?parent=5575"}],"curies":[{"name":"wp","href":"https:\/\/api.w.org\/{rel}","templated":true}]}}