{"id":5513,"date":"2026-04-25T08:00:55","date_gmt":"2026-04-25T06:00:55","guid":{"rendered":"https:\/\/draskovicovkastiel.sk\/?page_id=5513"},"modified":"2026-04-25T09:04:53","modified_gmt":"2026-04-25T07:04:53","slug":"sobas-v-draskovicovom-kastieli-romanticka-svadba-v-historickom-prostredi","status":"publish","type":"page","link":"https:\/\/draskovicovkastiel.sk\/en\/sobas-v-draskovicovom-kastieli-romanticka-svadba-v-historickom-prostredi\/","title":{"rendered":"Sob\u00e1\u0161 v Dra\u0161kovi\u010dovom ka\u0161tieli \u2013 romantick\u00e1 svadba v historickom prostred\u00ed"},"content":{"rendered":"<div data-elementor-type=\"wp-page\" data-elementor-id=\"5513\" class=\"elementor elementor-5513\">\n\t\t\t\t\t\t<section class=\"elementor-section elementor-top-section elementor-element elementor-element-5af7bc1 elementor-section-full_width elementor-section-height-default elementor-section-height-default\" data-id=\"5af7bc1\" data-element_type=\"section\" data-e-type=\"section\">\n\t\t\t\t\t\t<div class=\"elementor-container elementor-column-gap-default\">\n\t\t\t\t\t<div class=\"elementor-column elementor-col-100 elementor-top-column elementor-element elementor-element-2aea5b1\" data-id=\"2aea5b1\" data-element_type=\"column\" data-e-type=\"column\">\n\t\t\t<div class=\"elementor-widget-wrap elementor-element-populated\">\n\t\t\t\t\t\t<div class=\"elementor-element elementor-element-48306a6 elementor-widget elementor-widget-section-title\" data-id=\"48306a6\" data-element_type=\"widget\" data-e-type=\"widget\" data-widget_type=\"section-title.default\">\n\t\t\t\t<div class=\"elementor-widget-container\">\n\t\t\t\t\t<div class=\"section-title text-center\">\n      <h6>H\u013ead\u00e1te v\u00fdnimo\u010dn\u00e9 miesto na sob\u00e1\u0161 v ka\u0161tieli na Slovensku alebo priamo ka\u0161tie\u013e na svadbu v Tren\u010dianskom kraji? Dra\u0161kovi\u010dov ka\u0161tie\u013e v \u010cachticiach patr\u00ed medzi vyh\u013ead\u00e1van\u00e9 historick\u00e9 priestory na svadobn\u00fd obrad. Pon\u00faka noblesn\u00fa atmosf\u00e9ru, autentick\u00e9 historick\u00e9 prostredie a ide\u00e1lne podmienky pre civiln\u00fd sob\u00e1\u0161 v ka\u0161tieli.<\/h6>\n    <h2>Sob\u00e1\u0161 v Dra\u0161kovi\u010dovom ka\u0161tieli \u2013 romantick\u00e1 svadba v historickom prostred\u00ed<\/h2>\n<\/div>\n\t\t\t\t<\/div>\n\t\t\t\t<\/div>\n\t\t\t\t<div class=\"elementor-element elementor-element-2c66bcf elementor-widget elementor-widget-image-box\" data-id=\"2c66bcf\" data-element_type=\"widget\" data-e-type=\"widget\" data-widget_type=\"image-box.default\">\n\t\t\t\t<div class=\"elementor-widget-container\">\n\t\t\t\t\t<figure class=\"image-box\" data-scroll data-scroll-speed=\"\"> <img decoding=\"async\" src=\"https:\/\/draskovicovkastiel.sk\/wp-content\/uploads\/2026\/04\/svadba-kastiel-draskovic.jpeg\" alt=\"Image\"><\/figure>\n\t\t\t\t<\/div>\n\t\t\t\t<\/div>\n\t\t\t\t\t<\/div>\n\t\t<\/div>\n\t\t\t\t\t<\/div>\n\t\t<\/section>\n\t\t\t\t<section class=\"elementor-section elementor-top-section elementor-element elementor-element-2931a80 elementor-section-boxed elementor-section-height-default elementor-section-height-default\" data-id=\"2931a80\" data-element_type=\"section\" data-e-type=\"section\">\n\t\t\t\t\t\t<div class=\"elementor-container elementor-column-gap-default\">\n\t\t\t\t\t<div class=\"elementor-column elementor-col-50 elementor-top-column elementor-element elementor-element-95acef3\" data-id=\"95acef3\" data-element_type=\"column\" data-e-type=\"column\">\n\t\t\t<div class=\"elementor-widget-wrap elementor-element-populated\">\n\t\t\t\t\t\t<div class=\"elementor-element elementor-element-cb3d711 elementor-widget elementor-widget-text-box\" data-id=\"cb3d711\" data-element_type=\"widget\" data-e-type=\"widget\" data-widget_type=\"text-box.default\">\n\t\t\t\t<div class=\"elementor-widget-container\">\n\t\t\t\t\t<div class=\"text-box\" data-scroll data-scroll-speed=\"\">\n       <h2><strong>Pre\u010do si vybra\u0165 sob\u00e1\u0161 v ka\u0161tieli v \u010cachticiach<\/strong><\/h2><p>Sob\u00e1\u0161 v historickom ka\u0161tieli je \u010doraz popul\u00e1rnej\u0161ou vo\u013ebou pre p\u00e1ry, ktor\u00e9 h\u013eadaj\u00fa romantick\u00e9, reprezentat\u00edvne a z\u00e1rove\u0148 komorn\u00e9 miesto. <br \/>Dra\u0161kovi\u010dov ka\u0161tie\u013e v\u00a0\u010cachticiach prin\u00e1\u0161a pre sn\u00fabencov romantick\u00fa atmosf\u00e9ru aj praktick\u00e9 v\u00fdhody, ktor\u00e9 ocenia v\u00a0ich ve\u013ek\u00fd de\u0148: <br \/>historick\u00e9 priestory ka\u0161tie\u013ea do 17. storo\u010dia, kompletne rekon\u0161truovan\u00e9 v roku 2024,<br \/>\u2022 sob\u00e1\u0161na sie\u0148, ktor\u00e1 je z\u00e1rove\u0148 obrazovou gal\u00e9riou s\u00a0origin\u00e1lnymi historick\u00fdmi obrazmi,<br \/>\u2022 v\u00fdnimo\u010dn\u00fa atmosf\u00e9ru a\u00a0priestor pamiatky na zhotovenie v\u00fdnimo\u010dn\u00fdch fotografi\u00ed<br \/>\u2022 pokojn\u00e9 prostredie obce \u010cachtice s\u00a0jej z\u00e1zem\u00edm,<br \/>\u2022 v\u00fdborn\u00fa dostupnos\u0165 pre svadob\u010danov a bezplatn\u00e9 parkovanie.<br \/>Ka\u017ed\u00fd sob\u00e1\u0161 v ka\u0161tieli m\u00e1 vlastn\u00fd pr\u00edbeh a st\u00e1va sa prirodzenou s\u00fa\u010das\u0165ou hist\u00f3rie tohto miesta. Pridajte svoj pr\u00edbeh l\u00e1sky do hist\u00f3rie Dra\u0161kovi\u010dovho ka\u0161tie\u013ea a\u00a0vp\u00ed\u0161te svoj s\u013eub l\u00e1sky natrvalo do jeho m\u00farov.<br \/>Civiln\u00fd sob\u00e1\u0161 v Dra\u0161kovi\u010dovom ka\u0161tieli<br \/>Priestory ka\u0161tie\u013ea s\u00fa vhodn\u00e9 pre civiln\u00e9 sob\u00e1\u0161e. Obrad sa kon\u00e1 v obrazovej gal\u00e9rii, ktor\u00e1 poskytuje d\u00f4stojn\u00e9, kult\u00farne a vizu\u00e1lne pr\u00ed\u0165a\u017eliv\u00e9 prostredie pre svadobn\u00fd obrad.<br \/>Sob\u00e1\u0161e sa uskuto\u010d\u0148uj\u00fa v r\u00e1mci otv\u00e1rac\u00edch hod\u00edn ka\u0161tie\u013ea, denne okrem pondelka.<\/p>    <\/div>\n\t\t\t\t<\/div>\n\t\t\t\t<\/div>\n\t\t\t\t<div class=\"elementor-element elementor-element-5b068c4 elementor-widget elementor-widget-image-box\" data-id=\"5b068c4\" data-element_type=\"widget\" data-e-type=\"widget\" data-widget_type=\"image-box.default\">\n\t\t\t\t<div class=\"elementor-widget-container\">\n\t\t\t\t\t<figure class=\"image-box\" data-scroll data-scroll-speed=\"\"> <img decoding=\"async\" src=\"https:\/\/draskovicovkastiel.sk\/wp-content\/uploads\/2026\/04\/svadba-kastiel.jpeg\" alt=\"Image\"><\/figure>\n\t\t\t\t<\/div>\n\t\t\t\t<\/div>\n\t\t\t\t<div class=\"elementor-element elementor-element-4c2456c elementor-widget elementor-widget-text-box\" data-id=\"4c2456c\" data-element_type=\"widget\" data-e-type=\"widget\" data-widget_type=\"text-box.default\">\n\t\t\t\t<div class=\"elementor-widget-container\">\n\t\t\t\t\t<div class=\"text-box\" data-scroll data-scroll-speed=\"\">\n       <h2><strong>Komfort pre svadob\u010danov<\/strong><\/h2><p>Dra\u0161kovi\u010dov ka\u0161tie\u013e pon\u00faka praktick\u00e9 rie\u0161enia, ktor\u00e9 zvy\u0161uj\u00fa komfort svadobn\u00e9ho d\u0148a:<br \/>\u2022 mo\u017enos\u0165 bo\u010dn\u00e9ho s\u00fakromn\u00e9ho vstupu priamo do obrazovej gal\u00e9rie pre svadob\u010danov,<br \/>\u2022 bezplatn\u00e9 parkovanie pri ka\u0161tieli pre host\u00ed,<br \/>\u2022 pokojn\u00e9 prostredie bez ru\u0161iv\u00fdch vplyvov.<br \/>Tento koncept oce\u0148uj\u00fa najm\u00e4 p\u00e1ry, ktor\u00e9 uprednost\u0148uj\u00fa diskr\u00e9tny a d\u00f4stojn\u00fd svadobn\u00fd obrad.<br \/>Svadob\u010dania m\u00f4\u017eu na vstup do ka\u0161tie\u013ea vyu\u017ei\u0165 aj hlavn\u00fd vchod, s pomp\u00e9znym vstupom priamo z\u00a0n\u00e1mestia po schodoch z\u00e1hrady.<\/p>    <\/div>\n\t\t\t\t<\/div>\n\t\t\t\t<\/div>\n\t\t\t\t<div class=\"elementor-element elementor-element-e6f23fe elementor-widget elementor-widget-image-box\" data-id=\"e6f23fe\" data-element_type=\"widget\" data-e-type=\"widget\" data-widget_type=\"image-box.default\">\n\t\t\t\t<div class=\"elementor-widget-container\">\n\t\t\t\t\t<figure class=\"image-box\" data-scroll data-scroll-speed=\"\"> <img decoding=\"async\" src=\"https:\/\/draskovicovkastiel.sk\/wp-content\/uploads\/2026\/04\/svadba-cachtice.jpeg\" alt=\"Image\"><\/figure>\n\t\t\t\t<\/div>\n\t\t\t\t<\/div>\n\t\t\t\t<div class=\"elementor-element elementor-element-f80f0a0 elementor-widget elementor-widget-text-box\" data-id=\"f80f0a0\" data-element_type=\"widget\" data-e-type=\"widget\" data-widget_type=\"text-box.default\">\n\t\t\t\t<div class=\"elementor-widget-container\">\n\t\t\t\t\t<div class=\"text-box\" data-scroll data-scroll-speed=\"\">\n       <p><em><strong>Doprajte si sob\u00e1\u0161 v historickom prostred\u00ed, kde sa v\u00fdnimo\u010dn\u00fd okamih v\u00e1\u0161ho \u017eivota spoj\u00ed s atmosf\u00e9rou Dra\u0161kovi\u010dovho ka\u0161tie\u013ea a stane sa nezabudnute\u013enou spomienkou.<\/strong><\/em><\/p>    <\/div>\n\t\t\t\t<\/div>\n\t\t\t\t<\/div>\n\t\t\t\t\t<\/div>\n\t\t<\/div>\n\t\t\t\t<div class=\"elementor-column elementor-col-50 elementor-top-column elementor-element elementor-element-da2c072\" data-id=\"da2c072\" data-element_type=\"column\" data-e-type=\"column\">\n\t\t\t<div class=\"elementor-widget-wrap elementor-element-populated\">\n\t\t\t\t\t\t<div class=\"elementor-element elementor-element-ddcfbc2 elementor-widget elementor-widget-text-box\" data-id=\"ddcfbc2\" data-element_type=\"widget\" data-e-type=\"widget\" data-widget_type=\"text-box.default\">\n\t\t\t\t<div class=\"elementor-widget-container\">\n\t\t\t\t\t<div class=\"text-box\" data-scroll data-scroll-speed=\"\">\n       <h2><strong>Pren\u00e1jom priestorov na sob\u00e1\u0161 \u2013 cena a podmienky<\/strong><\/h2><p>Za pren\u00e1jom v cene 250 \u20ac si sn\u00fabenci m\u00f4\u017eu prenaja\u0165 obrazov\u00fa gal\u00e9riu Dra\u0161kovi\u010dovho ka\u0161tie\u013ea, ktor\u00e1 zah\u0155\u0148a:<br \/>\u2022 pripraven\u00e9 pohodln\u00e9 sedenie pre svadob\u010danov,<br \/>\u2022 technick\u00e9 z\u00e1zemie pre priebeh obradu,<br \/>\u2022 mo\u017enos\u0165 fotografovania v interi\u00e9roch aj exteri\u00e9roch ka\u0161tie\u013ea,<br \/>\u2022 reprezentat\u00edvne priestory vhodn\u00e9 na svadobn\u00fa fotografiu v historickom prostred\u00ed<br \/>\u2022 mo\u017enos\u0165 naaran\u017eova\u0165 si prostredie sob\u00e1\u0161nej siene pod\u013ea predst\u00e1v sn\u00fabencov.<\/p>    <\/div>\n\t\t\t\t<\/div>\n\t\t\t\t<\/div>\n\t\t\t\t<div class=\"elementor-element elementor-element-66a6ac4 elementor-widget elementor-widget-image-box\" data-id=\"66a6ac4\" data-element_type=\"widget\" data-e-type=\"widget\" data-widget_type=\"image-box.default\">\n\t\t\t\t<div class=\"elementor-widget-container\">\n\t\t\t\t\t<figure class=\"image-box\" data-scroll data-scroll-speed=\"\"> <img decoding=\"async\" src=\"https:\/\/draskovicovkastiel.sk\/wp-content\/uploads\/2026\/04\/svadba-kastiel-cachtice.jpeg\" alt=\"Image\"><\/figure>\n\t\t\t\t<\/div>\n\t\t\t\t<\/div>\n\t\t\t\t<div class=\"elementor-element elementor-element-6e1e9ce elementor-widget elementor-widget-text-box\" data-id=\"6e1e9ce\" data-element_type=\"widget\" data-e-type=\"widget\" data-widget_type=\"text-box.default\">\n\t\t\t\t<div class=\"elementor-widget-container\">\n\t\t\t\t\t<div class=\"text-box\" data-scroll data-scroll-speed=\"\">\n       <h2><strong>Fotografovanie a svadobn\u00e1 fotografia v ka\u0161tieli<\/strong><\/h2><p>Svadobn\u00e1 fotografia v ka\u0161tieli patr\u00ed medzi najv\u00fdznamnej\u0161ie benefity tohto miesta. Historick\u00e9 interi\u00e9ry, architektonick\u00e9 detaily a exteri\u00e9r ka\u0161tie\u013ea s\u00a0revitalizovanou parkovou z\u00e1hradou vytv\u00e1raj\u00fa nad\u010dasov\u00e9 pozadie pre svadobn\u00e9 fotografie a\u00a0celkovo nezabudnute\u013en\u00fd z\u00e1\u017eitok zo svadobn\u00e9ho obradu.<br \/>Fotenie je v r\u00e1mci pren\u00e1jmu povolen\u00e9:<br \/>\u2022 v obrazovej gal\u00e9rii,<br \/>\u2022 v \u010fal\u0161\u00edch interi\u00e9rov\u00fdch priestoroch,<br \/>\u2022 v exteri\u00e9ri ka\u0161tie\u013ea a\u00a0parkovej z\u00e1hrade.<br \/>V\u00fdsledkom s\u00fa elegantn\u00e9, romantick\u00e9 a autentick\u00e9 svadobn\u00e9 sn\u00edmky, ktor\u00e9 bud\u00fa man\u017eelom pripom\u00edna\u0165 ich de\u0148 s ve\u013ek\u00fdm D.<\/p>    <\/div>\n\t\t\t\t<\/div>\n\t\t\t\t<\/div>\n\t\t\t\t<div class=\"elementor-element elementor-element-8ec1d61 elementor-widget elementor-widget-text-box\" data-id=\"8ec1d61\" data-element_type=\"widget\" data-e-type=\"widget\" data-widget_type=\"text-box.default\">\n\t\t\t\t<div class=\"elementor-widget-container\">\n\t\t\t\t\t<div class=\"text-box\" data-scroll data-scroll-speed=\"\">\n       <h2><strong>Ako si objedna\u0165 sob\u00e1\u0161 v ka\u0161tieli<\/strong><\/h2><p>Ak m\u00e1te z\u00e1ujem o sob\u00e1\u0161 v Dra\u0161kovi\u010dovom ka\u0161tieli, odpor\u00fa\u010dame v\u010dasn\u00fa rezerv\u00e1ciu term\u00ednu. Pri dopyte pros\u00edme uvies\u0165 po\u017eadovan\u00fd d\u00e1tum sob\u00e1\u0161a, \u2022 predpokladan\u00fd po\u010det host\u00ed, kontakt na sn\u00fabencov.<\/p><p>Kontaktujte n\u00e1s priamo mailom na adrese: <a href=\"mailto:info@draskovicovkastiel.sk\">info@draskovicovkastiel.sk<\/a>, telefonicky po\u010das otv\u00e1rac\u00edch hod\u00edn na \u010d\u00edsle +421 901 456 063, alebo jednoducho vypl\u0148te n\u00e1\u0161 kontaktn\u00fd formul\u00e1r a my sa s Vami spoj\u00edme a spolo\u010dne zlad\u00edme v\u0161etky d\u00f4le\u017eit\u00e9 detaily pre V\u00e1\u0161 ve\u013ek\u00fd de\u0148.<\/p>    <\/div>\n\t\t\t\t<\/div>\n\t\t\t\t<\/div>\n\t\t\t\t<div class=\"elementor-element elementor-element-509784b elementor-widget elementor-widget-contact-form7\" data-id=\"509784b\" data-element_type=\"widget\" data-e-type=\"widget\" data-widget_type=\"contact-form7.default\">\n\t\t\t\t<div class=\"elementor-widget-container\">\n\t\t\t\t\t  \n<div class=\"wpcf7 no-js\" id=\"wpcf7-f5498-o1\" lang=\"sk-SK\" dir=\"ltr\" data-wpcf7-id=\"5498\">\n<div class=\"screen-reader-response\"><p role=\"status\" aria-live=\"polite\" aria-atomic=\"true\"><\/p> <ul><\/ul><\/div>\n<form action=\"\/en\/wp-json\/wp\/v2\/pages\/5513#wpcf7-f5498-o1\" method=\"post\" class=\"wpcf7-form init\" aria-label=\"Kontaktn\u00fd formul\u00e1r\" novalidate=\"novalidate\" data-status=\"init\" data-trp-original-action=\"\/en\/wp-json\/wp\/v2\/pages\/5513#wpcf7-f5498-o1\">\n<fieldset class=\"hidden-fields-container\"><input type=\"hidden\" name=\"_wpcf7\" value=\"5498\" \/><input type=\"hidden\" name=\"_wpcf7_version\" value=\"6.1.5\" \/><input type=\"hidden\" name=\"_wpcf7_locale\" value=\"sk_SK\" \/><input type=\"hidden\" name=\"_wpcf7_unit_tag\" value=\"wpcf7-f5498-o1\" \/><input type=\"hidden\" name=\"_wpcf7_container_post\" value=\"0\" \/><input type=\"hidden\" name=\"_wpcf7_posted_data_hash\" value=\"\" \/>\n<\/fieldset>\n<p><label> Meno, Priezvisko\/Organiz\u00e1cia<br \/>\n<span class=\"wpcf7-form-control-wrap\" data-name=\"your-name\"><input size=\"40\" maxlength=\"400\" class=\"wpcf7-form-control wpcf7-text wpcf7-validates-as-required\" aria-required=\"true\" aria-invalid=\"false\" value=\"\" type=\"text\" name=\"your-name\" \/><\/span> <\/label><br \/>\n<label> Phone number<br \/>\n<span class=\"wpcf7-form-control-wrap\" data-name=\"your-phone\"><input size=\"40\" maxlength=\"400\" class=\"wpcf7-form-control wpcf7-tel wpcf7-validates-as-required wpcf7-text wpcf7-validates-as-tel\" aria-required=\"true\" aria-invalid=\"false\" value=\"\" type=\"tel\" name=\"your-phone\" \/><\/span> <\/label><br \/>\n<label> Email<br \/>\n<span class=\"wpcf7-form-control-wrap\" data-name=\"your-email\"><input size=\"40\" maxlength=\"400\" class=\"wpcf7-form-control wpcf7-email wpcf7-validates-as-required wpcf7-text wpcf7-validates-as-email\" autocomplete=\"email\" aria-required=\"true\" aria-invalid=\"false\" value=\"\" type=\"email\" name=\"your-email\" \/><\/span> <\/label>\n<\/p>\n<p><label> M\u00e1m z\u00e1ujem o:<br \/>\n<span class=\"wpcf7-form-control-wrap\" data-name=\"interest\"><select class=\"wpcf7-form-control wpcf7-select wpcf7-validates-as-required\" aria-required=\"true\" aria-invalid=\"false\" name=\"interest\"><option value=\"Vyberte mo\u017enos\u0165\">Vyberte mo\u017enos\u0165<\/option><option value=\"Skupinov\u00fa prehliadku\">Skupinov\u00fa prehliadku<\/option><option value=\"Vzdel\u00e1vac\u00ed program pre \u0161koly\">Vzdel\u00e1vac\u00ed program pre \u0161koly<\/option><option value=\"Pren\u00e1jom priestoru\">Pren\u00e1jom priestoru<\/option><option value=\"Sob\u00e1\u0161 v ka\u0161tieli\">Sob\u00e1\u0161 v ka\u0161tieli<\/option><option value=\"Fotografovanie v ka\u0161tieli\">Fotografovanie v ka\u0161tieli<\/option><option value=\"In\u00e9\">In\u00e9<\/option><\/select><\/span> <\/label>\n<\/p>\n<p><label> Dopl\u0148uj\u00face inform\u00e1cie k va\u0161ej po\u017eiadavke<br \/>\n<span class=\"wpcf7-form-control-wrap\" data-name=\"your-message\"><textarea cols=\"40\" rows=\"10\" maxlength=\"2000\" class=\"wpcf7-form-control wpcf7-textarea\" aria-invalid=\"false\" name=\"your-message\"><\/textarea><\/span> <\/label>\n<\/p>\n<div style=\"position: absolute; left: -9999px;\">\n\t<p><span class=\"wpcf7-form-control-wrap\" data-name=\"honeypot-field\"><input size=\"40\" maxlength=\"400\" class=\"wpcf7-form-control wpcf7-text\" aria-invalid=\"false\" value=\"\" type=\"text\" name=\"honeypot-field\" \/><\/span>\n\t<\/p>\n<\/div>\n<p><input class=\"wpcf7-form-control wpcf7-submit has-spinner\" type=\"submit\" value=\"Send\" \/>\n<\/p><div class=\"wpcf7-response-output\" aria-hidden=\"true\"><\/div>\n<input type=\"hidden\" name=\"trp-form-language\" value=\"en\"\/><\/form>\n<\/div>\n  \t\t\t\t<\/div>\n\t\t\t\t<\/div>\n\t\t\t\t\t<\/div>\n\t\t<\/div>\n\t\t\t\t\t<\/div>\n\t\t<\/section>\n\t\t\t\t<section class=\"elementor-section elementor-top-section elementor-element elementor-element-bc20329 elementor-section-boxed elementor-section-height-default elementor-section-height-default\" data-id=\"bc20329\" data-element_type=\"section\" data-e-type=\"section\">\n\t\t\t\t\t\t<div class=\"elementor-container elementor-column-gap-default\">\n\t\t\t\t\t<div class=\"elementor-column elementor-col-50 elementor-top-column elementor-element elementor-element-e200943\" data-id=\"e200943\" data-element_type=\"column\" data-e-type=\"column\">\n\t\t\t<div class=\"elementor-widget-wrap\">\n\t\t\t\t\t\t\t<\/div>\n\t\t<\/div>\n\t\t\t\t<div class=\"elementor-column elementor-col-50 elementor-top-column elementor-element elementor-element-e99ec95\" data-id=\"e99ec95\" data-element_type=\"column\" data-e-type=\"column\">\n\t\t\t<div class=\"elementor-widget-wrap\">\n\t\t\t\t\t\t\t<\/div>\n\t\t<\/div>\n\t\t\t\t\t<\/div>\n\t\t<\/section>\n\t\t\t\t<section class=\"elementor-section elementor-top-section elementor-element elementor-element-823a171 elementor-section-boxed elementor-section-height-default elementor-section-height-default\" data-id=\"823a171\" data-element_type=\"section\" data-e-type=\"section\">\n\t\t\t\t\t\t<div class=\"elementor-container elementor-column-gap-default\">\n\t\t\t\t\t<div class=\"elementor-column elementor-col-100 elementor-top-column elementor-element elementor-element-d212ee0\" data-id=\"d212ee0\" data-element_type=\"column\" data-e-type=\"column\">\n\t\t\t<div class=\"elementor-widget-wrap\">\n\t\t\t\t\t\t\t<\/div>\n\t\t<\/div>\n\t\t\t\t\t<\/div>\n\t\t<\/section>\n\t\t\t\t<section class=\"elementor-section elementor-top-section elementor-element elementor-element-3fc6c26 elementor-section-boxed elementor-section-height-default elementor-section-height-default\" data-id=\"3fc6c26\" data-element_type=\"section\" data-e-type=\"section\">\n\t\t\t\t\t\t<div class=\"elementor-container elementor-column-gap-default\">\n\t\t\t\t\t<div class=\"elementor-column elementor-col-100 elementor-top-column elementor-element elementor-element-156b093\" data-id=\"156b093\" data-element_type=\"column\" data-e-type=\"column\">\n\t\t\t<div class=\"elementor-widget-wrap\">\n\t\t\t\t\t\t\t<\/div>\n\t\t<\/div>\n\t\t\t\t\t<\/div>\n\t\t<\/section>\n\t\t\t\t<\/div>","protected":false},"excerpt":{"rendered":"<p>H\u013ead\u00e1te v\u00fdnimo\u010dn\u00e9 miesto na sob\u00e1\u0161 v ka\u0161tieli na Slovensku alebo priamo ka\u0161tie\u013e na svadbu v Tren\u010dianskom kraji? Dra\u0161kovi\u010dov ka\u0161tie\u013e v \u010cachticiach patr\u00ed medzi vyh\u013ead\u00e1van\u00e9 historick\u00e9 priestory na svadobn\u00fd obrad. Pon\u00faka noblesn\u00fa atmosf\u00e9ru, autentick\u00e9 historick\u00e9 prostredie a ide\u00e1lne podmienky pre civiln\u00fd sob\u00e1\u0161 v ka\u0161tieli. Sob\u00e1\u0161 v Dra\u0161kovi\u010dovom ka\u0161tieli \u2013 romantick\u00e1 svadba v historickom prostred\u00ed Pre\u010do si [&hellip;]<\/p>\n","protected":false},"author":4,"featured_media":0,"parent":0,"menu_order":0,"comment_status":"closed","ping_status":"closed","template":"elementor_theme","meta":{"footnotes":""},"class_list":["post-5513","page","type-page","status-publish","hentry"],"_links":{"self":[{"href":"https:\/\/draskovicovkastiel.sk\/en\/wp-json\/wp\/v2\/pages\/5513","targetHints":{"allow":["GET"]}}],"collection":[{"href":"https:\/\/draskovicovkastiel.sk\/en\/wp-json\/wp\/v2\/pages"}],"about":[{"href":"https:\/\/draskovicovkastiel.sk\/en\/wp-json\/wp\/v2\/types\/page"}],"author":[{"embeddable":true,"href":"https:\/\/draskovicovkastiel.sk\/en\/wp-json\/wp\/v2\/users\/4"}],"replies":[{"embeddable":true,"href":"https:\/\/draskovicovkastiel.sk\/en\/wp-json\/wp\/v2\/comments?post=5513"}],"version-history":[{"count":25,"href":"https:\/\/draskovicovkastiel.sk\/en\/wp-json\/wp\/v2\/pages\/5513\/revisions"}],"predecessor-version":[{"id":5546,"href":"https:\/\/draskovicovkastiel.sk\/en\/wp-json\/wp\/v2\/pages\/5513\/revisions\/5546"}],"wp:attachment":[{"href":"https:\/\/draskovicovkastiel.sk\/en\/wp-json\/wp\/v2\/media?parent=5513"}],"curies":[{"name":"wp","href":"https:\/\/api.w.org\/{rel}","templated":true}]}}