{"id":5446,"date":"2026-04-10T15:13:52","date_gmt":"2026-04-10T13:13:52","guid":{"rendered":"https:\/\/draskovicovkastiel.sk\/?page_id=5446"},"modified":"2026-04-10T15:32:02","modified_gmt":"2026-04-10T13:32:02","slug":"draskovicov-kastiel-idealny-tip-kam-na-vylet-s-detmi","status":"publish","type":"page","link":"https:\/\/draskovicovkastiel.sk\/en\/draskovicov-kastiel-idealny-tip-kam-na-vylet-s-detmi\/","title":{"rendered":"Dra\u0161kovi\u010dov ka\u0161tie\u013e: ide\u00e1lny tip, kam na v\u00fdlet s de\u0165mi"},"content":{"rendered":"<div data-elementor-type=\"wp-page\" data-elementor-id=\"5446\" class=\"elementor elementor-5446\">\n\t\t\t\t\t\t<section class=\"elementor-section elementor-top-section elementor-element elementor-element-5af7bc1 elementor-section-full_width elementor-section-height-default elementor-section-height-default\" data-id=\"5af7bc1\" data-element_type=\"section\" data-e-type=\"section\">\n\t\t\t\t\t\t<div class=\"elementor-container elementor-column-gap-default\">\n\t\t\t\t\t<div class=\"elementor-column elementor-col-100 elementor-top-column elementor-element elementor-element-2aea5b1\" data-id=\"2aea5b1\" data-element_type=\"column\" data-e-type=\"column\">\n\t\t\t<div class=\"elementor-widget-wrap elementor-element-populated\">\n\t\t\t\t\t\t<div class=\"elementor-element elementor-element-48306a6 elementor-widget elementor-widget-section-title\" data-id=\"48306a6\" data-element_type=\"widget\" data-e-type=\"widget\" data-widget_type=\"section-title.default\">\n\t\t\t\t<div class=\"elementor-widget-container\">\n\t\t\t\t\t<div class=\"section-title text-center\">\n      <h6>Dra\u0161kovi\u010dov ka\u0161tie\u013e patr\u00ed medzi najlep\u0161ie tipy, kam na v\u00fdlet s de\u0165mi v Tren\u010dianskom kraji. Ide o modern\u00e9 m\u00fazeum, ktor\u00e9 dok\u00e1\u017ee zauja\u0165 deti aj dospel\u00fdch \u2013 \u010di u\u017e h\u013ead\u00e1te oddychov\u00fd program, alebo zmyslupln\u00fd v\u00fdlet spojen\u00fd so spozn\u00e1van\u00edm.<\/h6>\n    <h2>Dra\u0161kovi\u010dov ka\u0161tie\u013e: ide\u00e1lny tip, kam na v\u00fdlet s de\u0165mi<\/h2>\n<\/div>\n\t\t\t\t<\/div>\n\t\t\t\t<\/div>\n\t\t\t\t<div class=\"elementor-element elementor-element-2c66bcf elementor-widget elementor-widget-image-box\" data-id=\"2c66bcf\" data-element_type=\"widget\" data-e-type=\"widget\" data-widget_type=\"image-box.default\">\n\t\t\t\t<div class=\"elementor-widget-container\">\n\t\t\t\t\t<figure class=\"image-box\" data-scroll data-scroll-speed=\"\"> <img decoding=\"async\" src=\"https:\/\/draskovicovkastiel.sk\/wp-content\/uploads\/2026\/04\/Kam-na-vylet-s-detmi-na-cely-den-Cachtice.jpg\" alt=\"Image\"><\/figure>\n\t\t\t\t<\/div>\n\t\t\t\t<\/div>\n\t\t\t\t\t<\/div>\n\t\t<\/div>\n\t\t\t\t\t<\/div>\n\t\t<\/section>\n\t\t\t\t<section class=\"elementor-section elementor-top-section elementor-element elementor-element-2931a80 elementor-section-boxed elementor-section-height-default elementor-section-height-default\" data-id=\"2931a80\" data-element_type=\"section\" data-e-type=\"section\">\n\t\t\t\t\t\t<div class=\"elementor-container elementor-column-gap-default\">\n\t\t\t\t\t<div class=\"elementor-column elementor-col-50 elementor-top-column elementor-element elementor-element-95acef3\" data-id=\"95acef3\" data-element_type=\"column\" data-e-type=\"column\">\n\t\t\t<div class=\"elementor-widget-wrap elementor-element-populated\">\n\t\t\t\t\t\t<div class=\"elementor-element elementor-element-cb3d711 elementor-widget elementor-widget-text-box\" data-id=\"cb3d711\" data-element_type=\"widget\" data-e-type=\"widget\" data-widget_type=\"text-box.default\">\n\t\t\t\t<div class=\"elementor-widget-container\">\n\t\t\t\t\t<div class=\"text-box\" data-scroll data-scroll-speed=\"\">\n       <p>Modern\u00e1 expoz\u00edcia doplnen\u00e1 o nov\u00e9 technol\u00f3gie je navrhnut\u00e1 tak, aby:<br \/>\u2022 bola vizu\u00e1lne p\u00fatav\u00e1,<br \/>\u2022 deti prirodzene zaujala,<br \/>\u2022 a z\u00e1rove\u0148 rodi\u010dom pon\u00fakla kvalitn\u00fd kult\u00farny z\u00e1\u017eitok.<br \/>V\u010faka tomu je ka\u0161tie\u013e ide\u00e1lnym rie\u0161en\u00edm aj vtedy, ke\u010f h\u013ead\u00e1te kam na v\u00fdlet s de\u0165mi, ke\u010f pr\u0161\u00ed alebo po\u010das chladnej\u0161\u00edch dn\u00ed.<\/p>    <\/div>\n\t\t\t\t<\/div>\n\t\t\t\t<\/div>\n\t\t\t\t<div class=\"elementor-element elementor-element-5b068c4 elementor-widget elementor-widget-image-box\" data-id=\"5b068c4\" data-element_type=\"widget\" data-e-type=\"widget\" data-widget_type=\"image-box.default\">\n\t\t\t\t<div class=\"elementor-widget-container\">\n\t\t\t\t\t<figure class=\"image-box\" data-scroll data-scroll-speed=\"\"> <img decoding=\"async\" src=\"https:\/\/draskovicovkastiel.sk\/wp-content\/uploads\/2026\/04\/Pribeh-Alzbety-Bathoryovej-\u2013-putavo-aj-pre-rodiny.jpg\" alt=\"Image\"><\/figure>\n\t\t\t\t<\/div>\n\t\t\t\t<\/div>\n\t\t\t\t<div class=\"elementor-element elementor-element-1a6f0eb elementor-widget elementor-widget-text-box\" data-id=\"1a6f0eb\" data-element_type=\"widget\" data-e-type=\"widget\" data-widget_type=\"text-box.default\">\n\t\t\t\t<div class=\"elementor-widget-container\">\n\t\t\t\t\t<div class=\"text-box\" data-scroll data-scroll-speed=\"\">\n       <h3>Pr\u00edbeh Al\u017ebety B\u00e1thoryovej \u2013 p\u00fatavo aj pre rodiny<\/h3><p>\u010cachtice s\u00fa zn\u00e1me aj legendou o Al\u017ebete B\u00e1thoryovej. V ka\u0161tieli je jej pr\u00edbeh spracovan\u00fd citlivo a moderne \u2013 bez stra\u0161enia, ale s d\u00f4razom na historick\u00e9 s\u00favislosti.<br \/>Pre star\u0161ie deti a \u0161kol\u00e1kov je t\u00e1to expoz\u00edcia:<br \/>\u2022 zauj\u00edmav\u00e1,<br \/>\u2022 vzdel\u00e1vacia,<br \/>\u2022 a spracovan\u00e1 z\u00e1\u017eitkovou formou.<\/p>    <\/div>\n\t\t\t\t<\/div>\n\t\t\t\t<\/div>\n\t\t\t\t\t<\/div>\n\t\t<\/div>\n\t\t\t\t<div class=\"elementor-column elementor-col-50 elementor-top-column elementor-element elementor-element-da2c072\" data-id=\"da2c072\" data-element_type=\"column\" data-e-type=\"column\">\n\t\t\t<div class=\"elementor-widget-wrap elementor-element-populated\">\n\t\t\t\t\t\t<div class=\"elementor-element elementor-element-ddcfbc2 elementor-widget elementor-widget-text-box\" data-id=\"ddcfbc2\" data-element_type=\"widget\" data-e-type=\"widget\" data-widget_type=\"text-box.default\">\n\t\t\t\t<div class=\"elementor-widget-container\">\n\t\t\t\t\t<div class=\"text-box\" data-scroll data-scroll-speed=\"\">\n       <h3>Star\u00e9 hra\u010dky \u2013 hist\u00f3ria, ktor\u00e1 deti bav\u00ed<\/h3><p>Ve\u013ek\u00fdm prekvapen\u00edm pre rodiny s\u00fa historick\u00e9 hra\u010dky, s ktor\u00fdmi sa kedysi hr\u00e1vali deti \u0161\u013eachty. Deti tak m\u00f4\u017eu porovna\u0165 svoje hry s t\u00fdm, ako vyzeralo detstvo pred stovkami rokov.<br \/>T\u00e1to \u010das\u0165 expoz\u00edcie:<br \/>\u2022 zaujme aj men\u0161ie deti,<br \/>\u2022 podporuje detsk\u00fa zvedavos\u0165,<br \/>\u2022 pon\u00faka k\u00fatik na hranie s hra\u010dkami, s ktor\u00fdmi sa kedysi hr\u00e1vali deti \u0161\u013eachtick\u00fdch rod\u00edn a<br \/>\u2022 vytv\u00e1ra pr\u00edjemn\u00fa t\u00e9mu na rodinn\u00fd rozhovor.<br \/>Aj v\u010faka t\u00fdmto prvkom patr\u00ed Dra\u0161kovi\u010dov ka\u0161tie\u013e medzi miesta, ktor\u00e9 rodi\u010dia \u010dasto vyh\u013ead\u00e1vaj\u00fa a odpor\u00fa\u010daj\u00fa ako tip kam na v\u00fdlet s de\u0165mi na Slovensku.<\/p>    <\/div>\n\t\t\t\t<\/div>\n\t\t\t\t<\/div>\n\t\t\t\t<div class=\"elementor-element elementor-element-66a6ac4 elementor-widget elementor-widget-image-box\" data-id=\"66a6ac4\" data-element_type=\"widget\" data-e-type=\"widget\" data-widget_type=\"image-box.default\">\n\t\t\t\t<div class=\"elementor-widget-container\">\n\t\t\t\t\t<figure class=\"image-box\" data-scroll data-scroll-speed=\"\"> <img decoding=\"async\" src=\"https:\/\/draskovicovkastiel.sk\/wp-content\/uploads\/2026\/04\/vylet-do-cachtic.jpg\" alt=\"Image\"><\/figure>\n\t\t\t\t<\/div>\n\t\t\t\t<\/div>\n\t\t\t\t\t<\/div>\n\t\t<\/div>\n\t\t\t\t\t<\/div>\n\t\t<\/section>\n\t\t\t\t<section class=\"elementor-section elementor-top-section elementor-element elementor-element-bc20329 elementor-section-boxed elementor-section-height-default elementor-section-height-default\" data-id=\"bc20329\" data-element_type=\"section\" data-e-type=\"section\">\n\t\t\t\t\t\t<div class=\"elementor-container elementor-column-gap-default\">\n\t\t\t\t\t<div class=\"elementor-column elementor-col-50 elementor-top-column elementor-element elementor-element-e200943\" data-id=\"e200943\" data-element_type=\"column\" data-e-type=\"column\">\n\t\t\t<div class=\"elementor-widget-wrap elementor-element-populated\">\n\t\t\t\t\t\t<div class=\"elementor-element elementor-element-4c2456c elementor-widget elementor-widget-text-box\" data-id=\"4c2456c\" data-element_type=\"widget\" data-e-type=\"widget\" data-widget_type=\"text-box.default\">\n\t\t\t\t<div class=\"elementor-widget-container\">\n\t\t\t\t\t<div class=\"text-box\" data-scroll data-scroll-speed=\"\">\n       <h3>Tvoriv\u00e9 dielne pre deti \u2013 v\u00edkendov\u00fd program v Dra\u0161kovi\u010dovom ka\u0161tieli<\/h3><p>Ak h\u013ead\u00e1te kam na v\u00fdlet s de\u0165mi cez v\u00edkend, Dra\u0161kovi\u010dov ka\u0161tie\u013e pon\u00faka viac ne\u017e len st\u00e1le expoz\u00edcie. Po\u010das vybran\u00fdch v\u00edkendov a pr\u00e1zdninov\u00fdch dn\u00ed sa tu konaj\u00fa aj tvoriv\u00e9 dielne s m\u00fazejn\u00fdm pedag\u00f3gom, ktor\u00e9 s\u00fa ur\u010den\u00e9 pre deti r\u00f4znych vekov\u00fdch kateg\u00f3ri\u00ed.<br \/>Deti si na diel\u0148ach:<br \/>\u2022 vysk\u00fa\u0161aj\u00fa tvoriv\u00e9 aktivity in\u0161pirovan\u00e9 hist\u00f3riou a expoz\u00edciou,<br \/>\u2022 nau\u010dia sa nov\u00e9 zru\u010dnosti hravou formou,<br \/>\u2022 zapoja fant\u00e1ziu a kreativitu,<br \/>\u2022 a z\u00e1rove\u0148 sa nen\u00e1silne dozvedia viac o \u017eivote v minulosti.<br \/>Tvoriv\u00e9 dielne s\u00fa ob\u013e\u00faben\u00fdm spestren\u00edm n\u00e1v\u0161tevy a robia z Dra\u0161kovi\u010dovho ka\u0161tie\u013ea ide\u00e1lne miesto, kam \u00eds\u0165 s de\u0165mi cez v\u00edkend alebo po\u010das pr\u00e1zdnin. Pre rodi\u010dov je v\u00fdhodou, \u017ee deti s\u00fa akt\u00edvne zapojen\u00e9, bavia sa a v\u00fdlet m\u00e1 aj vzdel\u00e1vac\u00ed rozmer.<\/p>    <\/div>\n\t\t\t\t<\/div>\n\t\t\t\t<\/div>\n\t\t\t\t<div class=\"elementor-element elementor-element-270f00c elementor-widget elementor-widget-image-box\" data-id=\"270f00c\" data-element_type=\"widget\" data-e-type=\"widget\" data-widget_type=\"image-box.default\">\n\t\t\t\t<div class=\"elementor-widget-container\">\n\t\t\t\t\t<figure class=\"image-box\" data-scroll data-scroll-speed=\"\"> <img decoding=\"async\" src=\"https:\/\/draskovicovkastiel.sk\/wp-content\/uploads\/2026\/04\/Preco-zaradit-Cachtice-medzi-rodinne-vylety.jpg\" alt=\"Image\"><\/figure>\n\t\t\t\t<\/div>\n\t\t\t\t<\/div>\n\t\t\t\t\t<\/div>\n\t\t<\/div>\n\t\t\t\t<div class=\"elementor-column elementor-col-50 elementor-top-column elementor-element elementor-element-e99ec95\" data-id=\"e99ec95\" data-element_type=\"column\" data-e-type=\"column\">\n\t\t\t<div class=\"elementor-widget-wrap elementor-element-populated\">\n\t\t\t\t\t\t<div class=\"elementor-element elementor-element-6e1e9ce elementor-widget elementor-widget-text-box\" data-id=\"6e1e9ce\" data-element_type=\"widget\" data-e-type=\"widget\" data-widget_type=\"text-box.default\">\n\t\t\t\t<div class=\"elementor-widget-container\">\n\t\t\t\t\t<div class=\"text-box\" data-scroll data-scroll-speed=\"\">\n       <h3>Kam na v\u00fdlet s de\u0165mi na cel\u00fd de\u0148? \u010cachtice s\u00fa skvelou vo\u013ebou, ktor\u00e1 pon\u00faka z\u00e1\u017eitky pre cel\u00fa rodinu<\/h3><p>Ak rozm\u00fd\u0161\u013eate, kam na v\u00fdlet s de\u0165mi, kde sa spoja z\u00e1\u017eitky, hist\u00f3ria, pohyb aj oddych, \u010cachtice s\u00fa v\u00fdbornou vo\u013ebou. T\u00e1to obec v regi\u00f3ne Tren\u010d\u00edna pon\u00faka mno\u017estvo atrakci\u00ed pre rodiny s de\u0165mi a je ide\u00e1lnym miestom na v\u00edkendov\u00fd v\u00fdlet, pr\u00e1zdniny aj spont\u00e1nny rodinn\u00fd v\u00fdlet.<br \/>Jednou z hlavn\u00fdch zast\u00e1vok, ktor\u00fa by ste pri pl\u00e1novan\u00ed v\u00fdletu s de\u0165mi rozhodne nemali vynecha\u0165, je \u010dachtick\u00e9 m\u00fazeum Dra\u0161kovi\u010dov ka\u0161tie\u013e v \u010cachticiach, ktor\u00fd v\u00e1s pr\u00edjemne nalad\u00ed, roz\u0161\u00edri poznatky o obci a jej minulosti a podnieti zvedavos\u0165 objavova\u0165 t\u00fato obec. <br \/>Ak h\u013ead\u00e1te kam na v\u00fdlet s de\u0165mi na cel\u00fd de\u0148, \u010cachtice pon\u00fakaj\u00fa ide\u00e1lnu kombin\u00e1ciu z\u00e1\u017eitkov.<\/p>    <\/div>\n\t\t\t\t<\/div>\n\t\t\t\t<\/div>\n\t\t\t\t<div class=\"elementor-element elementor-element-f7a1c31 elementor-widget elementor-widget-image-box\" data-id=\"f7a1c31\" data-element_type=\"widget\" data-e-type=\"widget\" data-widget_type=\"image-box.default\">\n\t\t\t\t<div class=\"elementor-widget-container\">\n\t\t\t\t\t<figure class=\"image-box\" data-scroll data-scroll-speed=\"\"> <img decoding=\"async\" src=\"https:\/\/draskovicovkastiel.sk\/wp-content\/uploads\/2026\/04\/Stare-hracky-\u2013-historia-ktora-deti-bavi.jpg\" alt=\"Image\"><\/figure>\n\t\t\t\t<\/div>\n\t\t\t\t<\/div>\n\t\t\t\t\t<\/div>\n\t\t<\/div>\n\t\t\t\t\t<\/div>\n\t\t<\/section>\n\t\t\t\t<section class=\"elementor-section elementor-top-section elementor-element elementor-element-39d906a elementor-section-boxed elementor-section-height-default elementor-section-height-default\" data-id=\"39d906a\" data-element_type=\"section\" data-e-type=\"section\">\n\t\t\t\t\t\t<div class=\"elementor-container elementor-column-gap-default\">\n\t\t\t\t\t<div class=\"elementor-column elementor-col-50 elementor-top-column elementor-element elementor-element-eb61c1a\" data-id=\"eb61c1a\" data-element_type=\"column\" data-e-type=\"column\">\n\t\t\t<div class=\"elementor-widget-wrap elementor-element-populated\">\n\t\t\t\t\t\t<div class=\"elementor-element elementor-element-c710d4f elementor-widget elementor-widget-text-box\" data-id=\"c710d4f\" data-element_type=\"widget\" data-e-type=\"widget\" data-widget_type=\"text-box.default\">\n\t\t\t\t<div class=\"elementor-widget-container\">\n\t\t\t\t\t<div class=\"text-box\" data-scroll data-scroll-speed=\"\">\n       <h3>Vl\u00e1\u010dik priamo od ka\u0161tie\u013ea na \u010cachtick\u00fd hrad<\/h3><p>Ve\u013ek\u00fdm l\u00e1kadlom pre deti je turistick\u00fd vl\u00e1\u010dik, ktor\u00fd odch\u00e1dza priamo spred Dra\u0161kovi\u010dovho ka\u0161tie\u013ea a vezie n\u00e1v\u0161tevn\u00edkov a\u017e pod \u010cachtick\u00fd hrad. Jazda vl\u00e1\u010dikom je z\u00e1\u017eitok sama o sebe a v\u00fdborne dop\u013a\u0148a n\u00e1v\u0161tevu ka\u0161tie\u013ea. Z\u00e1rove\u0148 sa deti ani dospel\u00ed neunavia, a ostan\u00fa im sily na \u010fal\u0161ie objavovanie okolia.<\/p>    <\/div>\n\t\t\t\t<\/div>\n\t\t\t\t<\/div>\n\t\t\t\t\t<\/div>\n\t\t<\/div>\n\t\t\t\t<div class=\"elementor-column elementor-col-50 elementor-top-column elementor-element elementor-element-400e9c1\" data-id=\"400e9c1\" data-element_type=\"column\" data-e-type=\"column\">\n\t\t\t<div class=\"elementor-widget-wrap elementor-element-populated\">\n\t\t\t\t\t\t<div class=\"elementor-element elementor-element-5831344 elementor-widget elementor-widget-text-box\" data-id=\"5831344\" data-element_type=\"widget\" data-e-type=\"widget\" data-widget_type=\"text-box.default\">\n\t\t\t\t<div class=\"elementor-widget-container\">\n\t\t\t\t\t<div class=\"text-box\" data-scroll data-scroll-speed=\"\">\n       <h3>\u010cachtick\u00fd hrad \u2013 dobrodru\u017estvo nad obcou<\/h3><p>Nad obcou \u010cachtice sa t\u00fd\u010di ikonick\u00e1 zr\u00facanina \u010cachtick\u00e9ho hradu, ktor\u00e1 je ob\u013e\u00faben\u00fdm cie\u013eom rodinn\u00fdch v\u00fdletov. Pri objavovan\u00ed \u010cachtick\u00e9ho hradu sa deti prirodzene zoznamuj\u00fa s jeho hist\u00f3riou aj s legendou Al\u017ebety B\u00e1thoryovej, ktor\u00e1 je s hradom \u00fazko sp\u00e4t\u00e1. M\u00f4\u017eu presk\u00famava\u0165 zvy\u0161ky hradn\u00fdch m\u00farov a ve\u017e\u00ed, predstavi\u0165 si, ako sa tu kedysi \u017eilo, a hravou formou sp\u00e1ja\u0165 poznatky z m\u00fazea s re\u00e1lnym miestom, kde sa historick\u00e9 pr\u00edbehy odohr\u00e1vali. V\u010faka tomu sa pre deti hist\u00f3ria men\u00ed na z\u00e1\u017eitok a dobrodru\u017estvo, nie len na v\u00fdklad.<\/p>    <\/div>\n\t\t\t\t<\/div>\n\t\t\t\t<\/div>\n\t\t\t\t\t<\/div>\n\t\t<\/div>\n\t\t\t\t\t<\/div>\n\t\t<\/section>\n\t\t\t\t<section class=\"elementor-section elementor-top-section elementor-element elementor-element-823a171 elementor-section-boxed elementor-section-height-default elementor-section-height-default\" data-id=\"823a171\" data-element_type=\"section\" data-e-type=\"section\">\n\t\t\t\t\t\t<div class=\"elementor-container elementor-column-gap-default\">\n\t\t\t\t\t<div class=\"elementor-column elementor-col-100 elementor-top-column elementor-element elementor-element-d212ee0\" data-id=\"d212ee0\" data-element_type=\"column\" data-e-type=\"column\">\n\t\t\t<div class=\"elementor-widget-wrap elementor-element-populated\">\n\t\t\t\t\t\t<div class=\"elementor-element elementor-element-8ec1d61 elementor-widget elementor-widget-text-box\" data-id=\"8ec1d61\" data-element_type=\"widget\" data-e-type=\"widget\" data-widget_type=\"text-box.default\">\n\t\t\t\t<div class=\"elementor-widget-container\">\n\t\t\t\t\t<div class=\"text-box\" data-scroll data-scroll-speed=\"\">\n       <h2>Ob\u010derstvenie a slu\u017eby \u2013 pohodlie pre rodiny<\/h2><p>Pri pl\u00e1novan\u00ed v\u00fdletu je d\u00f4le\u017eit\u00e9 aj z\u00e1zemie. V \u010cachticiach a bl\u00edzkom okol\u00ed n\u00e1jdete:<br \/>\u2022 re\u0161taur\u00e1cie vhodn\u00e9 pre rodiny,<br \/>\u2022 kaviarne,<br \/>\u2022 zmrzlinu, ktor\u00fa deti ur\u010dite ocenia po v\u00fdlete,<br \/>\u2022 z\u00e1kladn\u00e9 slu\u017eby dostupn\u00e9 v pe\u0161ej vzdialenosti.<br \/>V\u010faka tomu sa nemus\u00edte pres\u00fava\u0165 do in\u00fdch miest a v\u00fdlet si u\u017eijete bez stresu.<\/p>    <\/div>\n\t\t\t\t<\/div>\n\t\t\t\t<\/div>\n\t\t\t\t\t<\/div>\n\t\t<\/div>\n\t\t\t\t\t<\/div>\n\t\t<\/section>\n\t\t\t\t<section class=\"elementor-section elementor-top-section elementor-element elementor-element-eb2699a elementor-section-boxed elementor-section-height-default elementor-section-height-default\" data-id=\"eb2699a\" data-element_type=\"section\" data-e-type=\"section\">\n\t\t\t\t\t\t<div class=\"elementor-container elementor-column-gap-default\">\n\t\t\t\t\t<div class=\"elementor-column elementor-col-50 elementor-top-column elementor-element elementor-element-8c9d21f\" data-id=\"8c9d21f\" data-element_type=\"column\" data-e-type=\"column\">\n\t\t\t<div class=\"elementor-widget-wrap elementor-element-populated\">\n\t\t\t\t\t\t<div class=\"elementor-element elementor-element-b48027f elementor-widget elementor-widget-text-box\" data-id=\"b48027f\" data-element_type=\"widget\" data-e-type=\"widget\" data-widget_type=\"text-box.default\">\n\t\t\t\t<div class=\"elementor-widget-container\">\n\t\t\t\t\t<div class=\"text-box\" data-scroll data-scroll-speed=\"\">\n       <h2>Samozber ovocia v \u010cachticiach<\/h2><p>V sez\u00f3ne si rodiny m\u00f4\u017eu u\u017ei\u0165 aj samozber ovocia v okol\u00ed \u010cacht\u00edc. Ide o ob\u013e\u00faben\u00fa aktivitu, ktor\u00e1 sp\u00e1ja pobyt v pr\u00edrode a z\u00e1bavu pre deti a z\u00e1rove\u0148 podporuje lok\u00e1lnych pestovate\u013eov. \u010cachtice s\u00fa zn\u00e1me aj svojou ovocin\u00e1rskou trad\u00edciou \u2013 v sadoch nad obcou sa pestuj\u00fa najm\u00e4 marhule, broskyne a jablk\u00e1, ktor\u00e9 dotv\u00e1raj\u00fa charakter krajiny a ich n\u00e1v\u0161teva dod\u00e1va rodinn\u00e9ho v\u00fdletu osobit\u00e9 \u010daro.<\/p><p>Detsk\u00e9 ihrisko priamo v obci<br \/>V centre obce sa nach\u00e1dza detsk\u00e9 ihrisko, kde si deti odd\u00fdchnu a rodi\u010dia m\u00f4\u017eu na chv\u00ed\u013eu spomali\u0165.<\/p>    <\/div>\n\t\t\t\t<\/div>\n\t\t\t\t<\/div>\n\t\t\t\t\t<\/div>\n\t\t<\/div>\n\t\t\t\t<div class=\"elementor-column elementor-col-50 elementor-top-column elementor-element elementor-element-63591e6\" data-id=\"63591e6\" data-element_type=\"column\" data-e-type=\"column\">\n\t\t\t<div class=\"elementor-widget-wrap elementor-element-populated\">\n\t\t\t\t\t\t<div class=\"elementor-element elementor-element-6b2def1 elementor-widget elementor-widget-text-box\" data-id=\"6b2def1\" data-element_type=\"widget\" data-e-type=\"widget\" data-widget_type=\"text-box.default\">\n\t\t\t\t<div class=\"elementor-widget-container\">\n\t\t\t\t\t<div class=\"text-box\" data-scroll data-scroll-speed=\"\">\n       <h3>Ako sa do \u010cacht\u00edc dosta\u0165?<\/h3><p>Jednoducho a pohodlne - \u010cachtice s\u00fa v\u00fdborne dostupn\u00e9 pre rodiny s de\u0165mi:<br \/>\u2022 autom \u2013 s bezplatn\u00fdm parkovan\u00edm priamo pri Dra\u0161kovi\u010dovom ka\u0161tieli,<br \/>\u2022 Autobusom z Nov\u00e9ho Mesta nad V\u00e1hom aj z Pie\u0161\u0165an,<br \/>\u2022 na bicykli \u2013 obec je vhodn\u00e1 aj pre cyklov\u00fdlet.<br \/>T\u00e1to dostupnos\u0165 rob\u00ed z \u010cacht\u00edc ide\u00e1lnu odpove\u010f na ot\u00e1zku kam na v\u00fdlet s de\u0165mi bez komplik\u00e1ci\u00ed.<\/p>    <\/div>\n\t\t\t\t<\/div>\n\t\t\t\t<\/div>\n\t\t\t\t\t<\/div>\n\t\t<\/div>\n\t\t\t\t\t<\/div>\n\t\t<\/section>\n\t\t\t\t<section class=\"elementor-section elementor-top-section elementor-element elementor-element-f10c668 elementor-section-boxed elementor-section-height-default elementor-section-height-default\" data-id=\"f10c668\" data-element_type=\"section\" data-e-type=\"section\">\n\t\t\t\t\t\t<div class=\"elementor-container elementor-column-gap-default\">\n\t\t\t\t\t<div class=\"elementor-column elementor-col-50 elementor-top-column elementor-element elementor-element-5c2f59e\" data-id=\"5c2f59e\" data-element_type=\"column\" data-e-type=\"column\">\n\t\t\t<div class=\"elementor-widget-wrap elementor-element-populated\">\n\t\t\t\t\t\t<div class=\"elementor-element elementor-element-7a285c1 elementor-widget elementor-widget-image-box\" data-id=\"7a285c1\" data-element_type=\"widget\" data-e-type=\"widget\" data-widget_type=\"image-box.default\">\n\t\t\t\t<div class=\"elementor-widget-container\">\n\t\t\t\t\t<figure class=\"image-box\" data-scroll data-scroll-speed=\"\"> <img decoding=\"async\" src=\"https:\/\/draskovicovkastiel.sk\/wp-content\/uploads\/2026\/04\/kam-s-detmi.jpg\" alt=\"Image\"><\/figure>\n\t\t\t\t<\/div>\n\t\t\t\t<\/div>\n\t\t\t\t\t<\/div>\n\t\t<\/div>\n\t\t\t\t<div class=\"elementor-column elementor-col-50 elementor-top-column elementor-element elementor-element-52bb4dd\" data-id=\"52bb4dd\" data-element_type=\"column\" data-e-type=\"column\">\n\t\t\t<div class=\"elementor-widget-wrap elementor-element-populated\">\n\t\t\t\t\t\t<div class=\"elementor-element elementor-element-153bbd0 elementor-widget elementor-widget-image-box\" data-id=\"153bbd0\" data-element_type=\"widget\" data-e-type=\"widget\" data-widget_type=\"image-box.default\">\n\t\t\t\t<div class=\"elementor-widget-container\">\n\t\t\t\t\t<figure class=\"image-box\" data-scroll data-scroll-speed=\"\"> <img decoding=\"async\" src=\"https:\/\/draskovicovkastiel.sk\/wp-content\/uploads\/2026\/04\/Tvorive-dielne-pre-deti-\u2013-vikendovy-program-v-Draskovicovom-kastieli.jpg\" alt=\"Image\"><\/figure>\n\t\t\t\t<\/div>\n\t\t\t\t<\/div>\n\t\t\t\t\t<\/div>\n\t\t<\/div>\n\t\t\t\t\t<\/div>\n\t\t<\/section>\n\t\t\t\t<section class=\"elementor-section elementor-top-section elementor-element elementor-element-7ccb164 elementor-section-boxed elementor-section-height-default elementor-section-height-default\" data-id=\"7ccb164\" data-element_type=\"section\" data-e-type=\"section\">\n\t\t\t\t\t\t<div class=\"elementor-container elementor-column-gap-default\">\n\t\t\t\t\t<div class=\"elementor-column elementor-col-100 elementor-top-column elementor-element elementor-element-0560aea\" data-id=\"0560aea\" data-element_type=\"column\" data-e-type=\"column\">\n\t\t\t<div class=\"elementor-widget-wrap elementor-element-populated\">\n\t\t\t\t\t\t<div class=\"elementor-element elementor-element-8f7da0a elementor-widget elementor-widget-text-box\" data-id=\"8f7da0a\" data-element_type=\"widget\" data-e-type=\"widget\" data-widget_type=\"text-box.default\">\n\t\t\t\t<div class=\"elementor-widget-container\">\n\t\t\t\t\t<div class=\"text-box\" data-scroll data-scroll-speed=\"\">\n       <h2>Ak teda znovu rie\u0161ite tradi\u010dn\u00fa rodi\u010dovsk\u00fa ot\u00e1zku \u201ekam na v\u00fdlet s de\u0165mi?\u201c<\/h2><p>\u010cachtice by rozhodne nemali ch\u00fdba\u0165 na va\u0161om zozname. Pon\u00fakaj\u00fa kvalitn\u00fd a r\u00f4znorod\u00fd program, ktor\u00fd zabav\u00ed, nau\u010d\u00ed a prinesie pr\u00edjemn\u00e9 spolo\u010dn\u00e9 z\u00e1\u017eitky pre cel\u00fa rodinu.<\/p>    <\/div>\n\t\t\t\t<\/div>\n\t\t\t\t<\/div>\n\t\t\t\t\t<\/div>\n\t\t<\/div>\n\t\t\t\t\t<\/div>\n\t\t<\/section>\n\t\t\t\t<\/div>","protected":false},"excerpt":{"rendered":"<p>Dra\u0161kovi\u010dov ka\u0161tie\u013e patr\u00ed medzi najlep\u0161ie tipy, kam na v\u00fdlet s de\u0165mi v Tren\u010dianskom kraji. Ide o modern\u00e9 m\u00fazeum, ktor\u00e9 dok\u00e1\u017ee zauja\u0165 deti aj dospel\u00fdch \u2013 \u010di u\u017e h\u013ead\u00e1te oddychov\u00fd program, alebo zmyslupln\u00fd v\u00fdlet spojen\u00fd so spozn\u00e1van\u00edm. Dra\u0161kovi\u010dov ka\u0161tie\u013e: ide\u00e1lny tip, kam na v\u00fdlet s de\u0165mi Modern\u00e1 expoz\u00edcia doplnen\u00e1 o nov\u00e9 technol\u00f3gie je navrhnut\u00e1 tak, aby:\u2022 [&hellip;]<\/p>\n","protected":false},"author":4,"featured_media":0,"parent":0,"menu_order":0,"comment_status":"closed","ping_status":"closed","template":"elementor_theme","meta":{"footnotes":""},"class_list":["post-5446","page","type-page","status-publish","hentry"],"_links":{"self":[{"href":"https:\/\/draskovicovkastiel.sk\/en\/wp-json\/wp\/v2\/pages\/5446","targetHints":{"allow":["GET"]}}],"collection":[{"href":"https:\/\/draskovicovkastiel.sk\/en\/wp-json\/wp\/v2\/pages"}],"about":[{"href":"https:\/\/draskovicovkastiel.sk\/en\/wp-json\/wp\/v2\/types\/page"}],"author":[{"embeddable":true,"href":"https:\/\/draskovicovkastiel.sk\/en\/wp-json\/wp\/v2\/users\/4"}],"replies":[{"embeddable":true,"href":"https:\/\/draskovicovkastiel.sk\/en\/wp-json\/wp\/v2\/comments?post=5446"}],"version-history":[{"count":7,"href":"https:\/\/draskovicovkastiel.sk\/en\/wp-json\/wp\/v2\/pages\/5446\/revisions"}],"predecessor-version":[{"id":5455,"href":"https:\/\/draskovicovkastiel.sk\/en\/wp-json\/wp\/v2\/pages\/5446\/revisions\/5455"}],"wp:attachment":[{"href":"https:\/\/draskovicovkastiel.sk\/en\/wp-json\/wp\/v2\/media?parent=5446"}],"curies":[{"name":"wp","href":"https:\/\/api.w.org\/{rel}","templated":true}]}}