{"id":5326,"date":"2026-03-29T10:27:54","date_gmt":"2026-03-29T08:27:54","guid":{"rendered":"https:\/\/draskovicovkastiel.sk\/?page_id=5326"},"modified":"2026-03-30T22:22:49","modified_gmt":"2026-03-30T20:22:49","slug":"otvaracie-hodiny","status":"publish","type":"page","link":"https:\/\/draskovicovkastiel.sk\/en\/otvaracie-hodiny\/","title":{"rendered":"Openning hours"},"content":{"rendered":"\t\t<div data-elementor-type=\"wp-page\" data-elementor-id=\"5326\" class=\"elementor elementor-5326\">\n\t\t\t\t\t\t<section class=\"elementor-section elementor-top-section elementor-element elementor-element-5af7bc1 elementor-section-boxed elementor-section-height-default elementor-section-height-default\" data-id=\"5af7bc1\" data-element_type=\"section\" data-e-type=\"section\">\n\t\t\t\t\t\t<div class=\"elementor-container elementor-column-gap-default\">\n\t\t\t\t\t<div class=\"elementor-column elementor-col-100 elementor-top-column elementor-element elementor-element-2aea5b1\" data-id=\"2aea5b1\" data-element_type=\"column\" data-e-type=\"column\">\n\t\t\t<div class=\"elementor-widget-wrap elementor-element-populated\">\n\t\t\t\t\t\t<div class=\"elementor-element elementor-element-48306a6 elementor-widget elementor-widget-section-title\" data-id=\"48306a6\" data-element_type=\"widget\" data-e-type=\"widget\" data-widget_type=\"section-title.default\">\n\t\t\t\t<div class=\"elementor-widget-container\">\n\t\t\t\t\t<div class=\"section-title text-center\">\n      <h2>Otv\u00e1racie hodiny a vstupn\u00e9 \u2014 Dra\u0161kovi\u010dov ka\u0161tie\u013e \u010cachtice<\/h2>\n<\/div>\n\t\t\t\t<\/div>\n\t\t\t\t<\/div>\n\t\t\t\t\t<\/div>\n\t\t<\/div>\n\t\t\t\t\t<\/div>\n\t\t<\/section>\n\t\t\t\t<section class=\"elementor-section elementor-top-section elementor-element elementor-element-b207260 elementor-section-boxed elementor-section-height-default elementor-section-height-default\" data-id=\"b207260\" data-element_type=\"section\" data-e-type=\"section\">\n\t\t\t\t\t\t<div class=\"elementor-container elementor-column-gap-default\">\n\t\t\t\t\t<div class=\"elementor-column elementor-col-100 elementor-top-column elementor-element elementor-element-65e6089\" data-id=\"65e6089\" data-element_type=\"column\" data-e-type=\"column\">\n\t\t\t<div class=\"elementor-widget-wrap elementor-element-populated\">\n\t\t\t\t\t\t<div class=\"elementor-element elementor-element-1a6f0eb elementor-widget elementor-widget-text-box\" data-id=\"1a6f0eb\" data-element_type=\"widget\" data-e-type=\"widget\" data-widget_type=\"text-box.default\">\n\t\t\t\t<div class=\"elementor-widget-container\">\n\t\t\t\t\t<div class=\"text-box\" data-scroll data-scroll-speed=\"\">\n       <h4>V\u0161etky praktick\u00e9 inform\u00e1cie pred n\u00e1v\u0161tevou Dra\u0161kovi\u010dovho ka\u0161tie\u013ea v \u010cachticiach \u2014 jedin\u00e9ho m\u00fazea v \u010cachticiach. N\u00e1jdete tu otv\u00e1racie hodiny, cenn\u00edk vstupn\u00e9ho a inform\u00e1cie o tom, ako sa k n\u00e1m dostanete.<\/h4>    <\/div>\n\t\t\t\t<\/div>\n\t\t\t\t<\/div>\n\t\t\t\t\t<\/div>\n\t\t<\/div>\n\t\t\t\t\t<\/div>\n\t\t<\/section>\n\t\t\t\t<section class=\"elementor-section elementor-top-section elementor-element elementor-element-2931a80 elementor-section-boxed elementor-section-height-default elementor-section-height-default\" data-id=\"2931a80\" data-element_type=\"section\" data-e-type=\"section\">\n\t\t\t\t\t\t<div class=\"elementor-container elementor-column-gap-default\">\n\t\t\t\t\t<div class=\"elementor-column elementor-col-50 elementor-top-column elementor-element elementor-element-95acef3\" data-id=\"95acef3\" data-element_type=\"column\" data-e-type=\"column\">\n\t\t\t<div class=\"elementor-widget-wrap elementor-element-populated\">\n\t\t\t\t\t\t<div class=\"elementor-element elementor-element-cb3d711 elementor-widget elementor-widget-text-box\" data-id=\"cb3d711\" data-element_type=\"widget\" data-e-type=\"widget\" data-widget_type=\"text-box.default\">\n\t\t\t\t<div class=\"elementor-widget-container\">\n\t\t\t\t\t<div class=\"text-box\" data-scroll data-scroll-speed=\"\">\n       <h3>Otv\u00e1racie hodiny<\/h3><p class=\"font-claude-response-body break-words whitespace-normal leading-[1.7]\">M\u00fazeum Dra\u0161kovi\u010dov ka\u0161tie\u013e je otvoren\u00e9<br \/>utorok a\u017e nede\u013ea od 10:00 do 17:00.<\/p><p class=\"font-claude-response-body break-words whitespace-normal leading-[1.7]\"><strong>Pondelok je zatvoren\u00e9.<\/strong><\/p><p class=\"font-claude-response-body break-words whitespace-normal leading-[1.7]\">Obedn\u00e1 prest\u00e1vka: 13:00 \u2013 13:30.<\/p>    <\/div>\n\t\t\t\t<\/div>\n\t\t\t\t<\/div>\n\t\t\t\t\t<\/div>\n\t\t<\/div>\n\t\t\t\t<div class=\"elementor-column elementor-col-50 elementor-top-column elementor-element elementor-element-da2c072\" data-id=\"da2c072\" data-element_type=\"column\" data-e-type=\"column\">\n\t\t\t<div class=\"elementor-widget-wrap elementor-element-populated\">\n\t\t\t\t\t\t<div class=\"elementor-element elementor-element-ddcfbc2 elementor-widget elementor-widget-text-box\" data-id=\"ddcfbc2\" data-element_type=\"widget\" data-e-type=\"widget\" data-widget_type=\"text-box.default\">\n\t\t\t\t<div class=\"elementor-widget-container\">\n\t\t\t\t\t<div class=\"text-box\" data-scroll data-scroll-speed=\"\">\n       <h3>Ako sa k n\u00e1m dostanete<\/h3><p class=\"font-claude-response-body break-words whitespace-normal leading-[1.7]\">Dra\u0161kovi\u010dov ka\u0161tie\u013e sa nach\u00e1dza v centre \u010cachticiam na adrese Malinovsk\u00e9ho 826, 916 21 \u010cachtice.<\/p><p class=\"font-claude-response-body break-words whitespace-normal leading-[1.7]\"><strong>Autom:<\/strong> Parkovanie je mo\u017en\u00e9 v bl\u00edzkosti ka\u0161tie\u013ea.<\/p><p class=\"font-claude-response-body break-words whitespace-normal leading-[1.7]\"><strong>Vlakom:<\/strong> Najbli\u017e\u0161ia \u017eelezni\u010dn\u00e1 stanica je \u010cachtice na trati Nov\u00e9 Mesto nad V\u00e1hom \u2013 Myjava. Ka\u0161tie\u013e je od stanice vzdialen\u00fd pribli\u017ene 20 min\u00fat pe\u0161o.<\/p><p class=\"font-claude-response-body break-words whitespace-normal leading-[1.7]\"><strong>Autobusom:<\/strong> Autobusov\u00e1 zast\u00e1vka \u010cachtice, n\u00e1mestie sa nach\u00e1dza asi 5 min\u00fat ch\u00f4dze od ka\u0161tie\u013ea.<\/p>    <\/div>\n\t\t\t\t<\/div>\n\t\t\t\t<\/div>\n\t\t\t\t\t<\/div>\n\t\t<\/div>\n\t\t\t\t\t<\/div>\n\t\t<\/section>\n\t\t\t\t<section class=\"elementor-section elementor-top-section elementor-element elementor-element-db98215 elementor-section-boxed elementor-section-height-default elementor-section-height-default\" data-id=\"db98215\" data-element_type=\"section\" data-e-type=\"section\">\n\t\t\t\t\t\t<div class=\"elementor-container elementor-column-gap-default\">\n\t\t\t\t\t<div class=\"elementor-column elementor-col-100 elementor-top-column elementor-element elementor-element-035923a\" data-id=\"035923a\" data-element_type=\"column\" data-e-type=\"column\">\n\t\t\t<div class=\"elementor-widget-wrap elementor-element-populated\">\n\t\t\t\t\t\t<div class=\"elementor-element elementor-element-5aa0b53 elementor-widget__width-inherit elementor-widget elementor-widget-image-box\" data-id=\"5aa0b53\" data-element_type=\"widget\" data-e-type=\"widget\" data-widget_type=\"image-box.default\">\n\t\t\t\t<div class=\"elementor-widget-container\">\n\t\t\t\t\t<figure class=\"image-box\" data-scroll data-scroll-speed=\"\"> <img decoding=\"async\" src=\"https:\/\/draskovicovkastiel.sk\/wp-content\/uploads\/2026\/03\/draskovicov-kastiel-logo.png\" alt=\"Image\"><\/figure>\n\t\t\t\t<\/div>\n\t\t\t\t<\/div>\n\t\t\t\t<div class=\"elementor-element elementor-element-befb19f elementor-widget elementor-widget-text-box\" data-id=\"befb19f\" data-element_type=\"widget\" data-e-type=\"widget\" data-widget_type=\"text-box.default\">\n\t\t\t\t<div class=\"elementor-widget-container\">\n\t\t\t\t\t<div class=\"text-box\" data-scroll data-scroll-speed=\"\">\n       <h2>Vstupn\u00e9<\/h2><p>\u00a0<\/p>    <\/div>\n\t\t\t\t<\/div>\n\t\t\t\t<\/div>\n\t\t\t\t\t<\/div>\n\t\t<\/div>\n\t\t\t\t\t<\/div>\n\t\t<\/section>\n\t\t\t\t<section class=\"elementor-section elementor-top-section elementor-element elementor-element-a19a9ce elementor-section-boxed elementor-section-height-default elementor-section-height-default\" data-id=\"a19a9ce\" data-element_type=\"section\" data-e-type=\"section\">\n\t\t\t\t\t\t<div class=\"elementor-container elementor-column-gap-default\">\n\t\t\t\t\t<div class=\"elementor-column elementor-col-100 elementor-top-column elementor-element elementor-element-4e21820\" data-id=\"4e21820\" data-element_type=\"column\" data-e-type=\"column\">\n\t\t\t<div class=\"elementor-widget-wrap elementor-element-populated\">\n\t\t\t\t\t\t<div class=\"elementor-element elementor-element-d06aeb4 elementor-widget elementor-widget-text-box\" data-id=\"d06aeb4\" data-element_type=\"widget\" data-e-type=\"widget\" data-widget_type=\"text-box.default\">\n\t\t\t\t<div class=\"elementor-widget-container\">\n\t\t\t\t\t<div class=\"text-box\" data-scroll data-scroll-speed=\"\">\n       <table>\n  <tbody>\n    <tr>\n      <td>Dospel\u00ed<\/td>\n      <td>6,00 \u20ac<\/td>\n    <\/tr>\n    <tr>\n      <td>D\u00f4chodcovia, \u0161tudenti (19 \u2013 26 rokov), vojnov\u00ed veter\u00e1ni<\/td>\n      <td>4,00 \u20ac<\/td>\n    <\/tr>\n    <tr>\n      <td>\u017diaci (7 \u2013 18 rokov)<\/td>\n      <td>1,00 \u20ac<\/td>\n    <\/tr>\n    <tr>\n      <td>\u0164ZP, \u0164ZP-S<\/td>\n      <td>2,00 \u20ac<\/td>\n    <\/tr>\n    <tr>\n      <td>Deti do 6 rokov<\/td>\n      <td>Zdarma<\/td>\n    <\/tr>\n    <tr>\n      <td>Dr\u017eitelia preukazu ICOM, UNESCO, ICOMOS<\/td>\n      <td>Zdarma<\/td>\n    <\/tr>\n    <tr>\n      <td>Novin\u00e1ri (po predlo\u017een\u00ed novin\u00e1rskeho preukazu)<\/td>\n      <td>Zdarma<\/td>\n    <\/tr>\n    <tr>\n      <td>Zamestnanci m\u00faze\u00ed (po predlo\u017een\u00ed platn\u00e9ho preukazu)<\/td>\n      <td>Zdarma<\/td>\n    <\/tr>\n    <tr>\n      <td>Svadobn\u00e9 fotenie v ka\u0161tieli<\/td>\n      <td>70,00 \u20ac<\/td>\n    <\/tr>\n  <\/tbody>\n<\/table>    <\/div>\n\t\t\t\t<\/div>\n\t\t\t\t<\/div>\n\t\t\t\t\t<\/div>\n\t\t<\/div>\n\t\t\t\t\t<\/div>\n\t\t<\/section>\n\t\t\t\t<section class=\"elementor-section elementor-top-section elementor-element elementor-element-8cf0fa1 elementor-section-boxed elementor-section-height-default elementor-section-height-default\" data-id=\"8cf0fa1\" data-element_type=\"section\" data-e-type=\"section\">\n\t\t\t\t\t\t<div class=\"elementor-container elementor-column-gap-default\">\n\t\t\t\t\t<div class=\"elementor-column elementor-col-100 elementor-top-column elementor-element elementor-element-5fe0529\" data-id=\"5fe0529\" data-element_type=\"column\" data-e-type=\"column\">\n\t\t\t<div class=\"elementor-widget-wrap elementor-element-populated\">\n\t\t\t\t\t\t<div class=\"elementor-element elementor-element-e045542 elementor-widget elementor-widget-image-box\" data-id=\"e045542\" data-element_type=\"widget\" data-e-type=\"widget\" data-widget_type=\"image-box.default\">\n\t\t\t\t<div class=\"elementor-widget-container\">\n\t\t\t\t\t<figure class=\"image-box\" data-scroll data-scroll-speed=\"\"> <img decoding=\"async\" src=\"https:\/\/draskovicovkastiel.sk\/wp-content\/uploads\/2024\/04\/Draskovic_pred_otvorenim__2_.jpeg\" alt=\"Image\"><\/figure>\n\t\t\t\t<\/div>\n\t\t\t\t<\/div>\n\t\t\t\t\t<\/div>\n\t\t<\/div>\n\t\t\t\t\t<\/div>\n\t\t<\/section>\n\t\t\t\t<\/div>\n\t\t","protected":false},"excerpt":{"rendered":"<p>Otv\u00e1racie hodiny a vstupn\u00e9 \u2014 Dra\u0161kovi\u010dov ka\u0161tie\u013e \u010cachtice V\u0161etky praktick\u00e9 inform\u00e1cie pred n\u00e1v\u0161tevou Dra\u0161kovi\u010dovho ka\u0161tie\u013ea v \u010cachticiach \u2014 jedin\u00e9ho m\u00fazea v \u010cachticiach. N\u00e1jdete tu otv\u00e1racie hodiny, cenn\u00edk vstupn\u00e9ho a inform\u00e1cie o tom, ako sa k n\u00e1m dostanete. Otv\u00e1racie hodiny M\u00fazeum Dra\u0161kovi\u010dov ka\u0161tie\u013e je otvoren\u00e9utorok a\u017e nede\u013ea od 10:00 do 17:00. Pondelok je zatvoren\u00e9. Obedn\u00e1 prest\u00e1vka: [&hellip;]<\/p>\n","protected":false},"author":4,"featured_media":0,"parent":0,"menu_order":0,"comment_status":"closed","ping_status":"closed","template":"elementor_theme","meta":{"footnotes":""},"class_list":["post-5326","page","type-page","status-publish","hentry"],"_links":{"self":[{"href":"https:\/\/draskovicovkastiel.sk\/en\/wp-json\/wp\/v2\/pages\/5326","targetHints":{"allow":["GET"]}}],"collection":[{"href":"https:\/\/draskovicovkastiel.sk\/en\/wp-json\/wp\/v2\/pages"}],"about":[{"href":"https:\/\/draskovicovkastiel.sk\/en\/wp-json\/wp\/v2\/types\/page"}],"author":[{"embeddable":true,"href":"https:\/\/draskovicovkastiel.sk\/en\/wp-json\/wp\/v2\/users\/4"}],"replies":[{"embeddable":true,"href":"https:\/\/draskovicovkastiel.sk\/en\/wp-json\/wp\/v2\/comments?post=5326"}],"version-history":[{"count":41,"href":"https:\/\/draskovicovkastiel.sk\/en\/wp-json\/wp\/v2\/pages\/5326\/revisions"}],"predecessor-version":[{"id":5423,"href":"https:\/\/draskovicovkastiel.sk\/en\/wp-json\/wp\/v2\/pages\/5326\/revisions\/5423"}],"wp:attachment":[{"href":"https:\/\/draskovicovkastiel.sk\/en\/wp-json\/wp\/v2\/media?parent=5326"}],"curies":[{"name":"wp","href":"https:\/\/api.w.org\/{rel}","templated":true}]}}