{"id":3614,"date":"2022-03-16T11:12:24","date_gmt":"2022-03-16T10:12:24","guid":{"rendered":"https:\/\/www.draskovicovkastiel.sk\/?page_id=3614"},"modified":"2026-03-09T14:51:17","modified_gmt":"2026-03-09T13:51:17","slug":"zmluvy","status":"publish","type":"page","link":"https:\/\/draskovicovkastiel.sk\/en\/zmluvy\/","title":{"rendered":"Contracts"},"content":{"rendered":"<p><\/p>\n\n\n\n<p><a href=\"https:\/\/www.crz.gov.sk\/zmluva\/8924375\/\" target=\"_blank\" rel=\"noreferrer noopener\">Zmluva o dielo \u010d. 14\/2024 &#8211; Turisticko-informa\u010dn\u00e9 centrum<\/a><\/p>\n\n\n\n<p><a href=\"https:\/\/www.crz.gov.sk\/zmluva\/7731718\/?csrt=13784193042672972266\">Zmluva \u010d. 2022\/0275-1 &#8211; Dodatok \u010d. 1<\/a><\/p>\n\n\n\n<p><a href=\"https:\/\/www.crz.gov.sk\/zmluva\/7731813\/?csrt=13784193042672972266\">Zmluva \u010d. 2022\/0275-2 &#8211; Dodatok \u010d. 2<\/a><\/p>\n\n\n\n<p><a href=\"https:\/\/www.crz.gov.sk\/zmluva\/8160366\/?csrt=13784193042672972266\">Zmluva \u010d. 2022\/0275-3 &#8211; Dodatok \u010d. 3<\/a><\/p>\n\n\n\n<p><a href=\"https:\/\/www.crz.gov.sk\/zmluva\/8836978\/?csrt=9342374393680327921\">Zmluva \u010d. 2022\/0275-4 &#8211; Dodatok \u010d. 4<\/a><\/p>\n\n\n\n<p><a href=\"https:\/\/www.crz.gov.sk\/zmluva\/9133128\/?csrt=13784193042672972266\">Zmluva \u010d. 2022\/0275-5 &#8211; Dodatok \u010d. 5<\/a><\/p>\n\n\n\n<p><a href=\"https:\/\/www.crz.gov.sk\/zmluva\/8981608\/?csrt=13784193042672972266\">Zmluva o dielo &#8211; expoz\u00edcie<\/a><\/p>\n\n\n\n<p><a href=\"https:\/\/www.crz.gov.sk\/zmluva\/6314016\/\" target=\"_blank\" rel=\"noreferrer noopener\">Zmluva \u010d. 2022\/0275 &#8211; Zmluva o dielo &#8211; stavba<\/a><\/p>\n\n\n\n<p><a href=\"https:\/\/www.tsk.sk\/uradna-tabula\/zmluvy\/zmluva-c.-2021-0769.html?page_id=839935\" target=\"_blank\" rel=\"noreferrer noopener\">Zmluva \u010d. 2021\/0769 &#8211;  Zmluva o dielo &#8211; web str\u00e1nka<\/a><\/p>\n\n\n\n<p><a href=\"https:\/\/www.tsk.sk\/uradna-tabula\/zmluvy\/zmluva-c.-2021-0143.html?page_id=783692\" target=\"_blank\" rel=\"noreferrer noopener\">Zmluva \u010d. 2021\/0143 &#8211; Projektov\u00e1 zmluva<\/a><\/p>\n\n\n\n<p><\/p>","protected":false},"excerpt":{"rendered":"<p>Zmluva o dielo \u010d. 14\/2024 &#8211; Turisticko-informa\u010dn\u00e9 centrum Zmluva \u010d. 2022\/0275-1 &#8211; Dodatok \u010d. 1 Zmluva \u010d. 2022\/0275-2 &#8211; Dodatok \u010d. 2 Zmluva \u010d. 2022\/0275-3 &#8211; Dodatok \u010d. 3 Zmluva \u010d. 2022\/0275-4 &#8211; Dodatok \u010d. 4 Zmluva \u010d. 2022\/0275-5 &#8211; Dodatok \u010d. 5 Zmluva o dielo &#8211; expoz\u00edcie Zmluva \u010d. 2022\/0275 &#8211; Zmluva o dielo [&hellip;]<\/p>\n","protected":false},"author":4,"featured_media":0,"parent":0,"menu_order":0,"comment_status":"closed","ping_status":"closed","template":"","meta":{"footnotes":""},"class_list":["post-3614","page","type-page","status-publish","hentry"],"_links":{"self":[{"href":"https:\/\/draskovicovkastiel.sk\/en\/wp-json\/wp\/v2\/pages\/3614","targetHints":{"allow":["GET"]}}],"collection":[{"href":"https:\/\/draskovicovkastiel.sk\/en\/wp-json\/wp\/v2\/pages"}],"about":[{"href":"https:\/\/draskovicovkastiel.sk\/en\/wp-json\/wp\/v2\/types\/page"}],"author":[{"embeddable":true,"href":"https:\/\/draskovicovkastiel.sk\/en\/wp-json\/wp\/v2\/users\/4"}],"replies":[{"embeddable":true,"href":"https:\/\/draskovicovkastiel.sk\/en\/wp-json\/wp\/v2\/comments?post=3614"}],"version-history":[{"count":6,"href":"https:\/\/draskovicovkastiel.sk\/en\/wp-json\/wp\/v2\/pages\/3614\/revisions"}],"predecessor-version":[{"id":4948,"href":"https:\/\/draskovicovkastiel.sk\/en\/wp-json\/wp\/v2\/pages\/3614\/revisions\/4948"}],"wp:attachment":[{"href":"https:\/\/draskovicovkastiel.sk\/en\/wp-json\/wp\/v2\/media?parent=3614"}],"curies":[{"name":"wp","href":"https:\/\/api.w.org\/{rel}","templated":true}]}}