{"id":3119,"date":"2021-10-05T14:19:26","date_gmt":"2021-10-05T12:19:26","guid":{"rendered":"https:\/\/draskovicovkastiel.sk\/?page_id=3119"},"modified":"2026-03-09T14:51:17","modified_gmt":"2026-03-09T13:51:17","slug":"cookies-viac-informacii","status":"publish","type":"page","link":"https:\/\/draskovicovkastiel.sk\/en\/cookies-viac-informacii\/","title":{"rendered":"Cookies &#8211; viac inform\u00e1ci\u00ed"},"content":{"rendered":"<div data-elementor-type=\"wp-page\" data-elementor-id=\"3119\" class=\"elementor elementor-3119\">\n\t\t\t\t\t\t<section class=\"elementor-section elementor-top-section elementor-element elementor-element-5e85daa5 elementor-section-boxed elementor-section-height-default elementor-section-height-default\" data-id=\"5e85daa5\" data-element_type=\"section\" data-e-type=\"section\">\n\t\t\t\t\t\t<div class=\"elementor-container elementor-column-gap-default\">\n\t\t\t\t\t<div class=\"elementor-column elementor-col-100 elementor-top-column elementor-element elementor-element-2be75e32\" data-id=\"2be75e32\" data-element_type=\"column\" data-e-type=\"column\">\n\t\t\t<div class=\"elementor-widget-wrap\">\n\t\t\t\t\t\t\t<\/div>\n\t\t<\/div>\n\t\t\t\t\t<\/div>\n\t\t<\/section>\n\t\t\t\t<section class=\"elementor-section elementor-top-section elementor-element elementor-element-59bbec68 elementor-section-boxed elementor-section-height-default elementor-section-height-default\" data-id=\"59bbec68\" data-element_type=\"section\" data-e-type=\"section\">\n\t\t\t\t\t\t<div class=\"elementor-container elementor-column-gap-default\">\n\t\t\t\t\t<div class=\"elementor-column elementor-col-100 elementor-top-column elementor-element elementor-element-12602efe\" data-id=\"12602efe\" data-element_type=\"column\" data-e-type=\"column\">\n\t\t\t<div class=\"elementor-widget-wrap elementor-element-populated\">\n\t\t\t\t\t\t<div class=\"elementor-element elementor-element-7b9adc00 elementor-widget elementor-widget-spacer\" data-id=\"7b9adc00\" data-element_type=\"widget\" data-e-type=\"widget\" data-widget_type=\"spacer.default\">\n\t\t\t\t<div class=\"elementor-widget-container\">\n\t\t\t\t\t\t\t<div class=\"elementor-spacer\">\n\t\t\t<div class=\"elementor-spacer-inner\"><\/div>\n\t\t<\/div>\n\t\t\t\t\t\t<\/div>\n\t\t\t\t<\/div>\n\t\t\t\t<div class=\"elementor-element elementor-element-136b1b48 elementor-widget__width-auto elementor-widget elementor-widget-heading\" data-id=\"136b1b48\" data-element_type=\"widget\" data-e-type=\"widget\" data-widget_type=\"heading.default\">\n\t\t\t\t<div class=\"elementor-widget-container\">\n\t\t\t\t\t<h2 class=\"elementor-heading-title elementor-size-default\"><span class=\"nadpis-styling\">Cookies \u2013 more information<\/span>\n<\/h2>\t\t\t\t<\/div>\n\t\t\t\t<\/div>\n\t\t\t\t\t<\/div>\n\t\t<\/div>\n\t\t\t\t\t<\/div>\n\t\t<\/section>\n\t\t\t\t<section class=\"elementor-section elementor-top-section elementor-element elementor-element-6b5fd1b2 elementor-section-boxed elementor-section-height-default elementor-section-height-default\" data-id=\"6b5fd1b2\" data-element_type=\"section\" data-e-type=\"section\">\n\t\t\t\t\t\t<div class=\"elementor-container elementor-column-gap-default\">\n\t\t\t\t\t<div class=\"elementor-column elementor-col-100 elementor-top-column elementor-element elementor-element-6aeed0ee\" data-id=\"6aeed0ee\" data-element_type=\"column\" data-e-type=\"column\">\n\t\t\t<div class=\"elementor-widget-wrap elementor-element-populated\">\n\t\t\t\t\t\t<div class=\"elementor-element elementor-element-1fdd09f6 elementor-widget elementor-widget-spacer\" data-id=\"1fdd09f6\" data-element_type=\"widget\" data-e-type=\"widget\" data-widget_type=\"spacer.default\">\n\t\t\t\t<div class=\"elementor-widget-container\">\n\t\t\t\t\t\t\t<div class=\"elementor-spacer\">\n\t\t\t<div class=\"elementor-spacer-inner\"><\/div>\n\t\t<\/div>\n\t\t\t\t\t\t<\/div>\n\t\t\t\t<\/div>\n\t\t\t\t<div class=\"elementor-element elementor-element-1ac36901 elementor-widget elementor-widget-text-editor\" data-id=\"1ac36901\" data-element_type=\"widget\" data-e-type=\"widget\" data-widget_type=\"text-editor.default\">\n\t\t\t\t<div class=\"elementor-widget-container\">\n\t\t\t\t\t\t\t\t\t<p>Tren\u010diansky samospr\u00e1vny kraj, so s\u00eddlom K dolnej stanici\u00a0<span id=\"bt-134-text\" class=\"buxus-toolbar\">K dolnej stanici 7282\/20A<\/span>,\u00a0<span id=\"bt-134-text\" class=\"buxus-toolbar\">911 01 Tren\u010d\u00edn pou\u017e\u00edva na tomto webovom s\u00eddle s\u00fabory\u00a0<\/span>cookies, ktor\u00e9 s\u00fa pou\u017eit\u00e9 za \u00fa\u010delom sledovania n\u00e1v\u0161tevnosti webov\u00e9ho s\u00eddla alebo k prisp\u00f4sobeniu zobrazenia webov\u00fdch str\u00e1nok www.draskovicovkastiel.sk.<\/p>\t\t\t\t\t\t\t\t<\/div>\n\t\t\t\t<\/div>\n\t\t\t\t<div class=\"elementor-element elementor-element-0f53c38 elementor-widget elementor-widget-text-editor\" data-id=\"0f53c38\" data-element_type=\"widget\" data-e-type=\"widget\" data-widget_type=\"text-editor.default\">\n\t\t\t\t<div class=\"elementor-widget-container\">\n\t\t\t\t\t\t\t\t\t<p class=\"p1\"><strong>\u010co s\u00fa s\u00fabory cookies ?<\/strong><\/p>\t\t\t\t\t\t\t\t<\/div>\n\t\t\t\t<\/div>\n\t\t\t\t<div class=\"elementor-element elementor-element-43446e35 elementor-widget elementor-widget-text-editor\" data-id=\"43446e35\" data-element_type=\"widget\" data-e-type=\"widget\" data-widget_type=\"text-editor.default\">\n\t\t\t\t<div class=\"elementor-widget-container\">\n\t\t\t\t\t\t\t\t\t<p>S\u00fabor cookie je mal\u00fd textov\u00fd s\u00fabor, ktor\u00fd webov\u00e1 lokalita uklad\u00e1 vo va\u0161om po\u010d\u00edta\u010di alebo mobilnom zariaden\u00ed pri jej prehliadan\u00ed. V\u010faka tomuto s\u00faboru si webov\u00e1 lokalita na ur\u010dit\u00fd \u010das uchov\u00e1va inform\u00e1cie o va\u0161ich krokoch a preferenci\u00e1ch.<\/p>\t\t\t\t\t\t\t\t<\/div>\n\t\t\t\t<\/div>\n\t\t\t\t<div class=\"elementor-element elementor-element-8b0e0b6 elementor-widget elementor-widget-text-editor\" data-id=\"8b0e0b6\" data-element_type=\"widget\" data-e-type=\"widget\" data-widget_type=\"text-editor.default\">\n\t\t\t\t<div class=\"elementor-widget-container\">\n\t\t\t\t\t\t\t\t\t<p class=\"p1\"><strong>Ako pou\u017e\u00edvame s\u00fabory cookies ?<\/strong><\/p>\t\t\t\t\t\t\t\t<\/div>\n\t\t\t\t<\/div>\n\t\t\t\t<div class=\"elementor-element elementor-element-33e7673b elementor-widget elementor-widget-text-editor\" data-id=\"33e7673b\" data-element_type=\"widget\" data-e-type=\"widget\" data-widget_type=\"text-editor.default\">\n\t\t\t\t<div class=\"elementor-widget-container\">\n\t\t\t\t\t\t\t\t\t<p>N\u00e1\u0161 web pou\u017e\u00edva s\u00fabory cookie, aby sme vedeli analyzova\u0165 u\u017e\u00edvate\u013esk\u00e9 spr\u00e1vanie na na\u0161om webe a aby sme vedeli vyu\u017ei\u0165 tieto d\u00e1ta v na\u0161ich \u010fal\u0161\u00edch aktivit\u00e1ch. Inform\u00e1cie ukladan\u00e9 v s\u00faboroch cookie sa nepou\u017eij\u00fa na va\u0161u osobn\u00fa identifik\u00e1ciu a ani ich nevyu\u017e\u00edvame na \u010fal\u0161ie \u00fa\u010dely, ktor\u00e9 nie s\u00fa spomenut\u00e9 v tomto texte. Pou\u017e\u00edvan\u00edm n\u00e1\u0161ho webu vyjadrujete s\u00fahlas so zbieran\u00edm cookies.<\/p>\t\t\t\t\t\t\t\t<\/div>\n\t\t\t\t<\/div>\n\t\t\t\t<div class=\"elementor-element elementor-element-32165340 elementor-widget elementor-widget-text-editor\" data-id=\"32165340\" data-element_type=\"widget\" data-e-type=\"widget\" data-widget_type=\"text-editor.default\">\n\t\t\t\t<div class=\"elementor-widget-container\">\n\t\t\t\t\t\t\t\t\t<p>Webov\u00e9 s\u00eddlo m\u00f4\u017eete pou\u017e\u00edva\u0165 aj v re\u017eime, ktor\u00fd\u00a0<strong>neumo\u017e\u0148uje<\/strong>\u00a0zbieranie \u00fadajov o n\u00e1v\u0161tevnikoch prostredn\u00edctvom Va\u0161eho internetov\u00e9ho prehliada\u010da.<\/p>\t\t\t\t\t\t\t\t<\/div>\n\t\t\t\t<\/div>\n\t\t\t\t<div class=\"elementor-element elementor-element-39164d8 elementor-widget elementor-widget-text-editor\" data-id=\"39164d8\" data-element_type=\"widget\" data-e-type=\"widget\" data-widget_type=\"text-editor.default\">\n\t\t\t\t<div class=\"elementor-widget-container\">\n\t\t\t\t\t\t\t\t\t<p>\u00dadaje, ktor\u00e9 takto z\u00edskame m\u00f4\u017eu by\u0165 spr\u00edstupnen\u00e9 \u010fal\u0161\u00edm spracovate\u013eom platforiem Google Inc., Facebook a Twitter.<\/p>\t\t\t\t\t\t\t\t<\/div>\n\t\t\t\t<\/div>\n\t\t\t\t<div class=\"elementor-element elementor-element-ab49ee4 elementor-widget elementor-widget-text-editor\" data-id=\"ab49ee4\" data-element_type=\"widget\" data-e-type=\"widget\" data-widget_type=\"text-editor.default\">\n\t\t\t\t<div class=\"elementor-widget-container\">\n\t\t\t\t\t\t\t\t\t<p class=\"p1\"><strong>Google analytics<\/strong><\/p>\t\t\t\t\t\t\t\t<\/div>\n\t\t\t\t<\/div>\n\t\t\t\t<div class=\"elementor-element elementor-element-56e625b3 elementor-widget elementor-widget-text-editor\" data-id=\"56e625b3\" data-element_type=\"widget\" data-e-type=\"widget\" data-widget_type=\"text-editor.default\">\n\t\t\t\t<div class=\"elementor-widget-container\">\n\t\t\t\t\t\t\t\t\t<p class=\"p1\">S\u00fabory cookies zbierame najm\u00e4 prostredn\u00edctvom slu\u017eby Google Analytics, ktor\u00fa prev\u00e1dzkuje spolo\u010dnosti Google Inc., s\u00eddlom 1600 Amphitheatre Parkway, Mountain View, CA 94043, USA s\u00fa v s\u00falade so Z\u00e1sadami o ochrane s\u00fakromia. Viac si m\u00f4\u017eete pre\u010d\u00edta\u0165 na <a href=\"https:\/\/www.google.com\/intl\/cs\/policies\/privacy\/#nosharing\"><span class=\"s1\">https:\/\/www.google.com\/intl\/cs\/policies\/privacy\/#nosharing<\/span><\/a>.<\/p>\t\t\t\t\t\t\t\t<\/div>\n\t\t\t\t<\/div>\n\t\t\t\t<div class=\"elementor-element elementor-element-4bcead9 elementor-widget elementor-widget-text-editor\" data-id=\"4bcead9\" data-element_type=\"widget\" data-e-type=\"widget\" data-widget_type=\"text-editor.default\">\n\t\t\t\t<div class=\"elementor-widget-container\">\n\t\t\t\t\t\t\t\t\t<p class=\"p1\"><strong>Facebook, Twitter<\/strong><\/p>\t\t\t\t\t\t\t\t<\/div>\n\t\t\t\t<\/div>\n\t\t\t\t<div class=\"elementor-element elementor-element-720f8407 elementor-widget elementor-widget-text-editor\" data-id=\"720f8407\" data-element_type=\"widget\" data-e-type=\"widget\" data-widget_type=\"text-editor.default\">\n\t\t\t\t<div class=\"elementor-widget-container\">\n\t\t\t\t\t\t\t\t\t<p>Len v pr\u00edpade ak sa rozhodnete Zdie\u013ea\u0165 alebo ozna\u010dova\u0165 na\u0161e \u010dl\u00e1nky tla\u010d\u00edtkom P\u00e1\u010di sa mi to alebo Tweetnu\u0165.<\/p>\t\t\t\t\t\t\t\t<\/div>\n\t\t\t\t<\/div>\n\t\t\t\t<div class=\"elementor-element elementor-element-0aa2bbc elementor-widget elementor-widget-text-editor\" data-id=\"0aa2bbc\" data-element_type=\"widget\" data-e-type=\"widget\" data-widget_type=\"text-editor.default\">\n\t\t\t\t<div class=\"elementor-widget-container\">\n\t\t\t\t\t\t\t\t\t<p>Zbieranie \u00fadajov o spr\u00e1van\u00ed n\u00e1v\u0161tevn\u00edkov webov\u00e9ho s\u00eddla je\u00a0<strong>aktivovan\u00e9 na podnet n\u00e1v\u0161tevn\u00edkov<\/strong>, vyjadren\u00e9ho kliknut\u00edm na mo\u017enos\u0165 &#8222;S\u00fahlas\u00edm&#8220;, ktor\u00e1 je za upozornen\u00edm v dolnej \u010dasti webov\u00e9ho s\u00eddla v tomto znen\u00ed: &#8222;Tren\u010diansky samospr\u00e1vny kraj, so s\u00eddlom K dolnej stanici\u00a0<span id=\"bt-134-text\" class=\"buxus-toolbar\">K dolnej stanici 7282\/20A<\/span>,\u00a0<span id=\"bt-134-text\" class=\"buxus-toolbar\">911 01 Tren\u010d\u00edn pou\u017e\u00edva na tomto webovom s\u00eddle s\u00fabory\u00a0<\/span>cookies, ktor\u00e9 s\u00fa pou\u017eit\u00e9 za \u00fa\u010delom sledovania n\u00e1v\u0161tevnosti webov\u00e9ho s\u00eddla alebo k prisp\u00f4sobeniu zobrazenia webov\u00fdch str\u00e1nok www.draskovicovkastiel.sk. Prehliadan\u00edm webu a pou\u017eit\u00edm pr\u00edslu\u0161n\u00e9ho nastavenia webov\u00e9ho prehliada\u010da vyjadrujete s\u00fahlas s ich pou\u017e\u00edvan\u00edm.&#8220;<\/p>\t\t\t\t\t\t\t\t<\/div>\n\t\t\t\t<\/div>\n\t\t\t\t<div class=\"elementor-element elementor-element-9791cc0 elementor-widget elementor-widget-text-editor\" data-id=\"9791cc0\" data-element_type=\"widget\" data-e-type=\"widget\" data-widget_type=\"text-editor.default\">\n\t\t\t\t<div class=\"elementor-widget-container\">\n\t\t\t\t\t\t\t\t\t<p>S\u00fahlas je udelen\u00fd na dobu, ktor\u00e1 je uveden\u00e1 v nasleduj\u00facej tabu\u013eke o jednotliv\u00fdch cookies s\u00faboroch. Tento s\u00fahlas m\u00f4\u017eete kedyko\u013evek zru\u0161i\u0165 pomocou zmien nastaven\u00ed V\u00e1\u0161ho pr\u00edslu\u0161n\u00e9ho internetov\u00e9ho prehliada\u010da.<\/p>\t\t\t\t\t\t\t\t<\/div>\n\t\t\t\t<\/div>\n\t\t\t\t<div class=\"elementor-element elementor-element-083c324 elementor-widget elementor-widget-text-editor\" data-id=\"083c324\" data-element_type=\"widget\" data-e-type=\"widget\" data-widget_type=\"text-editor.default\">\n\t\t\t\t<div class=\"elementor-widget-container\">\n\t\t\t\t\t\t\t\t\t<table border=\"0\" cellspacing=\"0\" cellpadding=\"0\" align=\"center\"><tbody><tr><td><p align=\"center\"><strong>Typ<\/strong><\/p><\/td><td><p align=\"center\"><strong>N\u00e1zov<\/strong><\/p><\/td><td><p align=\"center\"><strong>\u00da\u010del<\/strong><\/p><\/td><td><p align=\"center\"><strong>Platnos\u0165<\/strong><\/p><\/td><\/tr><tr><td><p><em>Cookies tret\u00edch str\u00e1n<\/em><\/p><\/td><td><p align=\"center\"><em>Google Analytics<\/em><\/p><\/td><td><p align=\"center\"><em>Z\u00edskanie statistick\u00fdch inform\u00e1ci\u00ed<\/em><\/p><\/td><td><p><em>Pod\u013ea nastavenia V\u00e1\u0161ho prehliada\u010da, pr\u00edp. do odstranenia.<\/em><\/p><\/td><\/tr><\/tbody><\/table>\t\t\t\t\t\t\t\t<\/div>\n\t\t\t\t<\/div>\n\t\t\t\t<div class=\"elementor-element elementor-element-364b9a3 elementor-widget elementor-widget-text-editor\" data-id=\"364b9a3\" data-element_type=\"widget\" data-e-type=\"widget\" data-widget_type=\"text-editor.default\">\n\t\t\t\t<div class=\"elementor-widget-container\">\n\t\t\t\t\t\t\t\t\t<p>Pod\u013ea z\u00e1kona o ochrane osobn\u00fdch \u00fadajov m\u00e1te pr\u00e1vo:<\/p>\t\t\t\t\t\t\t\t<\/div>\n\t\t\t\t<\/div>\n\t\t\t\t<div class=\"elementor-element elementor-element-33944d4 elementor-widget elementor-widget-text-editor\" data-id=\"33944d4\" data-element_type=\"widget\" data-e-type=\"widget\" data-widget_type=\"text-editor.default\">\n\t\t\t\t<div class=\"elementor-widget-container\">\n\t\t\t\t\t\t\t\t\t<ul><li><p>po\u017eiada\u0165 o inform\u00e1cie, ak\u00e9 Va\u0161e osobn\u00e9 \u00fadaje spracov\u00e1vame,<\/p><\/li><li><p>po\u017eiada\u0165 o vysvetlenie oh\u013eadom spracovania Va\u0161ich osobn\u00fdch \u00fadajov,<\/p><\/li><li><p>po\u017eiada\u0165 o ich aktualiz\u00e1ciu alebo \u00fapravu,<\/p><\/li><li><p>po\u017eiada\u0165 o vymazanie osobn\u00fdch \u00fadajov,<\/p><\/li><li><p>v pr\u00edpade pochybnost\u00ed o dodr\u017eiavanie povinnost\u00ed s\u00favisiacich so spracovan\u00edm sa m\u00f4\u017eete obr\u00e1ti\u0165 aj na \u00darad pre ochranu osobn\u00fdch \u00fadajov.<\/p><\/li><\/ul>\t\t\t\t\t\t\t\t<\/div>\n\t\t\t\t<\/div>\n\t\t\t\t<div class=\"elementor-element elementor-element-fc95935 elementor-widget elementor-widget-text-editor\" data-id=\"fc95935\" data-element_type=\"widget\" data-e-type=\"widget\" data-widget_type=\"text-editor.default\">\n\t\t\t\t<div class=\"elementor-widget-container\">\n\t\t\t\t\t\t\t\t\t<p>Po\u017eiada\u0165 m\u00f4\u017ee prostredn\u00edctvom na\u0161eho\u00a0<a href=\"https:\/\/www.tsk.sk\/trenciansky-samospravny-kraj\/egov-sluzby\/ziadost-slobodny-pristup-k-informaciam.html?page_id=289022\">Formul\u00e1ra o spr\u00edstupnenie \u00fadajov<\/a>\u00a0alebo poslan\u00edm emailu na\u00a0<a href=\"mailto:info@draskovicovkastiel.sk\">info@draskovicovkastiel.sk<\/a><\/p>\t\t\t\t\t\t\t\t<\/div>\n\t\t\t\t<\/div>\n\t\t\t\t\t<\/div>\n\t\t<\/div>\n\t\t\t\t\t<\/div>\n\t\t<\/section>\n\t\t\t\t<\/div>","protected":false},"excerpt":{"rendered":"<p>Cookies &#8211; viac inform\u00e1ci\u00ed Tren\u010diansky samospr\u00e1vny kraj, so s\u00eddlom K dolnej stanici&nbsp;K dolnej stanici 7282\/20A,&nbsp;911 01 Tren\u010d\u00edn pou\u017e\u00edva na tomto webovom s\u00eddle s\u00fabory&nbsp;cookies, ktor\u00e9 s\u00fa pou\u017eit\u00e9 za \u00fa\u010delom sledovania n\u00e1v\u0161tevnosti webov\u00e9ho s\u00eddla alebo k prisp\u00f4sobeniu zobrazenia webov\u00fdch str\u00e1nok www.draskovicovkastiel.sk. \u010co s\u00fa s\u00fabory cookies ? S\u00fabor cookie je mal\u00fd textov\u00fd s\u00fabor, ktor\u00fd webov\u00e1 lokalita uklad\u00e1 vo [&hellip;]<\/p>\n","protected":false},"author":4,"featured_media":0,"parent":0,"menu_order":0,"comment_status":"closed","ping_status":"closed","template":"","meta":{"footnotes":""},"class_list":["post-3119","page","type-page","status-publish","hentry"],"_links":{"self":[{"href":"https:\/\/draskovicovkastiel.sk\/en\/wp-json\/wp\/v2\/pages\/3119","targetHints":{"allow":["GET"]}}],"collection":[{"href":"https:\/\/draskovicovkastiel.sk\/en\/wp-json\/wp\/v2\/pages"}],"about":[{"href":"https:\/\/draskovicovkastiel.sk\/en\/wp-json\/wp\/v2\/types\/page"}],"author":[{"embeddable":true,"href":"https:\/\/draskovicovkastiel.sk\/en\/wp-json\/wp\/v2\/users\/4"}],"replies":[{"embeddable":true,"href":"https:\/\/draskovicovkastiel.sk\/en\/wp-json\/wp\/v2\/comments?post=3119"}],"version-history":[{"count":6,"href":"https:\/\/draskovicovkastiel.sk\/en\/wp-json\/wp\/v2\/pages\/3119\/revisions"}],"predecessor-version":[{"id":3135,"href":"https:\/\/draskovicovkastiel.sk\/en\/wp-json\/wp\/v2\/pages\/3119\/revisions\/3135"}],"wp:attachment":[{"href":"https:\/\/draskovicovkastiel.sk\/en\/wp-json\/wp\/v2\/media?parent=3119"}],"curies":[{"name":"wp","href":"https:\/\/api.w.org\/{rel}","templated":true}]}}