{"id":2965,"date":"2021-10-03T17:16:01","date_gmt":"2021-10-03T15:16:01","guid":{"rendered":"http:\/\/draskovicovkastiel.sk\/?page_id=2965"},"modified":"2026-03-09T14:51:17","modified_gmt":"2026-03-09T13:51:17","slug":"technicky-prevadzkovatel","status":"publish","type":"page","link":"https:\/\/draskovicovkastiel.sk\/en\/technicky-prevadzkovatel\/","title":{"rendered":"Technick\u00fd prevadzkovate\u013e"},"content":{"rendered":"<div data-elementor-type=\"wp-page\" data-elementor-id=\"2965\" class=\"elementor elementor-2965\">\n\t\t\t\t\t\t<section class=\"elementor-section elementor-top-section elementor-element elementor-element-54c5e3a3 elementor-section-boxed elementor-section-height-default elementor-section-height-default\" data-id=\"54c5e3a3\" data-element_type=\"section\" data-e-type=\"section\">\n\t\t\t\t\t\t<div class=\"elementor-container elementor-column-gap-default\">\n\t\t\t\t\t<div class=\"elementor-column elementor-col-100 elementor-top-column elementor-element elementor-element-390a3d9c\" data-id=\"390a3d9c\" data-element_type=\"column\" data-e-type=\"column\">\n\t\t\t<div class=\"elementor-widget-wrap\">\n\t\t\t\t\t\t\t<\/div>\n\t\t<\/div>\n\t\t\t\t\t<\/div>\n\t\t<\/section>\n\t\t\t\t<section class=\"elementor-section elementor-top-section elementor-element elementor-element-4861416f elementor-section-boxed elementor-section-height-default elementor-section-height-default\" data-id=\"4861416f\" data-element_type=\"section\" data-e-type=\"section\">\n\t\t\t\t\t\t<div class=\"elementor-container elementor-column-gap-default\">\n\t\t\t\t\t<div class=\"elementor-column elementor-col-100 elementor-top-column elementor-element elementor-element-8955391\" data-id=\"8955391\" data-element_type=\"column\" data-e-type=\"column\">\n\t\t\t<div class=\"elementor-widget-wrap elementor-element-populated\">\n\t\t\t\t\t\t<div class=\"elementor-element elementor-element-dc8bc98 elementor-widget elementor-widget-spacer\" data-id=\"dc8bc98\" data-element_type=\"widget\" data-e-type=\"widget\" data-widget_type=\"spacer.default\">\n\t\t\t\t<div class=\"elementor-widget-container\">\n\t\t\t\t\t\t\t<div class=\"elementor-spacer\">\n\t\t\t<div class=\"elementor-spacer-inner\"><\/div>\n\t\t<\/div>\n\t\t\t\t\t\t<\/div>\n\t\t\t\t<\/div>\n\t\t\t\t<div class=\"elementor-element elementor-element-4dd67843 elementor-widget__width-auto elementor-widget elementor-widget-heading\" data-id=\"4dd67843\" data-element_type=\"widget\" data-e-type=\"widget\" data-widget_type=\"heading.default\">\n\t\t\t\t<div class=\"elementor-widget-container\">\n\t\t\t\t\t<h2 class=\"elementor-heading-title elementor-size-default\"><span class=\"nadpis-styling\">Technical operator<\/span>\n<\/h2>\t\t\t\t<\/div>\n\t\t\t\t<\/div>\n\t\t\t\t\t<\/div>\n\t\t<\/div>\n\t\t\t\t\t<\/div>\n\t\t<\/section>\n\t\t\t\t<section class=\"elementor-section elementor-top-section elementor-element elementor-element-1d1874e1 elementor-section-boxed elementor-section-height-default elementor-section-height-default\" data-id=\"1d1874e1\" data-element_type=\"section\" data-e-type=\"section\">\n\t\t\t\t\t\t<div class=\"elementor-container elementor-column-gap-default\">\n\t\t\t\t\t<div class=\"elementor-column elementor-col-100 elementor-top-column elementor-element elementor-element-65113ef6\" data-id=\"65113ef6\" data-element_type=\"column\" data-e-type=\"column\">\n\t\t\t<div class=\"elementor-widget-wrap elementor-element-populated\">\n\t\t\t\t\t\t<div class=\"elementor-element elementor-element-5a12770a elementor-widget elementor-widget-spacer\" data-id=\"5a12770a\" data-element_type=\"widget\" data-e-type=\"widget\" data-widget_type=\"spacer.default\">\n\t\t\t\t<div class=\"elementor-widget-container\">\n\t\t\t\t\t\t\t<div class=\"elementor-spacer\">\n\t\t\t<div class=\"elementor-spacer-inner\"><\/div>\n\t\t<\/div>\n\t\t\t\t\t\t<\/div>\n\t\t\t\t<\/div>\n\t\t\t\t<div class=\"elementor-element elementor-element-8005927 elementor-widget__width-auto elementor-widget elementor-widget-text-editor\" data-id=\"8005927\" data-element_type=\"widget\" data-e-type=\"widget\" data-widget_type=\"text-editor.default\">\n\t\t\t\t<div class=\"elementor-widget-container\">\n\t\t\t\t\t\t\t\t\t<p>Str\u00e1nky projektu Dra\u0161kovi\u010dovho ka\u0161tie\u013ea s\u00fa tvoren\u00e9 open-source syst\u00e9mom WordPress spolo\u010dnos\u0165ou AdVision solutions s.r.o., ktor\u00e1 je z\u00e1rove\u0148 technick\u00fdm prev\u00e1dzkovate\u013eom v zmysle prev\u00e1dzkovania hostingu a vlastn\u00edctva dom\u00e9ny.<\/p>\t\t\t\t\t\t\t\t<\/div>\n\t\t\t\t<\/div>\n\t\t\t\t\t<\/div>\n\t\t<\/div>\n\t\t\t\t\t<\/div>\n\t\t<\/section>\n\t\t\t\t<section class=\"elementor-section elementor-top-section elementor-element elementor-element-3b5d4623 elementor-section-boxed elementor-section-height-default elementor-section-height-default\" data-id=\"3b5d4623\" data-element_type=\"section\" data-e-type=\"section\">\n\t\t\t\t\t\t<div class=\"elementor-container elementor-column-gap-default\">\n\t\t\t\t\t<div class=\"elementor-column elementor-col-100 elementor-top-column elementor-element elementor-element-1d49bd4\" data-id=\"1d49bd4\" data-element_type=\"column\" data-e-type=\"column\">\n\t\t\t<div class=\"elementor-widget-wrap\">\n\t\t\t\t\t\t\t<\/div>\n\t\t<\/div>\n\t\t\t\t\t<\/div>\n\t\t<\/section>\n\t\t\t\t<section class=\"elementor-section elementor-top-section elementor-element elementor-element-6bb404f8 elementor-section-boxed elementor-section-height-default elementor-section-height-default\" data-id=\"6bb404f8\" data-element_type=\"section\" data-e-type=\"section\">\n\t\t\t\t\t\t<div class=\"elementor-container elementor-column-gap-default\">\n\t\t\t\t\t<div class=\"elementor-column elementor-col-100 elementor-top-column elementor-element elementor-element-5dfd1463\" data-id=\"5dfd1463\" data-element_type=\"column\" data-e-type=\"column\">\n\t\t\t<div class=\"elementor-widget-wrap elementor-element-populated\">\n\t\t\t\t\t\t<div class=\"elementor-element elementor-element-f936010 elementor-widget elementor-widget-spacer\" data-id=\"f936010\" data-element_type=\"widget\" data-e-type=\"widget\" data-widget_type=\"spacer.default\">\n\t\t\t\t<div class=\"elementor-widget-container\">\n\t\t\t\t\t\t\t<div class=\"elementor-spacer\">\n\t\t\t<div class=\"elementor-spacer-inner\"><\/div>\n\t\t<\/div>\n\t\t\t\t\t\t<\/div>\n\t\t\t\t<\/div>\n\t\t\t\t<div class=\"elementor-element elementor-element-5f1d91e7 elementor-widget__width-auto elementor-widget elementor-widget-heading\" data-id=\"5f1d91e7\" data-element_type=\"widget\" data-e-type=\"widget\" data-widget_type=\"heading.default\">\n\t\t\t\t<div class=\"elementor-widget-container\">\n\t\t\t\t\t<h2 class=\"elementor-heading-title elementor-size-default\"><span class=\"nadpis-styling\">Spr\u00e1vca obsahu<\/span>\n<\/h2>\t\t\t\t<\/div>\n\t\t\t\t<\/div>\n\t\t\t\t\t<\/div>\n\t\t<\/div>\n\t\t\t\t\t<\/div>\n\t\t<\/section>\n\t\t\t\t<section class=\"elementor-section elementor-top-section elementor-element elementor-element-3dfea5b elementor-section-boxed elementor-section-height-default elementor-section-height-default\" data-id=\"3dfea5b\" data-element_type=\"section\" data-e-type=\"section\">\n\t\t\t\t\t\t<div class=\"elementor-container elementor-column-gap-default\">\n\t\t\t\t\t<div class=\"elementor-column elementor-col-100 elementor-top-column elementor-element elementor-element-2311b2f1\" data-id=\"2311b2f1\" data-element_type=\"column\" data-e-type=\"column\">\n\t\t\t<div class=\"elementor-widget-wrap elementor-element-populated\">\n\t\t\t\t\t\t<div class=\"elementor-element elementor-element-794486ca elementor-widget elementor-widget-spacer\" data-id=\"794486ca\" data-element_type=\"widget\" data-e-type=\"widget\" data-widget_type=\"spacer.default\">\n\t\t\t\t<div class=\"elementor-widget-container\">\n\t\t\t\t\t\t\t<div class=\"elementor-spacer\">\n\t\t\t<div class=\"elementor-spacer-inner\"><\/div>\n\t\t<\/div>\n\t\t\t\t\t\t<\/div>\n\t\t\t\t<\/div>\n\t\t\t\t<div class=\"elementor-element elementor-element-5ea1fcd9 elementor-widget elementor-widget-text-editor\" data-id=\"5ea1fcd9\" data-element_type=\"widget\" data-e-type=\"widget\" data-widget_type=\"text-editor.default\">\n\t\t\t\t<div class=\"elementor-widget-container\">\n\t\t\t\t\t\t\t\t\t<p>Spr\u00e1vcom obsahu str\u00e1nok projektu Dra\u0161kovi\u010dovho ka\u0161tie\u013ea je:<\/p><p><b>The Self-Governing Region of Tren\u010d\u00edn<\/b><br \/>K dolnej stanici 7282\/20A,<br \/>911 01 Tren\u010d\u00edn<\/p>\t\t\t\t\t\t\t\t<\/div>\n\t\t\t\t<\/div>\n\t\t\t\t<div class=\"elementor-element elementor-element-df43d99 elementor-widget elementor-widget-text-editor\" data-id=\"df43d99\" data-element_type=\"widget\" data-e-type=\"widget\" data-widget_type=\"text-editor.default\">\n\t\t\t\t<div class=\"elementor-widget-container\">\n\t\t\t\t\t\t\t\t\t<p>Obsah webov\u00fdch str\u00e1nok <a href=\"https:\/\/draskovicovkastiel.sk\/en\/\">www.draskovicovkastiel.sk<\/a> informuje n\u00e1v\u0161tevn\u00edkov o \u010dinnosti a aktivit\u00e1ch projektu Dra\u0161kovi\u010dovho ka\u0161tie\u013ea, pod\u00e1va n\u00e1v\u0161tevn\u00edkom inform\u00e1cie o mo\u017enostiach vybavenia pr\u00edslu\u0161nej agendy spadaj\u00facej do kompetencie projektu Dra\u0161kovi\u010dovho ka\u0161tie\u013ea. Str\u00e1nka <a href=\"https:\/\/draskovicovkastiel.sk\/en\/\">www.draskovicovkastiel.sk<\/a>\u00a0poskytuje taktie\u017e inform\u00e1cie pre turistov a n\u00e1v\u0161tevn\u00edkov regi\u00f3nu.<\/p>\t\t\t\t\t\t\t\t<\/div>\n\t\t\t\t<\/div>\n\t\t\t\t<div class=\"elementor-element elementor-element-f3c91a7 elementor-widget elementor-widget-text-editor\" data-id=\"f3c91a7\" data-element_type=\"widget\" data-e-type=\"widget\" data-widget_type=\"text-editor.default\">\n\t\t\t\t<div class=\"elementor-widget-container\">\n\t\t\t\t\t\t\t\t\t<p>Obsahy \u010dl\u00e1nkov za jednotliv\u00e9 oblasti s\u00fa spracovan\u00e9 zodpovedn\u00fdmi pracovn\u00edkmi pr\u00edslu\u0161n\u00fdch odborov.<\/p>\t\t\t\t\t\t\t\t<\/div>\n\t\t\t\t<\/div>\n\t\t\t\t<div class=\"elementor-element elementor-element-7885fea elementor-widget elementor-widget-text-editor\" data-id=\"7885fea\" data-element_type=\"widget\" data-e-type=\"widget\" data-widget_type=\"text-editor.default\">\n\t\t\t\t<div class=\"elementor-widget-container\">\n\t\t\t\t\t\t\t\t\t<p>Pr\u00edpadn\u00e9 pripomienky pros\u00edm posielajte na <a href=\"mailto:info@draskovicovkastiel.sk\">info@draskovicovkastiel.sk<\/a><\/p>\t\t\t\t\t\t\t\t<\/div>\n\t\t\t\t<\/div>\n\t\t\t\t\t<\/div>\n\t\t<\/div>\n\t\t\t\t\t<\/div>\n\t\t<\/section>\n\t\t\t\t<\/div>","protected":false},"excerpt":{"rendered":"<p>Technick\u00fd prev\u00e1dzkovate\u013e Str\u00e1nky projektu Dra\u0161kovi\u010dovho ka\u0161tie\u013ea s\u00fa tvoren\u00e9 open-source syst\u00e9mom WordPress spolo\u010dnos\u0165ou AdVision solutions s.r.o., ktor\u00e1 je z\u00e1rove\u0148 technick\u00fdm prev\u00e1dzkovate\u013eom v zmysle prev\u00e1dzkovania hostingu a vlastn\u00edctva dom\u00e9ny. Spr\u00e1vca obsahu Spr\u00e1vcom obsahu str\u00e1nok projektu Dra\u0161kovi\u010dovho ka\u0161tie\u013ea je: Tren\u010diansky samospr\u00e1vny krajK dolnej stanici 7282\/20A,911 01 Tren\u010d\u00edn Obsah webov\u00fdch str\u00e1nok www.draskovicovkastiel.sk informuje n\u00e1v\u0161tevn\u00edkov o \u010dinnosti a aktivit\u00e1ch projektu [&hellip;]<\/p>\n","protected":false},"author":4,"featured_media":0,"parent":0,"menu_order":0,"comment_status":"closed","ping_status":"closed","template":"","meta":{"footnotes":""},"class_list":["post-2965","page","type-page","status-publish","hentry"],"_links":{"self":[{"href":"https:\/\/draskovicovkastiel.sk\/en\/wp-json\/wp\/v2\/pages\/2965","targetHints":{"allow":["GET"]}}],"collection":[{"href":"https:\/\/draskovicovkastiel.sk\/en\/wp-json\/wp\/v2\/pages"}],"about":[{"href":"https:\/\/draskovicovkastiel.sk\/en\/wp-json\/wp\/v2\/types\/page"}],"author":[{"embeddable":true,"href":"https:\/\/draskovicovkastiel.sk\/en\/wp-json\/wp\/v2\/users\/4"}],"replies":[{"embeddable":true,"href":"https:\/\/draskovicovkastiel.sk\/en\/wp-json\/wp\/v2\/comments?post=2965"}],"version-history":[{"count":6,"href":"https:\/\/draskovicovkastiel.sk\/en\/wp-json\/wp\/v2\/pages\/2965\/revisions"}],"predecessor-version":[{"id":3118,"href":"https:\/\/draskovicovkastiel.sk\/en\/wp-json\/wp\/v2\/pages\/2965\/revisions\/3118"}],"wp:attachment":[{"href":"https:\/\/draskovicovkastiel.sk\/en\/wp-json\/wp\/v2\/media?parent=2965"}],"curies":[{"name":"wp","href":"https:\/\/api.w.org\/{rel}","templated":true}]}}