{"id":2962,"date":"2021-10-03T17:15:18","date_gmt":"2021-10-03T15:15:18","guid":{"rendered":"http:\/\/draskovicovkastiel.sk\/?page_id=2962"},"modified":"2026-03-09T14:51:17","modified_gmt":"2026-03-09T13:51:17","slug":"prehlasenie-o-pristupnosti","status":"publish","type":"page","link":"https:\/\/draskovicovkastiel.sk\/en\/prehlasenie-o-pristupnosti\/","title":{"rendered":"Accessibility statement"},"content":{"rendered":"<div data-elementor-type=\"wp-page\" data-elementor-id=\"2962\" class=\"elementor elementor-2962\">\n\t\t\t\t\t\t<section class=\"elementor-section elementor-top-section elementor-element elementor-element-b27c4e2 elementor-section-boxed elementor-section-height-default elementor-section-height-default\" data-id=\"b27c4e2\" data-element_type=\"section\" data-e-type=\"section\">\n\t\t\t\t\t\t<div class=\"elementor-container elementor-column-gap-default\">\n\t\t\t\t\t<div class=\"elementor-column elementor-col-100 elementor-top-column elementor-element elementor-element-05ce3f5\" data-id=\"05ce3f5\" data-element_type=\"column\" data-e-type=\"column\">\n\t\t\t<div class=\"elementor-widget-wrap\">\n\t\t\t\t\t\t\t<\/div>\n\t\t<\/div>\n\t\t\t\t\t<\/div>\n\t\t<\/section>\n\t\t\t\t<section class=\"elementor-section elementor-top-section elementor-element elementor-element-f1ed948 elementor-section-boxed elementor-section-height-default elementor-section-height-default\" data-id=\"f1ed948\" data-element_type=\"section\" data-e-type=\"section\">\n\t\t\t\t\t\t<div class=\"elementor-container elementor-column-gap-default\">\n\t\t\t\t\t<div class=\"elementor-column elementor-col-100 elementor-top-column elementor-element elementor-element-da147e5\" data-id=\"da147e5\" data-element_type=\"column\" data-e-type=\"column\">\n\t\t\t<div class=\"elementor-widget-wrap elementor-element-populated\">\n\t\t\t\t\t\t<div class=\"elementor-element elementor-element-8481abe elementor-widget elementor-widget-spacer\" data-id=\"8481abe\" data-element_type=\"widget\" data-e-type=\"widget\" data-widget_type=\"spacer.default\">\n\t\t\t\t<div class=\"elementor-widget-container\">\n\t\t\t\t\t\t\t<div class=\"elementor-spacer\">\n\t\t\t<div class=\"elementor-spacer-inner\"><\/div>\n\t\t<\/div>\n\t\t\t\t\t\t<\/div>\n\t\t\t\t<\/div>\n\t\t\t\t<div class=\"elementor-element elementor-element-d3dc27f elementor-widget__width-auto elementor-widget elementor-widget-heading\" data-id=\"d3dc27f\" data-element_type=\"widget\" data-e-type=\"widget\" data-widget_type=\"heading.default\">\n\t\t\t\t<div class=\"elementor-widget-container\">\n\t\t\t\t\t<h2 class=\"elementor-heading-title elementor-size-default\"><span class=\"nadpis-styling\">Accessibility statement<\/span>\n<\/h2>\t\t\t\t<\/div>\n\t\t\t\t<\/div>\n\t\t\t\t\t<\/div>\n\t\t<\/div>\n\t\t\t\t\t<\/div>\n\t\t<\/section>\n\t\t\t\t<section class=\"elementor-section elementor-top-section elementor-element elementor-element-f6fbf1f elementor-section-boxed elementor-section-height-default elementor-section-height-default\" data-id=\"f6fbf1f\" data-element_type=\"section\" data-e-type=\"section\">\n\t\t\t\t\t\t<div class=\"elementor-container elementor-column-gap-default\">\n\t\t\t\t\t<div class=\"elementor-column elementor-col-100 elementor-top-column elementor-element elementor-element-50cca6e\" data-id=\"50cca6e\" data-element_type=\"column\" data-e-type=\"column\">\n\t\t\t<div class=\"elementor-widget-wrap elementor-element-populated\">\n\t\t\t\t\t\t<div class=\"elementor-element elementor-element-e103588 elementor-widget elementor-widget-spacer\" data-id=\"e103588\" data-element_type=\"widget\" data-e-type=\"widget\" data-widget_type=\"spacer.default\">\n\t\t\t\t<div class=\"elementor-widget-container\">\n\t\t\t\t\t\t\t<div class=\"elementor-spacer\">\n\t\t\t<div class=\"elementor-spacer-inner\"><\/div>\n\t\t<\/div>\n\t\t\t\t\t\t<\/div>\n\t\t\t\t<\/div>\n\t\t\t\t<div class=\"elementor-element elementor-element-4e665df elementor-widget elementor-widget-text-editor\" data-id=\"4e665df\" data-element_type=\"widget\" data-e-type=\"widget\" data-widget_type=\"text-editor.default\">\n\t\t\t\t<div class=\"elementor-widget-container\">\n\t\t\t\t\t\t\t\t\t<p>Webov\u00e1 str\u00e1nka\u00a0<a href=\"https:\/\/draskovicovkastiel.sk\/en\/\">www.draskovicovkastiel.sk<\/a>\u00a0sp\u013a\u0148a z\u00e1kladn\u00e9 \u0161tandardy pr\u00edstupnosti.<\/p>\t\t\t\t\t\t\t\t<\/div>\n\t\t\t\t<\/div>\n\t\t\t\t<div class=\"elementor-element elementor-element-c4f234c elementor-widget elementor-widget-text-editor\" data-id=\"c4f234c\" data-element_type=\"widget\" data-e-type=\"widget\" data-widget_type=\"text-editor.default\">\n\t\t\t\t<div class=\"elementor-widget-container\">\n\t\t\t\t\t\t\t\t\t<p>Webov\u00e1 str\u00e1nka je vytvoren\u00e1 s oh\u013eadom na maxim\u00e1lnu pr\u00edstupnos\u0165 obsahu a funk\u010dnos\u0165. Webov\u00e1 str\u00e1nka je definovan\u00e1 v relat\u00edvnych jednotk\u00e1ch a jej elementy je mo\u017en\u00e9 ve\u013ekostne prisp\u00f4sobova\u0165 pomocou \u0161tandardn\u00fdch n\u00e1strojov webov\u00fdch prehliada\u010dov.<\/p>\t\t\t\t\t\t\t\t<\/div>\n\t\t\t\t<\/div>\n\t\t\t\t<div class=\"elementor-element elementor-element-3ab0d12 elementor-widget elementor-widget-text-editor\" data-id=\"3ab0d12\" data-element_type=\"widget\" data-e-type=\"widget\" data-widget_type=\"text-editor.default\">\n\t\t\t\t<div class=\"elementor-widget-container\">\n\t\t\t\t\t\t\t\t\t<p>Textov\u00e9 s\u00fabory na tejto webovej str\u00e1nke s\u00fa zverej\u0148ovan\u00e9 okrem form\u00e1tu .html aj vo form\u00e1te .docx a .pdf. Na zobrazenie dokumentov v .pdf odpor\u00fa\u010dame pou\u017e\u00edva\u0165 Adobe Reader.<\/p>\t\t\t\t\t\t\t\t<\/div>\n\t\t\t\t<\/div>\n\t\t\t\t<div class=\"elementor-element elementor-element-bb131b4 elementor-widget elementor-widget-text-editor\" data-id=\"bb131b4\" data-element_type=\"widget\" data-e-type=\"widget\" data-widget_type=\"text-editor.default\">\n\t\t\t\t<div class=\"elementor-widget-container\">\n\t\t\t\t\t\t\t\t\t<p>Z arch\u00edvnych d\u00f4vodov sa m\u00f4\u017eu na webovej str\u00e1nke vyskytova\u0165 textov\u00e9 s\u00fabory vo form\u00e1te .rtf, av\u0161ak nov\u00e9 textov\u00e9 s\u00fabory sa v tomto form\u00e1te u\u017e nebud\u00fa zverej\u0148ova\u0165. V\u0161etky uveden\u00e9 form\u00e1ty je mo\u017en\u00e9 zobrazi\u0165 a editova\u0165 vo v\u00e4\u010d\u0161ine be\u017ene pou\u017e\u00edvan\u00fdch textov\u00fdch editoroch, okrem form\u00e1tu .pdf.<\/p>\t\t\t\t\t\t\t\t<\/div>\n\t\t\t\t<\/div>\n\t\t\t\t<div class=\"elementor-element elementor-element-778d361 elementor-widget elementor-widget-text-editor\" data-id=\"778d361\" data-element_type=\"widget\" data-e-type=\"widget\" data-widget_type=\"text-editor.default\">\n\t\t\t\t<div class=\"elementor-widget-container\">\n\t\t\t\t\t\t\t\t\t<p>S\u00fabory obsahuj\u00face tabu\u013eky s\u00fa zverej\u0148ovan\u00e9 vo form\u00e1te .xlsx, pr\u00edpadne vo form\u00e1te .csv. Z arch\u00edvnych d\u00f4vodov sa m\u00f4\u017eu na webovej str\u00e1nke vyskytova\u0165 tabu\u013ekov\u00e9 s\u00fabory vo form\u00e1te .xls.<\/p>\t\t\t\t\t\t\t\t<\/div>\n\t\t\t\t<\/div>\n\t\t\t\t<div class=\"elementor-element elementor-element-316f949 elementor-widget elementor-widget-text-editor\" data-id=\"316f949\" data-element_type=\"widget\" data-e-type=\"widget\" data-widget_type=\"text-editor.default\">\n\t\t\t\t<div class=\"elementor-widget-container\">\n\t\t\t\t\t\t\t\t\t<p>Grafick\u00e9 s\u00fabory sa na webovej str\u00e1nke zverej\u0148uj\u00fa najm\u00e4 vo form\u00e1te .jpg a .png.<\/p>\t\t\t\t\t\t\t\t<\/div>\n\t\t\t\t<\/div>\n\t\t\t\t<div class=\"elementor-element elementor-element-717a01b elementor-widget elementor-widget-text-editor\" data-id=\"717a01b\" data-element_type=\"widget\" data-e-type=\"widget\" data-widget_type=\"text-editor.default\">\n\t\t\t\t<div class=\"elementor-widget-container\">\n\t\t\t\t\t\t\t\t\t<p>V pr\u00edpade ak\u00fdchko\u013evek probl\u00e9mov s pr\u00edstupnos\u0165ou kontaktujte <a href=\"mailto:info@draskovicovkastiel.sk\">info@draskovicovkastiel.sk<\/a><\/p>\t\t\t\t\t\t\t\t<\/div>\n\t\t\t\t<\/div>\n\t\t\t\t\t<\/div>\n\t\t<\/div>\n\t\t\t\t\t<\/div>\n\t\t<\/section>\n\t\t\t\t<\/div>","protected":false},"excerpt":{"rendered":"<p>Prehl\u00e1senie o pr\u00edstupnosti Webov\u00e1 str\u00e1nka\u00a0www.draskovicovkastiel.sk\u00a0sp\u013a\u0148a z\u00e1kladn\u00e9 \u0161tandardy pr\u00edstupnosti. Webov\u00e1 str\u00e1nka je vytvoren\u00e1 s oh\u013eadom na maxim\u00e1lnu pr\u00edstupnos\u0165 obsahu a funk\u010dnos\u0165. Webov\u00e1 str\u00e1nka je definovan\u00e1 v relat\u00edvnych jednotk\u00e1ch a jej elementy je mo\u017en\u00e9 ve\u013ekostne prisp\u00f4sobova\u0165 pomocou \u0161tandardn\u00fdch n\u00e1strojov webov\u00fdch prehliada\u010dov. Textov\u00e9 s\u00fabory na tejto webovej str\u00e1nke s\u00fa zverej\u0148ovan\u00e9 okrem form\u00e1tu .html aj vo form\u00e1te .docx a [&hellip;]<\/p>\n","protected":false},"author":4,"featured_media":0,"parent":0,"menu_order":0,"comment_status":"closed","ping_status":"closed","template":"","meta":{"footnotes":""},"class_list":["post-2962","page","type-page","status-publish","hentry"],"_links":{"self":[{"href":"https:\/\/draskovicovkastiel.sk\/en\/wp-json\/wp\/v2\/pages\/2962","targetHints":{"allow":["GET"]}}],"collection":[{"href":"https:\/\/draskovicovkastiel.sk\/en\/wp-json\/wp\/v2\/pages"}],"about":[{"href":"https:\/\/draskovicovkastiel.sk\/en\/wp-json\/wp\/v2\/types\/page"}],"author":[{"embeddable":true,"href":"https:\/\/draskovicovkastiel.sk\/en\/wp-json\/wp\/v2\/users\/4"}],"replies":[{"embeddable":true,"href":"https:\/\/draskovicovkastiel.sk\/en\/wp-json\/wp\/v2\/comments?post=2962"}],"version-history":[{"count":6,"href":"https:\/\/draskovicovkastiel.sk\/en\/wp-json\/wp\/v2\/pages\/2962\/revisions"}],"predecessor-version":[{"id":3000,"href":"https:\/\/draskovicovkastiel.sk\/en\/wp-json\/wp\/v2\/pages\/2962\/revisions\/3000"}],"wp:attachment":[{"href":"https:\/\/draskovicovkastiel.sk\/en\/wp-json\/wp\/v2\/media?parent=2962"}],"curies":[{"name":"wp","href":"https:\/\/api.w.org\/{rel}","templated":true}]}}