{"id":22,"date":"2021-03-07T08:50:30","date_gmt":"2021-03-07T08:50:30","guid":{"rendered":"http:\/\/wandau.themezinho.net\/?page_id=22"},"modified":"2026-04-07T08:25:34","modified_gmt":"2026-04-07T06:25:34","slug":"kontakt","status":"publish","type":"page","link":"https:\/\/draskovicovkastiel.sk\/en\/kontakt\/","title":{"rendered":"Contact"},"content":{"rendered":"<div data-elementor-type=\"wp-page\" data-elementor-id=\"22\" class=\"elementor elementor-22\">\n\t\t\t\t\t\t<section class=\"elementor-section elementor-top-section elementor-element elementor-element-eba2c41 elementor-section-boxed elementor-section-height-default elementor-section-height-default\" data-id=\"eba2c41\" data-element_type=\"section\" data-e-type=\"section\" data-settings=\"{&quot;background_background&quot;:&quot;classic&quot;}\">\n\t\t\t\t\t\t<div class=\"elementor-container elementor-column-gap-default\">\n\t\t\t\t\t<div class=\"elementor-column elementor-col-100 elementor-top-column elementor-element elementor-element-641f230\" data-id=\"641f230\" data-element_type=\"column\" data-e-type=\"column\">\n\t\t\t<div class=\"elementor-widget-wrap elementor-element-populated\">\n\t\t\t\t\t\t<section class=\"elementor-section elementor-inner-section elementor-element elementor-element-f1b7471 elementor-section-boxed elementor-section-height-default elementor-section-height-default\" data-id=\"f1b7471\" data-element_type=\"section\" data-e-type=\"section\">\n\t\t\t\t\t\t<div class=\"elementor-container elementor-column-gap-default\">\n\t\t\t\t\t<div class=\"elementor-column elementor-col-100 elementor-inner-column elementor-element elementor-element-eea3fcf\" data-id=\"eea3fcf\" data-element_type=\"column\" data-e-type=\"column\">\n\t\t\t<div class=\"elementor-widget-wrap elementor-element-populated\">\n\t\t\t\t\t\t<div class=\"elementor-element elementor-element-539fe35 elementor-widget__width-auto elementor-widget elementor-widget-heading\" data-id=\"539fe35\" data-element_type=\"widget\" data-e-type=\"widget\" data-widget_type=\"heading.default\">\n\t\t\t\t<div class=\"elementor-widget-container\">\n\t\t\t\t\t<h2 class=\"elementor-heading-title elementor-size-default\"><span class=\"nadpis-styling\">DO NOT HESITATE<br><span class=\"cervene-nadpisy\">TO CONTACT US<\/span><\/span><\/h2>\t\t\t\t<\/div>\n\t\t\t\t<\/div>\n\t\t\t\t<div class=\"elementor-element elementor-element-903983e elementor-widget elementor-widget-spacer\" data-id=\"903983e\" data-element_type=\"widget\" data-e-type=\"widget\" data-widget_type=\"spacer.default\">\n\t\t\t\t<div class=\"elementor-widget-container\">\n\t\t\t\t\t\t\t<div class=\"elementor-spacer\">\n\t\t\t<div class=\"elementor-spacer-inner\"><\/div>\n\t\t<\/div>\n\t\t\t\t\t\t<\/div>\n\t\t\t\t<\/div>\n\t\t\t\t\t<\/div>\n\t\t<\/div>\n\t\t\t\t\t<\/div>\n\t\t<\/section>\n\t\t\t\t<section class=\"elementor-section elementor-inner-section elementor-element elementor-element-d3f0f88 elementor-section-boxed elementor-section-height-default elementor-section-height-default\" data-id=\"d3f0f88\" data-element_type=\"section\" data-e-type=\"section\">\n\t\t\t\t\t\t<div class=\"elementor-container elementor-column-gap-default\">\n\t\t\t\t\t<div class=\"elementor-column elementor-col-50 elementor-inner-column elementor-element elementor-element-d8dea19\" data-id=\"d8dea19\" data-element_type=\"column\" data-e-type=\"column\">\n\t\t\t<div class=\"elementor-widget-wrap elementor-element-populated\">\n\t\t\t\t\t\t<div class=\"elementor-element elementor-element-4fdb1c3 elementor-widget elementor-widget-contact-box\" data-id=\"4fdb1c3\" data-element_type=\"widget\" data-e-type=\"widget\" data-widget_type=\"contact-box.default\">\n\t\t\t\t<div class=\"elementor-widget-container\">\n\t\t\t\t\t\n<div class=\"contact-box\" data-scroll data-scroll-speed=\"0\">\n\t\t\t\t   <h6>The Museum of Tren\u010d\u00edn<\/h6>\n     <div class=\"contact-box\"><p><strong>Dra\u0161kovi\u010dov ka\u0161tie\u013e:<\/strong> <a href=\"tel:0901 918 858\">0911 456 063<\/a><\/p><p><a href=\"mailto:draskovicov.kastiel@muzeumtn.sk\">draskovicov.kastiel@muzeumtn.sk<\/a><\/p><p><a href=\"http:\/\/www.muzeumtn.sk\" target=\"_blank\" rel=\"noopener\">www.muzeumtn.sk<\/a><\/p><\/div>  \t\t\t\t<\/div>\n\n\n\n\t\t\t\t<\/div>\n\t\t\t\t<\/div>\n\t\t\t\t<div class=\"elementor-element elementor-element-c97f5e5 elementor-widget elementor-widget-contact-box\" data-id=\"c97f5e5\" data-element_type=\"widget\" data-e-type=\"widget\" data-widget_type=\"contact-box.default\">\n\t\t\t\t<div class=\"elementor-widget-container\">\n\t\t\t\t\t\n<div class=\"contact-box\" data-scroll data-scroll-speed=\"0\">\n\t\t\t\t   <h6>The Self-Governing Region of Tren\u010d\u00edn<\/h6>\n     <p><b>Project manager:<\/b><\/p><p>Ing. Jana Vankov\u00e1<\/p><p>The Self-Governing Region of Tren\u010d\u00edn<\/p><p>K dolnej stanici 7282\/20A, 911 01 Tren\u010d\u00edn<\/p><p><a href=\"tel:032\/6555415\">032\/6555415<\/a><\/p><p><a href=\"tel:0901 918 192\">0901 918 192<\/a><\/p>  \t\t\t\t<\/div>\n\n\n\n\t\t\t\t<\/div>\n\t\t\t\t<\/div>\n\t\t\t\t\t<\/div>\n\t\t<\/div>\n\t\t\t\t<div class=\"elementor-column elementor-col-50 elementor-inner-column elementor-element elementor-element-9598ed3\" data-id=\"9598ed3\" data-element_type=\"column\" data-e-type=\"column\">\n\t\t\t<div class=\"elementor-widget-wrap elementor-element-populated\">\n\t\t\t\t\t\t<div class=\"elementor-element elementor-element-8f2d397 elementor-widget elementor-widget-contact-form7\" data-id=\"8f2d397\" data-element_type=\"widget\" data-e-type=\"widget\" data-widget_type=\"contact-form7.default\">\n\t\t\t\t<div class=\"elementor-widget-container\">\n\t\t\t\t\t  \n<div class=\"wpcf7 no-js\" id=\"wpcf7-f5259-o1\" lang=\"sk-SK\" dir=\"ltr\" data-wpcf7-id=\"5259\">\n<div class=\"screen-reader-response\"><p role=\"status\" aria-live=\"polite\" aria-atomic=\"true\"><\/p> <ul><\/ul><\/div>\n<form action=\"\/en\/wp-json\/wp\/v2\/pages\/22#wpcf7-f5259-o1\" method=\"post\" class=\"wpcf7-form init\" aria-label=\"Kontaktn\u00fd formul\u00e1r\" novalidate=\"novalidate\" data-status=\"init\" data-trp-original-action=\"\/en\/wp-json\/wp\/v2\/pages\/22#wpcf7-f5259-o1\">\n<fieldset class=\"hidden-fields-container\"><input type=\"hidden\" name=\"_wpcf7\" value=\"5259\" \/><input type=\"hidden\" name=\"_wpcf7_version\" value=\"6.1.5\" \/><input type=\"hidden\" name=\"_wpcf7_locale\" value=\"sk_SK\" \/><input type=\"hidden\" name=\"_wpcf7_unit_tag\" value=\"wpcf7-f5259-o1\" \/><input type=\"hidden\" name=\"_wpcf7_container_post\" value=\"0\" \/><input type=\"hidden\" name=\"_wpcf7_posted_data_hash\" value=\"\" \/>\n<\/fieldset>\n<p><label> V\u00e1\u0161 email<br \/>\n<span class=\"wpcf7-form-control-wrap\" data-name=\"your-email\"><input size=\"40\" maxlength=\"400\" class=\"wpcf7-form-control wpcf7-email wpcf7-validates-as-required wpcf7-text wpcf7-validates-as-email\" autocomplete=\"email\" aria-required=\"true\" aria-invalid=\"false\" value=\"\" type=\"email\" name=\"your-email\" \/><\/span> <\/label>\n<\/p>\n<p><label> Your Name<br \/>\n<span class=\"wpcf7-form-control-wrap\" data-name=\"your-name\"><input size=\"40\" maxlength=\"400\" class=\"wpcf7-form-control wpcf7-text wpcf7-validates-as-required\" aria-required=\"true\" aria-invalid=\"false\" value=\"\" type=\"text\" name=\"your-name\" \/><\/span> <\/label>\n<\/p>\n<p><label> Predmet<br \/>\n<span class=\"wpcf7-form-control-wrap\" data-name=\"your-subject\"><input size=\"40\" maxlength=\"400\" class=\"wpcf7-form-control wpcf7-text wpcf7-validates-as-required\" aria-required=\"true\" aria-invalid=\"false\" value=\"\" type=\"text\" name=\"your-subject\" \/><\/span> <\/label>\n<\/p>\n<p><label> Your message<br \/>\n<span class=\"wpcf7-form-control-wrap\" data-name=\"your-message\"><textarea cols=\"40\" rows=\"10\" maxlength=\"2000\" class=\"wpcf7-form-control wpcf7-textarea wpcf7-validates-as-required\" aria-required=\"true\" aria-invalid=\"false\" name=\"your-message\"><\/textarea><\/span> <\/label>\n<\/p>\n<p><input class=\"wpcf7-form-control wpcf7-submit has-spinner\" type=\"submit\" value=\"Send\" \/>\n<\/p><div class=\"wpcf7-response-output\" aria-hidden=\"true\"><\/div>\n<input type=\"hidden\" name=\"trp-form-language\" value=\"en\"\/><\/form>\n<\/div>\n  \t\t\t\t<\/div>\n\t\t\t\t<\/div>\n\t\t\t\t\t<\/div>\n\t\t<\/div>\n\t\t\t\t\t<\/div>\n\t\t<\/section>\n\t\t\t\t\t<\/div>\n\t\t<\/div>\n\t\t\t\t\t<\/div>\n\t\t<\/section>\n\t\t\t\t<section class=\"elementor-section elementor-top-section elementor-element elementor-element-91ac9b5 elementor-section-full_width elementor-section-height-default elementor-section-height-default\" data-id=\"91ac9b5\" data-element_type=\"section\" data-e-type=\"section\">\n\t\t\t\t\t\t<div class=\"elementor-container elementor-column-gap-no\">\n\t\t\t\t\t<div class=\"elementor-column elementor-col-100 elementor-top-column elementor-element elementor-element-f312d27\" data-id=\"f312d27\" data-element_type=\"column\" data-e-type=\"column\">\n\t\t\t<div class=\"elementor-widget-wrap elementor-element-populated\">\n\t\t\t\t\t\t<div class=\"elementor-element elementor-element-839b01d elementor-widget elementor-widget-google-maps\" data-id=\"839b01d\" data-element_type=\"widget\" data-e-type=\"widget\" data-widget_type=\"google-maps.default\">\n\t\t\t\t<div class=\"elementor-widget-container\">\n\t\t\t\t\t<div class=\"google-maps\">\n\t  <iframe  src=\"  https:\/\/www.google.com\/maps\/embed?pb=!1m18!1m12!1m3!1d84286.43728352076!2d17.715839501692198!3d48.68729832254025!2m3!1f0!2f0!3f0!3m2!1i1024!2i768!4f13.1!3m3!1m2!1s0x471355e18e72f15b%3A0xa365c1a320649945!2zRHJhxaFrb3ZpxI1vdiBrYcWhdGllxL4gLSBNw7p6ZXVtIMSMYWNodGljZQ!5e0!3m2!1ssk!2ssk!4v1633339559814!5m2!1ssk!2ssk\" ><\/iframe>\n\t  <\/div>\n\n\n\t\t\t\t<\/div>\n\t\t\t\t<\/div>\n\t\t\t\t<div class=\"elementor-element elementor-element-241e92a elementor-widget elementor-widget-text-editor\" data-id=\"241e92a\" data-element_type=\"widget\" data-e-type=\"widget\" data-widget_type=\"text-editor.default\">\n\t\t\t\t<div class=\"elementor-widget-container\">\n\t\t\t\t\t\t\t\t\tDra\u0161kovi\u010dov ka\u0161tie\u013e v \u010cachticiach<br>\n\nMalinovsk\u00e9ho 826, 916 21 \u010cachtice\t\t\t\t\t\t\t\t<\/div>\n\t\t\t\t<\/div>\n\t\t\t\t\t<\/div>\n\t\t<\/div>\n\t\t\t\t\t<\/div>\n\t\t<\/section>\n\t\t\t\t<\/div>","protected":false},"excerpt":{"rendered":"<p>Nev\u00e1hajte n\u00e1skontaktova\u0165 Tren\u010dianske m\u00fazeum v Tren\u010d\u00edne Dra\u0161kovi\u010dov ka\u0161tie\u013e: 0911 456 063 draskovicov.kastiel@muzeumtn.sk www.muzeumtn.sk Tren\u010diansky samospr\u00e1vny kraj Projektov\u00fd mana\u017e\u00e9r: Ing. Jana Vankov\u00e1 Tren\u010diansky samospr\u00e1vny kraj K dolnej stanici 7282\/20A, 911 01 Tren\u010d\u00edn 032\/6555415 0901 918 192 Dra\u0161kovi\u010dov ka\u0161tie\u013e v \u010cachticiach Malinovsk\u00e9ho 826, 916 21 \u010cachtice<\/p>","protected":false},"author":4,"featured_media":0,"parent":0,"menu_order":0,"comment_status":"closed","ping_status":"closed","template":"page-builder.php","meta":{"footnotes":""},"class_list":["post-22","page","type-page","status-publish","hentry"],"_links":{"self":[{"href":"https:\/\/draskovicovkastiel.sk\/en\/wp-json\/wp\/v2\/pages\/22","targetHints":{"allow":["GET"]}}],"collection":[{"href":"https:\/\/draskovicovkastiel.sk\/en\/wp-json\/wp\/v2\/pages"}],"about":[{"href":"https:\/\/draskovicovkastiel.sk\/en\/wp-json\/wp\/v2\/types\/page"}],"author":[{"embeddable":true,"href":"https:\/\/draskovicovkastiel.sk\/en\/wp-json\/wp\/v2\/users\/4"}],"replies":[{"embeddable":true,"href":"https:\/\/draskovicovkastiel.sk\/en\/wp-json\/wp\/v2\/comments?post=22"}],"version-history":[{"count":18,"href":"https:\/\/draskovicovkastiel.sk\/en\/wp-json\/wp\/v2\/pages\/22\/revisions"}],"predecessor-version":[{"id":5436,"href":"https:\/\/draskovicovkastiel.sk\/en\/wp-json\/wp\/v2\/pages\/22\/revisions\/5436"}],"wp:attachment":[{"href":"https:\/\/draskovicovkastiel.sk\/en\/wp-json\/wp\/v2\/media?parent=22"}],"curies":[{"name":"wp","href":"https:\/\/api.w.org\/{rel}","templated":true}]}}