{"id":1888,"date":"2021-09-24T12:50:53","date_gmt":"2021-09-24T10:50:53","guid":{"rendered":"http:\/\/draskovicovkastiel.sk\/?page_id=1888"},"modified":"2026-03-09T14:51:17","modified_gmt":"2026-03-09T13:51:17","slug":"historia","status":"publish","type":"page","link":"https:\/\/draskovicovkastiel.sk\/en\/historia\/","title":{"rendered":"History"},"content":{"rendered":"<div data-elementor-type=\"wp-page\" data-elementor-id=\"1888\" class=\"elementor elementor-1888\">\n\t\t\t\t\t\t<section class=\"elementor-section elementor-top-section elementor-element elementor-element-f0f9e63 elementor-section-boxed elementor-section-height-default elementor-section-height-default\" data-id=\"f0f9e63\" data-element_type=\"section\" data-e-type=\"section\">\n\t\t\t\t\t\t<div class=\"elementor-container elementor-column-gap-default\">\n\t\t\t\t\t<div class=\"elementor-column elementor-col-100 elementor-top-column elementor-element elementor-element-f8a2a8b\" data-id=\"f8a2a8b\" data-element_type=\"column\" data-e-type=\"column\">\n\t\t\t<div class=\"elementor-widget-wrap elementor-element-populated\">\n\t\t\t\t\t\t<div class=\"elementor-element elementor-element-929f194 elementor-widget elementor-widget-heading\" data-id=\"929f194\" data-element_type=\"widget\" data-e-type=\"widget\" data-widget_type=\"heading.default\">\n\t\t\t\t<div class=\"elementor-widget-container\">\n\t\t\t\t\t<h2 class=\"elementor-heading-title elementor-size-default\"><span class=\"nadpis-styling\">History of the ownership of <span class=\"cervene-nadpisy\">of the Manor House of Dra\u0161kovi\u010d<\/span><\/span><\/h2>\t\t\t\t<\/div>\n\t\t\t\t<\/div>\n\t\t\t\t<div class=\"elementor-element elementor-element-88ea2c0 elementor-widget elementor-widget-spacer\" data-id=\"88ea2c0\" data-element_type=\"widget\" data-e-type=\"widget\" data-widget_type=\"spacer.default\">\n\t\t\t\t<div class=\"elementor-widget-container\">\n\t\t\t\t\t\t\t<div class=\"elementor-spacer\">\n\t\t\t<div class=\"elementor-spacer-inner\"><\/div>\n\t\t<\/div>\n\t\t\t\t\t\t<\/div>\n\t\t\t\t<\/div>\n\t\t\t\t\t<\/div>\n\t\t<\/div>\n\t\t\t\t\t<\/div>\n\t\t<\/section>\n\t\t\t\t<section class=\"elementor-section elementor-top-section elementor-element elementor-element-e17d929 elementor-section-boxed elementor-section-height-default elementor-section-height-default\" data-id=\"e17d929\" data-element_type=\"section\" data-e-type=\"section\">\n\t\t\t\t\t\t<div class=\"elementor-container elementor-column-gap-default\">\n\t\t\t\t\t<div class=\"elementor-column elementor-col-50 elementor-top-column elementor-element elementor-element-c06e6ee\" data-id=\"c06e6ee\" data-element_type=\"column\" data-e-type=\"column\" data-settings=\"{&quot;background_background&quot;:&quot;classic&quot;}\">\n\t\t\t<div class=\"elementor-widget-wrap elementor-element-populated\">\n\t\t\t\t\t<div class=\"elementor-background-overlay\"><\/div>\n\t\t\t\t\t\t<div class=\"elementor-element elementor-element-99655fe elementor-widget elementor-widget-spacer\" data-id=\"99655fe\" data-element_type=\"widget\" data-e-type=\"widget\" data-widget_type=\"spacer.default\">\n\t\t\t\t<div class=\"elementor-widget-container\">\n\t\t\t\t\t\t\t<div class=\"elementor-spacer\">\n\t\t\t<div class=\"elementor-spacer-inner\"><\/div>\n\t\t<\/div>\n\t\t\t\t\t\t<\/div>\n\t\t\t\t<\/div>\n\t\t\t\t\t<\/div>\n\t\t<\/div>\n\t\t\t\t<div class=\"elementor-column elementor-col-50 elementor-top-column elementor-element elementor-element-e9af599\" data-id=\"e9af599\" data-element_type=\"column\" data-e-type=\"column\">\n\t\t\t<div class=\"elementor-widget-wrap elementor-element-populated\">\n\t\t\t\t\t\t<div class=\"elementor-element elementor-element-dfcc89e elementor-widget elementor-widget-text-box\" data-id=\"dfcc89e\" data-element_type=\"widget\" data-e-type=\"widget\" data-widget_type=\"text-box.default\">\n\t\t\t\t<div class=\"elementor-widget-container\">\n\t\t\t\t\t<div class=\"text-box\" data-scroll data-scroll-speed=\"\">\n       <p>The history of the Manor House of Dra\u0161kovi\u010d in \u010cachtice dates back to 1677 (some sources also\nmention the year 1668). The Croatian nobleman Nikola Dra\u0161kovi\u010d, who married the Countess\nBarbora Drugeth, the granddaughter of Elizabeth B\u00e1thory, initiated building the manor house, which also bears his name.<\/p><p>At the beginning of the 18th century, the building was acquired by the Forg\u00e1ch family. They owned the manor house for the longest time \u2013 for more than 140 years.\u00a0<\/p><p>The last owner was the Czenkay family that bought the manor house from the Forg\u00e1ch family in 1852.<\/p><p>In the 19th and early 20th century, the manor house served as a\u00a0dosshouse for poor population, which had fatal effects on its condition.<\/p>    <\/div>\n\t\t\t\t<\/div>\n\t\t\t\t<\/div>\n\t\t\t\t<div class=\"elementor-element elementor-element-7f7e9cf elementor-widget__width-auto elementor-widget elementor-widget-custom-button\" data-id=\"7f7e9cf\" data-element_type=\"widget\" data-e-type=\"widget\" data-widget_type=\"custom-button.default\">\n\t\t\t\t<div class=\"elementor-widget-container\">\n\t\t\t\t\t<a href=\"https:\/\/draskovicovkastiel.sk\/en\/historia-vlastnictva\/\" class=\"custom-button\" data-scroll data-scroll-speed=\"\">\n Read more<\/a>\n\t\t\t\t<\/div>\n\t\t\t\t<\/div>\n\t\t\t\t\t<\/div>\n\t\t<\/div>\n\t\t\t\t\t<\/div>\n\t\t<\/section>\n\t\t\t\t<section class=\"elementor-section elementor-top-section elementor-element elementor-element-99de4d8 elementor-section-boxed elementor-section-height-default elementor-section-height-default\" data-id=\"99de4d8\" data-element_type=\"section\" data-e-type=\"section\">\n\t\t\t\t\t\t<div class=\"elementor-container elementor-column-gap-default\">\n\t\t\t\t\t<div class=\"elementor-column elementor-col-100 elementor-top-column elementor-element elementor-element-18263bd\" data-id=\"18263bd\" data-element_type=\"column\" data-e-type=\"column\">\n\t\t\t<div class=\"elementor-widget-wrap elementor-element-populated\">\n\t\t\t\t\t\t<div class=\"elementor-element elementor-element-f30b613 elementor-widget elementor-widget-spacer\" data-id=\"f30b613\" data-element_type=\"widget\" data-e-type=\"widget\" data-widget_type=\"spacer.default\">\n\t\t\t\t<div class=\"elementor-widget-container\">\n\t\t\t\t\t\t\t<div class=\"elementor-spacer\">\n\t\t\t<div class=\"elementor-spacer-inner\"><\/div>\n\t\t<\/div>\n\t\t\t\t\t\t<\/div>\n\t\t\t\t<\/div>\n\t\t\t\t<div class=\"elementor-element elementor-element-f726f3d elementor-widget elementor-widget-heading\" data-id=\"f726f3d\" data-element_type=\"widget\" data-e-type=\"widget\" data-widget_type=\"heading.default\">\n\t\t\t\t<div class=\"elementor-widget-container\">\n\t\t\t\t\t<h2 class=\"elementor-heading-title elementor-size-default\"><span class=\"nadpis-styling\">History of building <span class=\"cervene-nadpisy\">of the Manor House of Dra\u0161kovi\u010d<\/span><\/span><\/h2>\t\t\t\t<\/div>\n\t\t\t\t<\/div>\n\t\t\t\t<div class=\"elementor-element elementor-element-2a904aa elementor-widget elementor-widget-spacer\" data-id=\"2a904aa\" data-element_type=\"widget\" data-e-type=\"widget\" data-widget_type=\"spacer.default\">\n\t\t\t\t<div class=\"elementor-widget-container\">\n\t\t\t\t\t\t\t<div class=\"elementor-spacer\">\n\t\t\t<div class=\"elementor-spacer-inner\"><\/div>\n\t\t<\/div>\n\t\t\t\t\t\t<\/div>\n\t\t\t\t<\/div>\n\t\t\t\t\t<\/div>\n\t\t<\/div>\n\t\t\t\t\t<\/div>\n\t\t<\/section>\n\t\t\t\t<section class=\"elementor-section elementor-top-section elementor-element elementor-element-871a51c elementor-reverse-tablet elementor-reverse-mobile elementor-section-boxed elementor-section-height-default elementor-section-height-default\" data-id=\"871a51c\" data-element_type=\"section\" data-e-type=\"section\">\n\t\t\t\t\t\t<div class=\"elementor-container elementor-column-gap-default\">\n\t\t\t\t\t<div class=\"elementor-column elementor-col-50 elementor-top-column elementor-element elementor-element-52c2add\" data-id=\"52c2add\" data-element_type=\"column\" data-e-type=\"column\">\n\t\t\t<div class=\"elementor-widget-wrap elementor-element-populated\">\n\t\t\t\t\t\t<div class=\"elementor-element elementor-element-567dfa7 elementor-widget elementor-widget-text-box\" data-id=\"567dfa7\" data-element_type=\"widget\" data-e-type=\"widget\" data-widget_type=\"text-box.default\">\n\t\t\t\t<div class=\"elementor-widget-container\">\n\t\t\t\t\t<div class=\"text-box\" data-scroll data-scroll-speed=\"\">\n       <p>The building underwent two major reconstructions: in the 1950s, when the side southwest and northeast wings in a desolate state were removed, and in the 1960s, when it belonged to Jednota and a restaurant was established in a large part of the building. Jednota had three pubs in the building and in 1989, after the end of this function, the building was handed over to the Museum of Tren\u010d\u00edn.<\/p><p>Both of these reconstructions are still visible in the construction and especially in the details of the building and they significantly contribute to the overall interior solution of the manor house.<\/p>    <\/div>\n\t\t\t\t<\/div>\n\t\t\t\t<\/div>\n\t\t\t\t<div class=\"elementor-element elementor-element-ebed91d elementor-widget__width-auto elementor-widget elementor-widget-custom-button\" data-id=\"ebed91d\" data-element_type=\"widget\" data-e-type=\"widget\" data-widget_type=\"custom-button.default\">\n\t\t\t\t<div class=\"elementor-widget-container\">\n\t\t\t\t\t<a href=\"https:\/\/draskovicovkastiel.sk\/en\/historia-vystavby\/\" class=\"custom-button\" data-scroll data-scroll-speed=\"\">\n Read more<\/a>\n\t\t\t\t<\/div>\n\t\t\t\t<\/div>\n\t\t\t\t\t<\/div>\n\t\t<\/div>\n\t\t\t\t<div class=\"elementor-column elementor-col-50 elementor-top-column elementor-element elementor-element-38f31c5\" data-id=\"38f31c5\" data-element_type=\"column\" data-e-type=\"column\" data-settings=\"{&quot;background_background&quot;:&quot;classic&quot;}\">\n\t\t\t<div class=\"elementor-widget-wrap elementor-element-populated\">\n\t\t\t\t\t\t<div class=\"elementor-element elementor-element-f97758c elementor-widget elementor-widget-spacer\" data-id=\"f97758c\" data-element_type=\"widget\" data-e-type=\"widget\" data-widget_type=\"spacer.default\">\n\t\t\t\t<div class=\"elementor-widget-container\">\n\t\t\t\t\t\t\t<div class=\"elementor-spacer\">\n\t\t\t<div class=\"elementor-spacer-inner\"><\/div>\n\t\t<\/div>\n\t\t\t\t\t\t<\/div>\n\t\t\t\t<\/div>\n\t\t\t\t\t<\/div>\n\t\t<\/div>\n\t\t\t\t\t<\/div>\n\t\t<\/section>\n\t\t\t\t<\/div>","protected":false},"excerpt":{"rendered":"<p>Hist\u00f3ria vlastn\u00edctva Dra\u0161kovi\u010dovho ka\u0161tie\u013ea Hist\u00f3ria&nbsp; Dra\u0161kovi\u010dovho&nbsp; ka\u0161tie\u013ea&nbsp; v&nbsp; \u010cachticiach&nbsp; sa&nbsp; datuje&nbsp; od&nbsp; roku&nbsp; 1677 (v niektor\u00fdch zdrojoch sa spom\u00edna aj rok 1668).&nbsp; Ka\u0161tie\u013e bol vybudovan\u00fd&nbsp; na&nbsp; popud&nbsp; chorv\u00e1tskeho&nbsp; \u0161\u013eachtica&nbsp; Mikul\u00e1\u0161a Dra\u0161kovi\u010da, ktor\u00fd sa o\u017eenil s gr\u00f3fkou Barborou Drugethovou, vnu\u010dkou Al\u017ebety B\u00e1toriovej, a po ktorom nesie aj svoj n\u00e1zov. Na za\u010diatku 18. storo\u010dia budovu z\u00edskali Forg\u00e1\u010dovci [&hellip;]<\/p>\n","protected":false},"author":4,"featured_media":0,"parent":0,"menu_order":0,"comment_status":"closed","ping_status":"closed","template":"","meta":{"footnotes":""},"class_list":["post-1888","page","type-page","status-publish","hentry"],"_links":{"self":[{"href":"https:\/\/draskovicovkastiel.sk\/en\/wp-json\/wp\/v2\/pages\/1888","targetHints":{"allow":["GET"]}}],"collection":[{"href":"https:\/\/draskovicovkastiel.sk\/en\/wp-json\/wp\/v2\/pages"}],"about":[{"href":"https:\/\/draskovicovkastiel.sk\/en\/wp-json\/wp\/v2\/types\/page"}],"author":[{"embeddable":true,"href":"https:\/\/draskovicovkastiel.sk\/en\/wp-json\/wp\/v2\/users\/4"}],"replies":[{"embeddable":true,"href":"https:\/\/draskovicovkastiel.sk\/en\/wp-json\/wp\/v2\/comments?post=1888"}],"version-history":[{"count":6,"href":"https:\/\/draskovicovkastiel.sk\/en\/wp-json\/wp\/v2\/pages\/1888\/revisions"}],"predecessor-version":[{"id":3526,"href":"https:\/\/draskovicovkastiel.sk\/en\/wp-json\/wp\/v2\/pages\/1888\/revisions\/3526"}],"wp:attachment":[{"href":"https:\/\/draskovicovkastiel.sk\/en\/wp-json\/wp\/v2\/media?parent=1888"}],"curies":[{"name":"wp","href":"https:\/\/api.w.org\/{rel}","templated":true}]}}